{"id":774378,"date":"2025-08-28T22:57:15","date_gmt":"2025-08-28T19:57:15","guid":{"rendered":"https:\/\/roveyayinevi.com.tr\/index.php\/urun\/dogustan-gelen-sapkin-egilimler-cinsel-davranis-bozuklugu\/"},"modified":"2026-04-16T03:01:17","modified_gmt":"2026-04-16T00:01:17","slug":"dogustan-gelen-sapkin-egilimler-cinsel-davranis-bozuklugu","status":"publish","type":"product","link":"https:\/\/roveyayinevi.com.tr\/index.php\/urun\/dogustan-gelen-sapkin-egilimler-cinsel-davranis-bozuklugu\/","title":{"rendered":"Do\u011fu\u015ftan Gelen Sapk\u0131n E\u011filimler &amp; Cinsel Davran\u0131\u015f Bozuklu\u011fu"},"content":{"rendered":"<p>1850\u2019lerde ba\u015flay\u0131p, 1939\u2019a dek s\u00fcren uzun, bereketli ya\u015fam\u0131nda Freud, D\u00fcnya\u2019ya \u00f6nemli de\u011ferler katm\u0131\u015ft\u0131r. \u00dcnl\u00fc n\u00f6rolog, psikanaliz biliminin kurucusu olarak kabul edilmektedir. Lisede Latince, Frans\u0131zca ve \u0130ngilizce \u00f6\u011frenirken kendi \u00e7abalar\u0131yla \u0130branice, \u0130spanyolca ve \u0130talyanca \u00f6\u011frendi. Ba\u015far\u0131l\u0131, bilgiye a\u00e7 bir \u00f6\u011frenciydi. Goethe&#8217;nin yap\u0131tlar\u0131ndan etkilenerek t\u0131p okumaya karar verdi. Yahudi bir aileden gelen Freud, \u00fcniversite y\u0131llar\u0131nda Yahudi d\u00fc\u015fmanl\u0131\u011f\u0131yla kar\u015f\u0131la\u015ft\u0131, \u00e7evresinden d\u0131\u015fland\u0131. Ancak ya\u015fad\u0131\u011f\u0131 bu sorunlar, onun \u00e7al\u0131\u015fmalar\u0131n\u0131 daha da derinle\u015ftirmesini sa\u011flad\u0131. 1876 y\u0131l\u0131nda fizyolojist Br\u00fccke&#8217;nin laboratuvar\u0131na girdi, burada anatomopatoloji ve insan sinir sistemi \u00fczerine ara\u015ft\u0131rmalar yapt\u0131. 1881&#8217;de t\u0131p \u00f6\u011frenimini bitirdi. 1883&#8217;te d\u00f6nemin \u00fcnl\u00fc beyin anatomisi ve n\u00f6ropatoloji uzman\u0131 Dr. Theodor Meynert&#8217;in y\u00f6netiminde psikiyatri klini\u011finde asistan olarak \u00e7al\u0131\u015fmaya ba\u015flad\u0131. Bilgi a\u00e7l\u0131\u011f\u0131n\u0131 \u00e7ok fazla kitap, bilim i\u00e7in yeni ve ayd\u0131nlat\u0131c\u0131 ke\u015fifler, hastalar i\u00e7inde gidermi\u015ftir. Bu a\u00e7l\u0131\u011f\u0131n meyvelerini 2023 d\u00fcnyas\u0131nda h\u00e2l\u00e2 toplanmaktad\u0131r. K\u0131rm\u0131z\u0131 Ada Yay\u0131nlar\u0131 olarak, Freud\u2019un birbirinden de\u011ferli kitap ve makalelerini derlemek ve bas\u0131yor olmaktan b\u00fcy\u00fck k\u0131van\u00e7 duyuyoruz. <\/p>\n","protected":false},"excerpt":{"rendered":"<p>1850\u2019lerde ba\u015flay\u0131p, 1939\u2019a dek s\u00fcren uzun, bereketli ya\u015fam\u0131nda Freud, D\u00fcnya\u2019ya \u00f6nemli de\u011ferler katm\u0131\u015ft\u0131r. \u00dcnl\u00fc n\u00f6rolog, psikanaliz biliminin kurucusu olarak kabul edilmektedir. Lisede Latince, Frans\u0131zca ve \u0130ngilizce<span class=\"excerpt-hellip\"> [\u2026]<\/span><\/p>\n","protected":false},"featured_media":0,"template":"","meta":{"_monsterinsights_skip_tracking":false,"_monsterinsights_sitenote_active":false,"_monsterinsights_sitenote_note":"","_monsterinsights_sitenote_category":0},"product_brand":[],"product_cat":[12358,12357],"product_tag":[],"class_list":{"0":"post-774378","1":"product","2":"type-product","3":"status-publish","5":"product_cat-genel-psikoloji","6":"product_cat-psikoloji","7":"pa_cilt-ciltsiz","8":"pa_tur-kitap","9":"pa_yayinevi-kirmizi-ada-yayinlari","10":"pa_yazar-sigmund-freud","12":"first","13":"instock","14":"sale","15":"shipping-taxable","16":"purchasable","17":"product-type-simple"},"_links":{"self":[{"href":"https:\/\/roveyayinevi.com.tr\/index.php\/wp-json\/wp\/v2\/product\/774378","targetHints":{"allow":["GET"]}}],"collection":[{"href":"https:\/\/roveyayinevi.com.tr\/index.php\/wp-json\/wp\/v2\/product"}],"about":[{"href":"https:\/\/roveyayinevi.com.tr\/index.php\/wp-json\/wp\/v2\/types\/product"}],"wp:attachment":[{"href":"https:\/\/roveyayinevi.com.tr\/index.php\/wp-json\/wp\/v2\/media?parent=774378"}],"wp:term":[{"taxonomy":"product_brand","embeddable":true,"href":"https:\/\/roveyayinevi.com.tr\/index.php\/wp-json\/wp\/v2\/product_brand?post=774378"},{"taxonomy":"product_cat","embeddable":true,"href":"https:\/\/roveyayinevi.com.tr\/index.php\/wp-json\/wp\/v2\/product_cat?post=774378"},{"taxonomy":"product_tag","embeddable":true,"href":"https:\/\/roveyayinevi.com.tr\/index.php\/wp-json\/wp\/v2\/product_tag?post=774378"}],"curies":[{"name":"wp","href":"https:\/\/api.w.org\/{rel}","templated":true}]}}