{"id":774377,"date":"2025-08-28T22:26:43","date_gmt":"2025-08-28T19:26:43","guid":{"rendered":"https:\/\/roveyayinevi.com.tr\/index.php\/urun\/surdurulebilir-kalkinma-gundeminde-afet-politikalari-ciltli\/"},"modified":"2026-04-16T02:54:53","modified_gmt":"2026-04-15T23:54:53","slug":"surdurulebilir-kalkinma-gundeminde-afet-politikalari-ciltli","status":"publish","type":"product","link":"https:\/\/roveyayinevi.com.tr\/index.php\/urun\/surdurulebilir-kalkinma-gundeminde-afet-politikalari-ciltli\/","title":{"rendered":"S\u00fcrd\u00fcr\u00fclebilir Kalk\u0131nma G\u00fcndeminde Afet Politikalar\u0131 (Ciltli)"},"content":{"rendered":"<p>Literat\u00fcre \u00f6nemli bir katk\u0131 sa\u011flayaca\u011f\u0131 de\u011ferlendirilen bu \u00e7al\u0131\u015fma, 4 ana b\u00f6l\u00fcm ve bu b\u00f6l\u00fcmler alt\u0131nda; alan\u0131nda uzman akademisyenlerin de\u011ferli ve \u00f6zverili emekleri ile v\u00fccuda getirilen birbirinden k\u0131ymetli on alt\u0131 makaleden olu\u015fmaktad\u0131r. Afet risklerini azaltma ve s\u00fcrd\u00fcr\u00fclebilir kalk\u0131nma konular\u0131n\u0131; iklim de\u011fi\u015fikli\u011fi, iklim kaynakl\u0131 kitlesel g\u00f6\u00e7 ve kalk\u0131nma, afetlerde incinebilirlik, afet ve bilgi teknolojilerinin kullan\u0131m\u0131, yerel afet diren\u00e7lili\u011fi, afet ve ileti\u015fim, afetlere haz\u0131rl\u0131k ve e\u011fitim \u00e7al\u0131\u015fmalar\u0131 gibi bir\u00e7ok farkl\u0131 konu ba\u015fl\u0131\u011f\u0131 a\u00e7\u0131s\u0131ndan irdeleyen bu \u00e7al\u0131\u015fman\u0131n en temel hedefi, afet y\u00f6netimi ve kalk\u0131nma konular\u0131n\u0131 yeni fikirler ile desteklemek ve b\u00fct\u00fcnle\u015fik afet y\u00f6netiminde risk odakl\u0131 bir yakla\u015f\u0131m\u0131n yerle\u015fmesine katk\u0131 sa\u011flamakt\u0131r<\/p>\n","protected":false},"excerpt":{"rendered":"<p>Literat\u00fcre \u00f6nemli bir katk\u0131 sa\u011flayaca\u011f\u0131 de\u011ferlendirilen bu \u00e7al\u0131\u015fma, 4 ana b\u00f6l\u00fcm ve bu b\u00f6l\u00fcmler alt\u0131nda; alan\u0131nda uzman akademisyenlerin de\u011ferli ve \u00f6zverili emekleri ile v\u00fccuda getirilen birbirinden<span class=\"excerpt-hellip\"> [\u2026]<\/span><\/p>\n","protected":false},"featured_media":0,"template":"","meta":{"_monsterinsights_skip_tracking":false,"_monsterinsights_sitenote_active":false,"_monsterinsights_sitenote_note":"","_monsterinsights_sitenote_category":0},"product_brand":[],"product_cat":[14787,13488],"product_tag":[],"class_list":{"0":"post-774377","1":"product","2":"type-product","3":"status-publish","5":"product_cat-diger-toplum-ve-insan","6":"product_cat-toplum-ve-insan","7":"pa_cilt-ciltli","8":"pa_tur-kitap","9":"pa_yayinevi-tiav","10":"pa_yazar-kolektif","12":"first","13":"instock","14":"sale","15":"shipping-taxable","16":"purchasable","17":"product-type-simple"},"_links":{"self":[{"href":"https:\/\/roveyayinevi.com.tr\/index.php\/wp-json\/wp\/v2\/product\/774377","targetHints":{"allow":["GET"]}}],"collection":[{"href":"https:\/\/roveyayinevi.com.tr\/index.php\/wp-json\/wp\/v2\/product"}],"about":[{"href":"https:\/\/roveyayinevi.com.tr\/index.php\/wp-json\/wp\/v2\/types\/product"}],"wp:attachment":[{"href":"https:\/\/roveyayinevi.com.tr\/index.php\/wp-json\/wp\/v2\/media?parent=774377"}],"wp:term":[{"taxonomy":"product_brand","embeddable":true,"href":"https:\/\/roveyayinevi.com.tr\/index.php\/wp-json\/wp\/v2\/product_brand?post=774377"},{"taxonomy":"product_cat","embeddable":true,"href":"https:\/\/roveyayinevi.com.tr\/index.php\/wp-json\/wp\/v2\/product_cat?post=774377"},{"taxonomy":"product_tag","embeddable":true,"href":"https:\/\/roveyayinevi.com.tr\/index.php\/wp-json\/wp\/v2\/product_tag?post=774377"}],"curies":[{"name":"wp","href":"https:\/\/api.w.org\/{rel}","templated":true}]}}