{"id":774372,"date":"2025-08-28T22:08:52","date_gmt":"2025-08-28T19:08:52","guid":{"rendered":"https:\/\/roveyayinevi.com.tr\/index.php\/urun\/turkiyede-devletin-toprak-uzerinde-orgutlenmesi\/"},"modified":"2026-04-16T02:52:11","modified_gmt":"2026-04-15T23:52:11","slug":"turkiyede-devletin-toprak-uzerinde-orgutlenmesi","status":"publish","type":"product","link":"https:\/\/roveyayinevi.com.tr\/index.php\/urun\/turkiyede-devletin-toprak-uzerinde-orgutlenmesi\/","title":{"rendered":"T\u00fcrkiye\u2019de Devletin Toprak \u00dczerinde \u00d6rg\u00fctlenmesi"},"content":{"rendered":"<p>T\u00fcrkiye\u2019de Devletin Toprak \u00dczerinde \u00d6rg\u00fctlenmesi, \u201cdevlet egemenlik kurdu\u011fu toprak \u00fczerinde nas\u0131l \u00f6rg\u00fctlenir, neden o \u015fekilde \u00f6rg\u00fctlenir, bu \u00f6rg\u00fctlenme hangi dinamiklerin etkisiyle de\u011fi\u015fir\u201d sorusunu yan\u0131tlamaya \u00e7al\u0131\u015fmaktad\u0131r. Bu \u00e7al\u0131\u015fmada devletin topra\u011fa dayal\u0131 \u00f6rg\u00fctlenme tarz\u0131 toplum bi\u00e7iminin ba\u011f\u0131ml\u0131 de\u011fi\u015fkeni olarak ele al\u0131nm\u0131\u015f, devlet ve toprak ili\u015fkisi iktidar sorunu olarak tan\u0131mlanm\u0131\u015ft\u0131r. Kitap, kamu y\u00f6netiminin ge\u00e7mi\u015fini de i\u00e7eren b\u00fct\u00fcnl\u00fc\u011f\u00fc i\u00e7inde anla\u015f\u0131labilece\u011fi ger\u00e7e\u011finden hareketle iki tarihsel olguya, Osmanl\u0131 ve T\u00fcrkiye \u00f6rneklerine odaklanmaktad\u0131r. \u0130ki \u00f6rnekte de benzer bir sistem izlenmeye \u00f6zen g\u00f6sterilmi\u015ftir. Her alt d\u00f6neme ili\u015fkin incelemede, i\u00e7 dinamiklerle birlikte d\u0131\u015f dinamikler de dikkate al\u0131nm\u0131\u015f, m\u00fclkiyet ili\u015fkileri ve toplumsal yap\u0131 \u00fczerine bir de\u011ferlendirme yap\u0131lm\u0131\u015ft\u0131r. Topra\u011fa dayal\u0131 \u00f6rg\u00fctlenmedeki k\u00f6kl\u00fc d\u00f6n\u00fc\u015f\u00fcmler, iktidar ili\u015fkilerinin yeniden d\u00fczenlenmesine, toplumsal g\u00fc\u00e7ler d\u00fcnyas\u0131nda yeni bir denge ya da akt\u00f6r de\u011fi\u015fimine i\u015faret etmektedir. Bu nedenle topra\u011fa dayal\u0131 \u00f6rg\u00fctleni\u015fi, hukuksal-teknik bir sorun olmaktan \u00f6nce, toplumsal ve siyasal bir sorun olarak tan\u0131mlamak gerekmektedir. T\u00fcrkiye\u2019de Devletin Toprak \u00dczerinde \u00d6rg\u00fctlenmesi, kamu reformlar\u0131 s\u00fcrecine bilimsel bir bak\u0131\u015f geli\u015ftirmenin yan\u0131nda, y\u00f6netim kuram\u0131na da katk\u0131 sa\u011flayabilirse amac\u0131na ula\u015fm\u0131\u015f olacakt\u0131r. <\/p>\n","protected":false},"excerpt":{"rendered":"<p>T\u00fcrkiye\u2019de Devletin Toprak \u00dczerinde \u00d6rg\u00fctlenmesi, \u201cdevlet egemenlik kurdu\u011fu toprak \u00fczerinde nas\u0131l \u00f6rg\u00fctlenir, neden o \u015fekilde \u00f6rg\u00fctlenir, bu \u00f6rg\u00fctlenme hangi dinamiklerin etkisiyle de\u011fi\u015fir\u201d sorusunu yan\u0131tlamaya \u00e7al\u0131\u015fmaktad\u0131r. Bu<span class=\"excerpt-hellip\"> [\u2026]<\/span><\/p>\n","protected":false},"featured_media":0,"template":"","meta":{"_monsterinsights_skip_tracking":false,"_monsterinsights_sitenote_active":false,"_monsterinsights_sitenote_note":"","_monsterinsights_sitenote_category":0},"product_brand":[],"product_cat":[13059,12337],"product_tag":[],"class_list":{"0":"post-774372","1":"product","2":"type-product","3":"status-publish","5":"product_cat-diger-politika-siyaset","6":"product_cat-politika-siyaset","7":"pa_cilt-ciltsiz","8":"pa_tur-kitap","9":"pa_yayinevi-tiav","10":"pa_yazar-nuray-erturk-keskin","12":"first","13":"instock","14":"sale","15":"shipping-taxable","16":"purchasable","17":"product-type-simple"},"_links":{"self":[{"href":"https:\/\/roveyayinevi.com.tr\/index.php\/wp-json\/wp\/v2\/product\/774372","targetHints":{"allow":["GET"]}}],"collection":[{"href":"https:\/\/roveyayinevi.com.tr\/index.php\/wp-json\/wp\/v2\/product"}],"about":[{"href":"https:\/\/roveyayinevi.com.tr\/index.php\/wp-json\/wp\/v2\/types\/product"}],"wp:attachment":[{"href":"https:\/\/roveyayinevi.com.tr\/index.php\/wp-json\/wp\/v2\/media?parent=774372"}],"wp:term":[{"taxonomy":"product_brand","embeddable":true,"href":"https:\/\/roveyayinevi.com.tr\/index.php\/wp-json\/wp\/v2\/product_brand?post=774372"},{"taxonomy":"product_cat","embeddable":true,"href":"https:\/\/roveyayinevi.com.tr\/index.php\/wp-json\/wp\/v2\/product_cat?post=774372"},{"taxonomy":"product_tag","embeddable":true,"href":"https:\/\/roveyayinevi.com.tr\/index.php\/wp-json\/wp\/v2\/product_tag?post=774372"}],"curies":[{"name":"wp","href":"https:\/\/api.w.org\/{rel}","templated":true}]}}