{"id":774371,"date":"2025-08-28T22:07:30","date_gmt":"2025-08-28T19:07:30","guid":{"rendered":"https:\/\/roveyayinevi.com.tr\/index.php\/urun\/en-iyi-terapistim-ben\/"},"modified":"2026-04-14T02:59:45","modified_gmt":"2026-04-13T23:59:45","slug":"en-iyi-terapistim-ben","status":"publish","type":"product","link":"https:\/\/roveyayinevi.com.tr\/index.php\/urun\/en-iyi-terapistim-ben\/","title":{"rendered":"En \u0130yi Terapistim Ben"},"content":{"rendered":"<p>Kendini Tan\u0131mak &#8220;Kendini tan\u0131&#8221; der Socrates\u2026 Kendini tan\u0131 ve kendine ilk \u00f6nce sen yard\u0131m et manas\u0131nda duymak gerekir bu s\u00f6z\u00fc\u2026 \u00c7\u00fcnk\u00fc ruhsal sorunlar\u0131n bilimsel yollarla tedavisi olan psikoterapiye ihtiya\u00e7 duymadan ve bir psikoterapiste ba\u015fvurmadan \u00f6nceki a\u015famalarda, insan kendi kendinin terapisti olabilecek ve ruhsal sorunlar\u0131yla ba\u015f edebilecek beceri ve g\u00fcce sahiptir. \u0130\u015f, bu g\u00fcc\u00fcn ve becerinin nas\u0131l kullan\u0131laca\u011f\u0131n\u0131 bilmekte biter. Bunun da ilk ko\u015fulu &#8220;kendini tan\u0131mak&#8221;t\u0131r. En \u0130yi Terapistim &#8220;Ben&#8221; kendinizi tan\u0131ma s\u00fcrecinizde size rehberlik edecektir. Unutmay\u0131n; hayat\u0131n\u0131z\u0131 kendinizi tan\u0131d\u0131\u011f\u0131n\u0131z \u00f6l\u00e7\u00fcde g\u00fczelle\u015ftirebilirsiniz. -T\u00fcrkiye Psikoterapi ve Psikoterapistler Derne\u011fi (PS\u0130KODER)-Kendi Kendinin Terapisti Olarak \u015eifa Bulmak \u0130\u00e7in Bir K\u0131lavuz En \u0130yi Terapistim &#8220;Ben&#8221;; kendinize d\u0131\u015far\u0131dan bakabilmenizi sa\u011flayan, duygular\u0131n\u0131z\u0131n g\u00fcc\u00fcn\u00fc hissetmenize yard\u0131mc\u0131 olan ve en iyi terapistin kendiniz olabilece\u011fini g\u00f6steren bir ba\u015fvuru kayna\u011f\u0131d\u0131r. En \u0130yi Terapistim &#8220;Ben&#8221;; g\u00fcnl\u00fck ya\u015fant\u0131n\u0131zdan kaynaklanan engelleri a\u015fman\u0131z, i\u00e7inizdeki derin bo\u015flu\u011fu doldurman\u0131z, ruhsal sorunlar\u0131n\u0131z\u0131 \u00e7\u00f6zmeniz, zorluklarla ba\u015fa \u00e7\u0131kabilmeniz, sa\u011fl\u0131kl\u0131 ve mutlu olabilmeniz i\u00e7in bir ba\u015fucu kitab\u0131d\u0131r.En \u0130yi Terapistim &#8220;Ben&#8221; ; sevgiyle, g\u00fc\u00e7le, inan\u00e7la ve istekle kendinizi nas\u0131l yeni ba\u015ftan yarataca\u011f\u0131n\u0131z\u0131 g\u00f6rebilece\u011finiz ve kaderinizi yeniden yazabilece\u011finiz bir \u015fifa kitab\u0131d\u0131r.En \u0130yi Terapistim BEN; &#8220;Ki\u015fi kendine ihanet etti\u011fi i\u00e7in s\u0131k\u0131nt\u0131dad\u0131r ve ancak kendi kendinin terapisti olarak \u015fifa bulabilir!&#8221; mant\u0131\u011f\u0131n\u0131 hayata ge\u00e7irebilmenize yard\u0131mc\u0131 olacak bir k\u0131lavuzdur. -Cinsel Sa\u011fl\u0131k Enstit\u00fcs\u00fc Derne\u011fi (C\u0130SED)-Kendinize bak\u0131\u015f a\u00e7\u0131n\u0131z\u0131 de\u011fi\u015ftirin! Art\u0131k kendinizi ke\u015ffetmenin zaman\u0131 geldi. G\u00f6r\u00fcnen, g\u00f6r\u00fcnmeyeni tan\u0131man\u0131za yard\u0131m eder. Sa\u011fl\u0131k, mutluluk, ba\u015far\u0131 ve t\u00fcm hedeflerinize ula\u015fmak i\u00e7in fark\u0131ndal\u0131\u011f\u0131n\u0131z\u0131 artt\u0131r\u0131n. Ruhunuzun \u015fifrelerini \u00e7\u00f6zd\u00fck\u00e7e fark\u0131ndal\u0131\u011f\u0131n\u0131z artar, i\u00e7inizde yan yana duran karanl\u0131k ve ayd\u0131nl\u0131k y\u00f6nlerinizi ke\u015ffetmeye ba\u015flars\u0131n\u0131z ve i\u00e7sel sesinizi duyabilirsiniz.Einstein&#8217;\u0131n dedi\u011fi gibi; &#8220;Hi\u00e7bir sorun yarat\u0131ld\u0131\u011f\u0131 d\u00fczlemde \u00e7\u00f6z\u00fclemez. Sorunlar\u0131n \u00e7\u00f6z\u00fcm\u00fcn\u00fc g\u00f6rebilmek farkl\u0131 bir d\u00fczlemden bakmay\u0131 gerektirir!&#8221; Farkl\u0131 d\u00fczlemden bakabilmeniz i\u00e7in elinizde tuttu\u011funuz kitab\u0131 hemen okumaya ba\u015flay\u0131n ve gerisini zamana b\u0131rak\u0131n\u2026<\/p>\n","protected":false},"excerpt":{"rendered":"<p>Kendini Tan\u0131mak &#8220;Kendini tan\u0131&#8221; der Socrates\u2026 Kendini tan\u0131 ve kendine ilk \u00f6nce sen yard\u0131m et manas\u0131nda duymak gerekir bu s\u00f6z\u00fc\u2026 \u00c7\u00fcnk\u00fc ruhsal sorunlar\u0131n bilimsel yollarla tedavisi<span class=\"excerpt-hellip\"> [\u2026]<\/span><\/p>\n","protected":false},"featured_media":0,"template":"","meta":{"_monsterinsights_skip_tracking":false,"_monsterinsights_sitenote_active":false,"_monsterinsights_sitenote_note":"","_monsterinsights_sitenote_category":0},"product_brand":[],"product_cat":[14787,13488],"product_tag":[],"class_list":{"0":"post-774371","1":"product","2":"type-product","3":"status-publish","5":"product_cat-diger-toplum-ve-insan","6":"product_cat-toplum-ve-insan","7":"pa_cilt-ciltsiz","8":"pa_tur-kitap","9":"pa_yayinevi-pusula-yayinevi-ankara","10":"pa_yazar-a-cem-kece","12":"first","13":"instock","14":"sale","15":"shipping-taxable","16":"purchasable","17":"product-type-simple"},"_links":{"self":[{"href":"https:\/\/roveyayinevi.com.tr\/index.php\/wp-json\/wp\/v2\/product\/774371","targetHints":{"allow":["GET"]}}],"collection":[{"href":"https:\/\/roveyayinevi.com.tr\/index.php\/wp-json\/wp\/v2\/product"}],"about":[{"href":"https:\/\/roveyayinevi.com.tr\/index.php\/wp-json\/wp\/v2\/types\/product"}],"wp:attachment":[{"href":"https:\/\/roveyayinevi.com.tr\/index.php\/wp-json\/wp\/v2\/media?parent=774371"}],"wp:term":[{"taxonomy":"product_brand","embeddable":true,"href":"https:\/\/roveyayinevi.com.tr\/index.php\/wp-json\/wp\/v2\/product_brand?post=774371"},{"taxonomy":"product_cat","embeddable":true,"href":"https:\/\/roveyayinevi.com.tr\/index.php\/wp-json\/wp\/v2\/product_cat?post=774371"},{"taxonomy":"product_tag","embeddable":true,"href":"https:\/\/roveyayinevi.com.tr\/index.php\/wp-json\/wp\/v2\/product_tag?post=774371"}],"curies":[{"name":"wp","href":"https:\/\/api.w.org\/{rel}","templated":true}]}}