{"id":774370,"date":"2025-08-28T21:56:56","date_gmt":"2025-08-28T18:56:56","guid":{"rendered":"https:\/\/roveyayinevi.com.tr\/index.php\/urun\/descartesin-yanilgisi\/"},"modified":"2026-04-16T02:48:51","modified_gmt":"2026-04-15T23:48:51","slug":"descartesin-yanilgisi","status":"publish","type":"product","link":"https:\/\/roveyayinevi.com.tr\/index.php\/urun\/descartesin-yanilgisi\/","title":{"rendered":"Descartes\u2019\u0131n Yan\u0131lg\u0131s\u0131"},"content":{"rendered":"<p>Descartes\u2019\u0131n, \u00e7ok iyi bilinen \u201cD\u00fc\u015f\u00fcn\u00fcyorum, \u00f6yleyse var\u0131m\u201d s\u00f6ylemini dile getirdi\u011fi y\u00fczy\u0131ldan bu yana bilim, bireyin ger\u00e7ek varl\u0131\u011f\u0131n\u0131n kayna\u011f\u0131 olarak duygular\u0131 \u00e7o\u011funlukla g\u00f6z ard\u0131 etmi\u015ftir. Modern sinirbilimi bile yak\u0131n bir zamana kadar duygular yerine beyin fonksiyonlar\u0131n\u0131n bili\u015fsel taraf\u0131na odaklanma e\u011filimi g\u00f6stermi\u015ftir. Ancak, Descartes\u2019\u0131n Yan\u0131lg\u0131s\u0131 eserinin yay\u0131nlanmas\u0131yla birlikte bu tutum de\u011fi\u015fmeye ba\u015flam\u0131\u015ft\u0131r. \u201cD\u00fcnyan\u0131n \u00f6nde gelen n\u00f6rologlar\u0131ndan biri olan\u201d (New York Times) Antonio Damasio, duygular ile rasyonalite aras\u0131ndaki ba\u011flant\u0131ya ili\u015fkin geleneksel d\u00fc\u015f\u00fcncelere bu eserinde kar\u015f\u0131 \u00e7\u0131km\u0131\u015ft\u0131r. Olduk\u00e7a s\u00fcr\u00fckleyici olan bu kitab\u0131nda Damasio, hepimizin uzun zamand\u0131r \u015f\u00fcphe etti\u011fi \u015feyi -yani duygular bir l\u00fcks de\u011fildir, aksine rasyonel d\u00fc\u015f\u00fcnce ve normal sosyal davran\u0131\u015flar i\u00e7in gereklidir s\u00f6ylemini- vaka \u00e7al\u0131\u015fmalar\u0131 yoluyla sergilerken okuru bilimsel bir ke\u015fif yolculu\u011funa \u00e7\u0131kar\u0131yor.<\/p>\n","protected":false},"excerpt":{"rendered":"<p>Descartes\u2019\u0131n, \u00e7ok iyi bilinen \u201cD\u00fc\u015f\u00fcn\u00fcyorum, \u00f6yleyse var\u0131m\u201d s\u00f6ylemini dile getirdi\u011fi y\u00fczy\u0131ldan bu yana bilim, bireyin ger\u00e7ek varl\u0131\u011f\u0131n\u0131n kayna\u011f\u0131 olarak duygular\u0131 \u00e7o\u011funlukla g\u00f6z ard\u0131 etmi\u015ftir. Modern sinirbilimi<span class=\"excerpt-hellip\"> [\u2026]<\/span><\/p>\n","protected":false},"featured_media":0,"template":"","meta":{"_monsterinsights_skip_tracking":false,"_monsterinsights_sitenote_active":false,"_monsterinsights_sitenote_note":"","_monsterinsights_sitenote_category":0},"product_brand":[],"product_cat":[13005,15998],"product_tag":[],"class_list":{"0":"post-774370","1":"product","2":"type-product","3":"status-publish","5":"product_cat-bilim-muhendislik","6":"product_cat-bilim-tarihi","7":"pa_cilt-ciltsiz","8":"pa_tur-kitap","9":"pa_yayinevi-odtu-gelistirme-vakfi-yayincilik","10":"pa_yazar-antonio-damasio","12":"first","13":"instock","14":"sale","15":"shipping-taxable","16":"purchasable","17":"product-type-simple"},"_links":{"self":[{"href":"https:\/\/roveyayinevi.com.tr\/index.php\/wp-json\/wp\/v2\/product\/774370","targetHints":{"allow":["GET"]}}],"collection":[{"href":"https:\/\/roveyayinevi.com.tr\/index.php\/wp-json\/wp\/v2\/product"}],"about":[{"href":"https:\/\/roveyayinevi.com.tr\/index.php\/wp-json\/wp\/v2\/types\/product"}],"wp:attachment":[{"href":"https:\/\/roveyayinevi.com.tr\/index.php\/wp-json\/wp\/v2\/media?parent=774370"}],"wp:term":[{"taxonomy":"product_brand","embeddable":true,"href":"https:\/\/roveyayinevi.com.tr\/index.php\/wp-json\/wp\/v2\/product_brand?post=774370"},{"taxonomy":"product_cat","embeddable":true,"href":"https:\/\/roveyayinevi.com.tr\/index.php\/wp-json\/wp\/v2\/product_cat?post=774370"},{"taxonomy":"product_tag","embeddable":true,"href":"https:\/\/roveyayinevi.com.tr\/index.php\/wp-json\/wp\/v2\/product_tag?post=774370"}],"curies":[{"name":"wp","href":"https:\/\/api.w.org\/{rel}","templated":true}]}}