{"id":774369,"date":"2025-08-28T21:26:01","date_gmt":"2025-08-28T18:26:01","guid":{"rendered":"https:\/\/roveyayinevi.com.tr\/index.php\/urun\/karinca-kardo\/"},"modified":"2026-04-16T02:41:34","modified_gmt":"2026-04-15T23:41:34","slug":"karinca-kardo","status":"publish","type":"product","link":"https:\/\/roveyayinevi.com.tr\/index.php\/urun\/karinca-kardo\/","title":{"rendered":"Kar\u0131nca Kardo"},"content":{"rendered":"<p>Merakl\u0131 ikizler Ali ve Ay\u015fe do\u011fan\u0131n sesine kulak verip Kardo\u2019nun pe\u015fine tak\u0131l\u0131yorlar. Kardo kim mi? Sevimli mi sevimli, dost canl\u0131s\u0131 bir antenli: Kar\u0131nca Kardo. Yer alt\u0131n\u0131n derinliklerinde, kar\u0131nca yuvalar\u0131ndan \u00f6r\u00fclm\u00fc\u015f gizemli bir labirentte yolculu\u011fa \u00e7\u0131kan Ali ve Ay\u015fe\u2019ye kat\u0131lmaya ne dersiniz? Arkada\u015fl\u0131k ve karde\u015flik kavramlar\u0131n\u0131 peki\u015ftirirken, bir yandan da kar\u0131ncalar\u0131n ya\u015famlar\u0131 hakk\u0131ndaki gizemleri ke\u015ffedeceksiniz.<\/p>\n","protected":false},"excerpt":{"rendered":"<p>Merakl\u0131 ikizler Ali ve Ay\u015fe do\u011fan\u0131n sesine kulak verip Kardo\u2019nun pe\u015fine tak\u0131l\u0131yorlar. Kardo kim mi? Sevimli mi sevimli, dost canl\u0131s\u0131 bir antenli: Kar\u0131nca Kardo. Yer alt\u0131n\u0131n<span class=\"excerpt-hellip\"> [\u2026]<\/span><\/p>\n","protected":false},"featured_media":0,"template":"","meta":{"_monsterinsights_skip_tracking":false,"_monsterinsights_sitenote_active":false,"_monsterinsights_sitenote_note":"","_monsterinsights_sitenote_category":0},"product_brand":[],"product_cat":[12913,12274],"product_tag":[],"class_list":{"0":"post-774369","1":"product","2":"type-product","3":"status-publish","5":"product_cat-3-6-yas-kitaplari","6":"product_cat-cocuk-ve-genclik-kitaplari","7":"pa_cilt-ciltsiz","8":"pa_tur-kitap","9":"pa_yayinevi-ucanfil-ozel-urun","10":"pa_yazar-melike-ilgun","12":"first","13":"instock","14":"sale","15":"shipping-taxable","16":"purchasable","17":"product-type-simple"},"_links":{"self":[{"href":"https:\/\/roveyayinevi.com.tr\/index.php\/wp-json\/wp\/v2\/product\/774369","targetHints":{"allow":["GET"]}}],"collection":[{"href":"https:\/\/roveyayinevi.com.tr\/index.php\/wp-json\/wp\/v2\/product"}],"about":[{"href":"https:\/\/roveyayinevi.com.tr\/index.php\/wp-json\/wp\/v2\/types\/product"}],"wp:attachment":[{"href":"https:\/\/roveyayinevi.com.tr\/index.php\/wp-json\/wp\/v2\/media?parent=774369"}],"wp:term":[{"taxonomy":"product_brand","embeddable":true,"href":"https:\/\/roveyayinevi.com.tr\/index.php\/wp-json\/wp\/v2\/product_brand?post=774369"},{"taxonomy":"product_cat","embeddable":true,"href":"https:\/\/roveyayinevi.com.tr\/index.php\/wp-json\/wp\/v2\/product_cat?post=774369"},{"taxonomy":"product_tag","embeddable":true,"href":"https:\/\/roveyayinevi.com.tr\/index.php\/wp-json\/wp\/v2\/product_tag?post=774369"}],"curies":[{"name":"wp","href":"https:\/\/api.w.org\/{rel}","templated":true}]}}