{"id":774368,"date":"2025-08-28T21:21:32","date_gmt":"2025-08-28T18:21:32","guid":{"rendered":"https:\/\/roveyayinevi.com.tr\/index.php\/urun\/zamanda-yolculuk-2\/"},"modified":"2026-04-16T02:40:48","modified_gmt":"2026-04-15T23:40:48","slug":"zamanda-yolculuk-2","status":"publish","type":"product","link":"https:\/\/roveyayinevi.com.tr\/index.php\/urun\/zamanda-yolculuk-2\/","title":{"rendered":"Zamanda Yolculuk"},"content":{"rendered":"<p>G\u00fcne\u015fteki f\u0131rt\u0131nalar ve k\u00fcresel \u0131s\u0131nmadan dolay\u0131 neredeyse ya\u015fanmaz h\u00e2le gelmi\u015f bir d\u00fcnya d\u00fc\u015f\u00fcn\u00fcn. Bu d\u00fcnyada insanlar, so\u011futucular\u0131n s\u00fcrekli serinletti\u011fi \u00e7irkin ve gri renkli binalar\u0131n d\u0131\u015f\u0131na \u00e7\u0131kamaz; \u00e7\u00fcnk\u00fc d\u0131\u015far\u0131da ortal\u0131\u011f\u0131 kavuran bir s\u0131cakl\u0131k ve g\u00fcne\u015f vard\u0131r sadece. Ama Ada, k\u00fc\u00e7\u00fck bir k\u0131z \u00e7ocu\u011fu olmas\u0131na ra\u011fmen, bu durumu de\u011fi\u015ftirmek ister, ola\u011fan\u00fcst\u00fc yolculuklara \u00e7\u0131kar ve sonunda hayallerini ger\u00e7ekle\u015ftirir.     &#8220;Zaman&#8230; Ne sihirli bir s\u00f6zc\u00fck! Kahraman\u0131m\u0131z Ada, her yerin gri oldu\u011fu bir d\u00fcnyada ve zamanda ya\u015f\u0131yor. Ada, bu grili\u011fin sebebini \u00f6\u011frenmek istiyor \u00e7ok s\u0131k\u0131ld\u0131\u011f\u0131 bu renkten kurtulmak i\u00e7in merakla ara\u015ft\u0131rma yap\u0131yor. Bu \u00e7al\u0131\u015fmas\u0131nda yard\u0131mc\u0131lar\u0131 da var tabii ki: B\u00fcy\u00fckannesi, bir ku\u015f, bir zaman makinesi, Oturan Bo\u011fa ve di\u011ferleri. Ada ve arkada\u015f oldu\u011fu ku\u015f, ara\u015ft\u0131rmalar\u0131yla d\u00fcnyay\u0131 bu grilikten kurtar\u0131yor, \u00e7\u0131kt\u0131\u011f\u0131 yolculuklarla sorular\u0131n\u0131n yan\u0131tlar\u0131n\u0131 buluyor. Buyolculuklarda, bir yandan e\u011flenmeyi ke\u015ffederken yeni \u015feyler \u00f6\u011freniyor, \u00f6\u011fretiyor.&#8221; &#8211;      Seda Ke\u00e7e-T\u00fcrk\u00e7e \u00d6\u011fretmeni <\/p>\n","protected":false},"excerpt":{"rendered":"<p>G\u00fcne\u015fteki f\u0131rt\u0131nalar ve k\u00fcresel \u0131s\u0131nmadan dolay\u0131 neredeyse ya\u015fanmaz h\u00e2le gelmi\u015f bir d\u00fcnya d\u00fc\u015f\u00fcn\u00fcn. Bu d\u00fcnyada insanlar, so\u011futucular\u0131n s\u00fcrekli serinletti\u011fi \u00e7irkin ve gri renkli binalar\u0131n d\u0131\u015f\u0131na \u00e7\u0131kamaz;<span class=\"excerpt-hellip\"> [\u2026]<\/span><\/p>\n","protected":false},"featured_media":0,"template":"","meta":{"_monsterinsights_skip_tracking":false,"_monsterinsights_sitenote_active":false,"_monsterinsights_sitenote_note":"","_monsterinsights_sitenote_category":0},"product_brand":[],"product_cat":[12275,12274],"product_tag":[],"class_list":{"0":"post-774368","1":"product","2":"type-product","3":"status-publish","5":"product_cat-6-12-yas-kitaplari","6":"product_cat-cocuk-ve-genclik-kitaplari","7":"pa_cilt-ciltsiz","8":"pa_tur-kitap","9":"pa_yayinevi-epsilon-ozel-urun","10":"pa_yazar-banu-bozdemir","12":"first","13":"instock","14":"sale","15":"shipping-taxable","16":"purchasable","17":"product-type-simple"},"_links":{"self":[{"href":"https:\/\/roveyayinevi.com.tr\/index.php\/wp-json\/wp\/v2\/product\/774368","targetHints":{"allow":["GET"]}}],"collection":[{"href":"https:\/\/roveyayinevi.com.tr\/index.php\/wp-json\/wp\/v2\/product"}],"about":[{"href":"https:\/\/roveyayinevi.com.tr\/index.php\/wp-json\/wp\/v2\/types\/product"}],"wp:attachment":[{"href":"https:\/\/roveyayinevi.com.tr\/index.php\/wp-json\/wp\/v2\/media?parent=774368"}],"wp:term":[{"taxonomy":"product_brand","embeddable":true,"href":"https:\/\/roveyayinevi.com.tr\/index.php\/wp-json\/wp\/v2\/product_brand?post=774368"},{"taxonomy":"product_cat","embeddable":true,"href":"https:\/\/roveyayinevi.com.tr\/index.php\/wp-json\/wp\/v2\/product_cat?post=774368"},{"taxonomy":"product_tag","embeddable":true,"href":"https:\/\/roveyayinevi.com.tr\/index.php\/wp-json\/wp\/v2\/product_tag?post=774368"}],"curies":[{"name":"wp","href":"https:\/\/api.w.org\/{rel}","templated":true}]}}