{"id":774367,"date":"2025-08-28T21:21:16","date_gmt":"2025-08-28T18:21:16","guid":{"rendered":"https:\/\/roveyayinevi.com.tr\/index.php\/urun\/cesur-yurekli-saskolozlar\/"},"modified":"2026-04-16T02:40:47","modified_gmt":"2026-04-15T23:40:47","slug":"cesur-yurekli-saskolozlar","status":"publish","type":"product","link":"https:\/\/roveyayinevi.com.tr\/index.php\/urun\/cesur-yurekli-saskolozlar\/","title":{"rendered":"Cesur Y\u00fcrekli \u015ea\u015fkolozlar"},"content":{"rendered":"<p>G\u00fc\u00e7l\u00fc, mutlu bir bek\u00e7i k\u00f6pe\u011fidir. Ancak g\u00fcn\u00fcn birinde ans\u0131z\u0131n, sahibi Tuna taraf\u0131ndan yaln\u0131z b\u0131rak\u0131l\u0131r. Kendisini terk edilmi\u015f hisseder G\u00fc\u00e7l\u00fc, i\u015fin asl\u0131 \u00f6yle olmasa da. Tuna&#8217;ya k\u00fcser, hatta k\u0131zar, dar\u0131l\u0131r. \u0130\u00e7inden Tuna&#8217;y\u0131 aramak, onun pe\u015finden gitmek gelse de, gururu buna engel olur ilkin. Fakat bir s\u00fcre sonra, gururu k\u0131r\u0131lmadan Tuna&#8217;n\u0131n izini s\u00fcrebilmenin bir yolunu bulur. Ancak yaln\u0131z de\u011fildir G\u00fc\u00e7l\u00fc; k\u00f6pek dostu Boncuk da yan\u0131ndad\u0131r. G\u00fc\u00e7l\u00fc ve Boncuk, zaman zaman tehlikeli, zaman zaman e\u011flenceli anlar ya\u015fayacaklar\u0131 bir yolculu\u011fa \u00e7\u0131karlar; onlara bir K-9 ile bir sokak k\u00f6pe\u011fi de e\u015flik eder.   Ve macera ba\u015flar&#8230;   &#8220;Uzun ve sonu belli olmayan bir yolculuk&#8230; Kim i\u00e7in ve ne u\u011fruna? Peki,bunu kim g\u00f6ze olabilir? Bu sorular\u0131n yan\u0131tlar\u0131n\u0131 eskimeyen, hi\u00e7 bitmeyen bir dostlukta bulacaks\u0131n\u0131z; sad\u0131k bir dostta&#8230; G\u00fc\u00e7l\u00fc de&#8230; G\u00fc\u00e7l\u00fc&#8217;y\u00fc tan\u0131d\u0131k\u00e7a Tuna&#8217;n\u0131n ne kadar \u015fansl\u0131 bir \u00e7ocuk oldu\u011funu d\u00fc\u015f\u00fcnecek ve G\u00fc\u00e7l\u00fc gibi sad\u0131k bir dosta sahip olmak i\u00e7in sab\u0131rs\u0131zlanacaks\u0131n\u0131z! Dostlu\u011fun \u00f6nemini ve ger\u00e7ek bir dostun s\u0131cakl\u0131\u011f\u0131n\u0131 hissedece\u011finiz bir yolculuk hik\u00e2yesi i\u00e7in hemen okumaya koyulun!\u201d &#8211;      Ay\u015fen Beypars &#8211; T\u00fcrk\u00e7e \u00d6\u011fretmeni <\/p>\n","protected":false},"excerpt":{"rendered":"<p>G\u00fc\u00e7l\u00fc, mutlu bir bek\u00e7i k\u00f6pe\u011fidir. Ancak g\u00fcn\u00fcn birinde ans\u0131z\u0131n, sahibi Tuna taraf\u0131ndan yaln\u0131z b\u0131rak\u0131l\u0131r. Kendisini terk edilmi\u015f hisseder G\u00fc\u00e7l\u00fc, i\u015fin asl\u0131 \u00f6yle olmasa da. Tuna&#8217;ya k\u00fcser,<span class=\"excerpt-hellip\"> [\u2026]<\/span><\/p>\n","protected":false},"featured_media":0,"template":"","meta":{"_monsterinsights_skip_tracking":false,"_monsterinsights_sitenote_active":false,"_monsterinsights_sitenote_note":"","_monsterinsights_sitenote_category":0},"product_brand":[],"product_cat":[12275,12274],"product_tag":[],"class_list":{"0":"post-774367","1":"product","2":"type-product","3":"status-publish","5":"product_cat-6-12-yas-kitaplari","6":"product_cat-cocuk-ve-genclik-kitaplari","7":"pa_cilt-ciltsiz","8":"pa_tur-kitap","9":"pa_yayinevi-epsilon-ozel-urun","10":"pa_yazar-renan-ozdemir","12":"first","13":"instock","14":"sale","15":"shipping-taxable","16":"purchasable","17":"product-type-simple"},"_links":{"self":[{"href":"https:\/\/roveyayinevi.com.tr\/index.php\/wp-json\/wp\/v2\/product\/774367","targetHints":{"allow":["GET"]}}],"collection":[{"href":"https:\/\/roveyayinevi.com.tr\/index.php\/wp-json\/wp\/v2\/product"}],"about":[{"href":"https:\/\/roveyayinevi.com.tr\/index.php\/wp-json\/wp\/v2\/types\/product"}],"wp:attachment":[{"href":"https:\/\/roveyayinevi.com.tr\/index.php\/wp-json\/wp\/v2\/media?parent=774367"}],"wp:term":[{"taxonomy":"product_brand","embeddable":true,"href":"https:\/\/roveyayinevi.com.tr\/index.php\/wp-json\/wp\/v2\/product_brand?post=774367"},{"taxonomy":"product_cat","embeddable":true,"href":"https:\/\/roveyayinevi.com.tr\/index.php\/wp-json\/wp\/v2\/product_cat?post=774367"},{"taxonomy":"product_tag","embeddable":true,"href":"https:\/\/roveyayinevi.com.tr\/index.php\/wp-json\/wp\/v2\/product_tag?post=774367"}],"curies":[{"name":"wp","href":"https:\/\/api.w.org\/{rel}","templated":true}]}}