{"id":774366,"date":"2025-08-28T20:49:59","date_gmt":"2025-08-28T17:49:59","guid":{"rendered":"https:\/\/roveyayinevi.com.tr\/index.php\/urun\/ah-tutku-beni-oldurur-musun\/"},"modified":"2026-04-16T02:35:27","modified_gmt":"2026-04-15T23:35:27","slug":"ah-tutku-beni-oldurur-musun","status":"publish","type":"product","link":"https:\/\/roveyayinevi.com.tr\/index.php\/urun\/ah-tutku-beni-oldurur-musun\/","title":{"rendered":"Ah Tutku Beni \u00d6ld\u00fcr\u00fcr m\u00fcs\u00fcn"},"content":{"rendered":"<p>\u201cBelki hik\u00e2yeleri b\u00fcy\u00fcl\u00fc k\u0131lan da buydu; herkesin beyninde, ayn\u0131 \u015feyi anlatt\u0131\u011f\u0131 san\u0131lan ama asl\u0131nda bamba\u015fka olan bir film makaras\u0131n\u0131n d\u00f6n\u00fcyor olmas\u0131&#8230;\u201d K\u00f6kl\u00fc ve zengin bir aile olan Mabeyino\u011fullar\u0131\u2019n\u0131n Ortak\u00f6y\u2019deki apartman\u0131 bir s\u00fcredir esrarl\u0131 olaylar\u0131n merkezidir: Dedenin \u00f6l\u00fcm\u00fc ve aile fertlerinin ge\u00e7irdi\u011fi gizemli bir kazadan sonra apartmandaki kirac\u0131lar bu tekinsiz binay\u0131 terk edip gitmi\u015ftir. Yine de Mabeyino\u011fullar\u0131\u2019n\u0131n bah\u00e7e kat\u0131ndaki dairesine farkl\u0131 ama\u00e7lar i\u00e7in girip \u00e7\u0131kanlar kendilerini ailenin etraf\u0131n\u0131 saran gizemden kurtaramazlar. Dedikodular\u0131n, maddi h\u0131rslar\u0131n\u0131n ve tutkular\u0131n\u0131n pe\u015fine d\u00fc\u015fen iki gen\u00e7 adam, \u201cperili\u201d evin davetli ya da davetsiz misafiri olarak kendilerini tuhaf, \u00fcrpertici olaylar\u0131n ortas\u0131nda bulurlar.   Cahide Birg\u00fcl, al\u0131\u015f\u0131ld\u0131k polisiye tarz\u0131yla insan ruhunun en karanl\u0131k k\u00f6\u015felerine inerek bizlere hem kendi ger\u00e7ekli\u011fimizi g\u00f6steriyor hem de gerilimi hi\u00e7 yat\u0131\u015fmayan bir anlat\u0131yla T\u00fcrk\u00e7e edebiyata soluksuz okunacak bir roman arma\u011fan ediyor<\/p>\n","protected":false},"excerpt":{"rendered":"<p>\u201cBelki hik\u00e2yeleri b\u00fcy\u00fcl\u00fc k\u0131lan da buydu; herkesin beyninde, ayn\u0131 \u015feyi anlatt\u0131\u011f\u0131 san\u0131lan ama asl\u0131nda bamba\u015fka olan bir film makaras\u0131n\u0131n d\u00f6n\u00fcyor olmas\u0131&#8230;\u201d K\u00f6kl\u00fc ve zengin bir aile<span class=\"excerpt-hellip\"> [\u2026]<\/span><\/p>\n","protected":false},"featured_media":0,"template":"","meta":{"_monsterinsights_skip_tracking":false,"_monsterinsights_sitenote_active":false,"_monsterinsights_sitenote_note":"","_monsterinsights_sitenote_category":0},"product_brand":[],"product_cat":[12291,50487],"product_tag":[],"class_list":{"0":"post-774366","1":"product","2":"type-product","3":"status-publish","5":"product_cat-edebiyat","6":"product_cat-kurgu","7":"pa_cilt-ciltsiz","8":"pa_tur-kitap","9":"pa_yayinevi-kafka-yayinevi","10":"pa_yazar-cahide-birgul","12":"first","13":"instock","14":"sale","15":"shipping-taxable","16":"purchasable","17":"product-type-simple"},"_links":{"self":[{"href":"https:\/\/roveyayinevi.com.tr\/index.php\/wp-json\/wp\/v2\/product\/774366","targetHints":{"allow":["GET"]}}],"collection":[{"href":"https:\/\/roveyayinevi.com.tr\/index.php\/wp-json\/wp\/v2\/product"}],"about":[{"href":"https:\/\/roveyayinevi.com.tr\/index.php\/wp-json\/wp\/v2\/types\/product"}],"wp:attachment":[{"href":"https:\/\/roveyayinevi.com.tr\/index.php\/wp-json\/wp\/v2\/media?parent=774366"}],"wp:term":[{"taxonomy":"product_brand","embeddable":true,"href":"https:\/\/roveyayinevi.com.tr\/index.php\/wp-json\/wp\/v2\/product_brand?post=774366"},{"taxonomy":"product_cat","embeddable":true,"href":"https:\/\/roveyayinevi.com.tr\/index.php\/wp-json\/wp\/v2\/product_cat?post=774366"},{"taxonomy":"product_tag","embeddable":true,"href":"https:\/\/roveyayinevi.com.tr\/index.php\/wp-json\/wp\/v2\/product_tag?post=774366"}],"curies":[{"name":"wp","href":"https:\/\/api.w.org\/{rel}","templated":true}]}}