{"id":774365,"date":"2025-08-28T20:30:04","date_gmt":"2025-08-28T17:30:04","guid":{"rendered":"https:\/\/roveyayinevi.com.tr\/index.php\/urun\/osmanli-devletinde-icislerinin-yonetimi-sadaret-kethudaligi\/"},"modified":"2026-04-16T02:32:26","modified_gmt":"2026-04-15T23:32:26","slug":"osmanli-devletinde-icislerinin-yonetimi-sadaret-kethudaligi","status":"publish","type":"product","link":"https:\/\/roveyayinevi.com.tr\/index.php\/urun\/osmanli-devletinde-icislerinin-yonetimi-sadaret-kethudaligi\/","title":{"rendered":"Osmanl\u0131 Devletinde \u0130\u00e7i\u015flerinin Y\u00f6netimi &#8211; Sadaret Keth\u00fcdal\u0131\u011f\u0131"},"content":{"rendered":"<p>Osmanl\u0131 Devleti kurulu\u015fundan itibaren 17. Y\u00fczy\u0131l ortalar\u0131na kadar m\u00fclki i\u015flerini mevcut kurumlar\u0131n\u0131n ortak tutum ve icraas\u0131yla y\u00f6netme yolunu tercih etti. Bunu da Divan-\u0131 h\u00fcmayun ismi verilen y\u00f6netim ayg\u0131t\u0131 vas\u0131tas\u0131yla yapt\u0131. Bahsi ge\u00e7en y\u00fczy\u0131l ortalar\u0131ndan ba\u015flayarak 18. Y\u00fczy\u0131l ba\u015flar\u0131na kadar sarkan bir d\u00f6nemde ise yava\u015f yava\u015f devlet y\u00f6netiminde daha bran\u015fla\u015fm\u0131\u015f ve uzmanla\u015fm\u0131\u015f birimleri olu\u015fturdu ve geli\u015ftirdi. Bunlardan birisi de daha \u00e7ok i\u00e7i\u015flerine odaklanm\u0131\u015f olan Sadaret Keth\u00fcdal\u0131\u011f\u0131 idi. Sadaret Keth\u00fcdal\u0131\u011f\u0131 daha \u00f6nceki d\u00f6nemlerde bir memuriyet \u015feklinde mevcut olmakla birlikte bu d\u00f6nemden sonra olduk\u00e7a geni\u015flemi\u015f bir daire ve b\u00fcro halini ald\u0131. Bu kitapta daha \u00e7ok kurumun bir daire haline geli\u015fi ve sonras\u0131 \u00fczerine yo\u011funla\u015f\u0131lm\u0131\u015ft\u0131r. B\u00f6ylece Osmanl\u0131 Devleti\u2019nde i\u00e7i\u015fleri y\u00f6netiminin geli\u015fimi ve u\u011fram\u0131\u015f oldu\u011fu de\u011fi\u015fim, devletin klasik d\u00f6neminin (1300-1600) sonundan itibaren yakla\u015f\u0131k olarak Tanzimat d\u00f6neminin ba\u015flar\u0131na kadar (1839) ta\u015f\u0131narak ortaya konulmaya \u00e7al\u0131\u015f\u0131lm\u0131\u015ft\u0131r.  <\/p>\n","protected":false},"excerpt":{"rendered":"<p>Osmanl\u0131 Devleti kurulu\u015fundan itibaren 17. Y\u00fczy\u0131l ortalar\u0131na kadar m\u00fclki i\u015flerini mevcut kurumlar\u0131n\u0131n ortak tutum ve icraas\u0131yla y\u00f6netme yolunu tercih etti. Bunu da Divan-\u0131 h\u00fcmayun ismi verilen<span class=\"excerpt-hellip\"> [\u2026]<\/span><\/p>\n","protected":false},"featured_media":0,"template":"","meta":{"_monsterinsights_skip_tracking":false,"_monsterinsights_sitenote_active":false,"_monsterinsights_sitenote_note":"","_monsterinsights_sitenote_category":0},"product_brand":[],"product_cat":[13517,12304],"product_tag":[],"class_list":{"0":"post-774365","1":"product","2":"type-product","3":"status-publish","5":"product_cat-osmanli-tarihi","6":"product_cat-tarih","7":"pa_cilt-ciltsiz","8":"pa_tur-kitap","9":"pa_yayinevi-tiav","10":"pa_yazar-muzaffer-dogan","12":"first","13":"instock","14":"sale","15":"shipping-taxable","16":"purchasable","17":"product-type-simple"},"_links":{"self":[{"href":"https:\/\/roveyayinevi.com.tr\/index.php\/wp-json\/wp\/v2\/product\/774365","targetHints":{"allow":["GET"]}}],"collection":[{"href":"https:\/\/roveyayinevi.com.tr\/index.php\/wp-json\/wp\/v2\/product"}],"about":[{"href":"https:\/\/roveyayinevi.com.tr\/index.php\/wp-json\/wp\/v2\/types\/product"}],"wp:attachment":[{"href":"https:\/\/roveyayinevi.com.tr\/index.php\/wp-json\/wp\/v2\/media?parent=774365"}],"wp:term":[{"taxonomy":"product_brand","embeddable":true,"href":"https:\/\/roveyayinevi.com.tr\/index.php\/wp-json\/wp\/v2\/product_brand?post=774365"},{"taxonomy":"product_cat","embeddable":true,"href":"https:\/\/roveyayinevi.com.tr\/index.php\/wp-json\/wp\/v2\/product_cat?post=774365"},{"taxonomy":"product_tag","embeddable":true,"href":"https:\/\/roveyayinevi.com.tr\/index.php\/wp-json\/wp\/v2\/product_tag?post=774365"}],"curies":[{"name":"wp","href":"https:\/\/api.w.org\/{rel}","templated":true}]}}