{"id":774364,"date":"2025-08-28T20:27:46","date_gmt":"2025-08-28T17:27:46","guid":{"rendered":"https:\/\/roveyayinevi.com.tr\/index.php\/urun\/kral-sakir-muhtisim-egitici-kartlar-ingilizce-hayvanlar\/"},"modified":"2026-04-16T02:32:15","modified_gmt":"2026-04-15T23:32:15","slug":"kral-sakir-muhtisim-egitici-kartlar-ingilizce-hayvanlar","status":"publish","type":"product","link":"https:\/\/roveyayinevi.com.tr\/index.php\/urun\/kral-sakir-muhtisim-egitici-kartlar-ingilizce-hayvanlar\/","title":{"rendered":"Kral \u015eakir Muhti\u015fim E\u011fitici Kartlar \u0130ngilizce Hayvanlar"},"content":{"rendered":"<p>Muhti\u015fim E\u011fitici Kartlar!Hem De Artt\u0131r\u0131lm\u0131\u015f Ger\u00e7eklikle!Selam Arkada\u015flar ben \u015eakir! Herkesin bildi\u011fi ismimle Kral \u015eakir!Bu muhti\u015fim kart setimizde hem \u00e7oook e\u011fleniyor hem de haf\u0131zam\u0131z\u0131 geli\u015ftiriyoruz. Karakterlerin e\u015f kartlar\u0131n\u0131 buldu\u011funda artt\u0131r\u0131lm\u0131\u015f ger\u00e7eklikle kartlardan \u00e7\u0131k\u0131yorlar.Heyooo!Artt\u0131r\u0131lm\u0131\u015f ger\u00e7eklik teknolojisiyle ben, Fil Necati A\u011fabey ve di\u011ferleri adeta telefondan \u00e7\u0131k\u0131p yan\u0131n\u0131za geliyoruz! \u00c7ok E\u011fleniyoruz \u00e7ok!Sticker ve poster hediyemizden bahsetmi\u015f miydim?E hadi o zaman, ne duruyoruz, hemen maceraya ba\u015flayal\u0131m!<\/p>\n","protected":false},"excerpt":{"rendered":"<p>Muhti\u015fim E\u011fitici Kartlar!Hem De Artt\u0131r\u0131lm\u0131\u015f Ger\u00e7eklikle!Selam Arkada\u015flar ben \u015eakir! Herkesin bildi\u011fi ismimle Kral \u015eakir!Bu muhti\u015fim kart setimizde hem \u00e7oook e\u011fleniyor hem de haf\u0131zam\u0131z\u0131 geli\u015ftiriyoruz. Karakterlerin e\u015f<span class=\"excerpt-hellip\"> [\u2026]<\/span><\/p>\n","protected":false},"featured_media":0,"template":"","meta":{"_monsterinsights_skip_tracking":false,"_monsterinsights_sitenote_active":false,"_monsterinsights_sitenote_note":"","_monsterinsights_sitenote_category":0},"product_brand":[],"product_cat":[12274,24599],"product_tag":[],"class_list":{"0":"post-774364","1":"product","2":"type-product","3":"status-publish","5":"product_cat-cocuk-ve-genclik-kitaplari","6":"product_cat-zeka-gelisimi","7":"pa_cilt-ciltsiz","8":"pa_tur-kitap","9":"pa_yayinevi-eksik-parca-yayinlari","10":"pa_yazar-kolektif","12":"first","13":"instock","14":"sale","15":"shipping-taxable","16":"purchasable","17":"product-type-simple"},"_links":{"self":[{"href":"https:\/\/roveyayinevi.com.tr\/index.php\/wp-json\/wp\/v2\/product\/774364","targetHints":{"allow":["GET"]}}],"collection":[{"href":"https:\/\/roveyayinevi.com.tr\/index.php\/wp-json\/wp\/v2\/product"}],"about":[{"href":"https:\/\/roveyayinevi.com.tr\/index.php\/wp-json\/wp\/v2\/types\/product"}],"wp:attachment":[{"href":"https:\/\/roveyayinevi.com.tr\/index.php\/wp-json\/wp\/v2\/media?parent=774364"}],"wp:term":[{"taxonomy":"product_brand","embeddable":true,"href":"https:\/\/roveyayinevi.com.tr\/index.php\/wp-json\/wp\/v2\/product_brand?post=774364"},{"taxonomy":"product_cat","embeddable":true,"href":"https:\/\/roveyayinevi.com.tr\/index.php\/wp-json\/wp\/v2\/product_cat?post=774364"},{"taxonomy":"product_tag","embeddable":true,"href":"https:\/\/roveyayinevi.com.tr\/index.php\/wp-json\/wp\/v2\/product_tag?post=774364"}],"curies":[{"name":"wp","href":"https:\/\/api.w.org\/{rel}","templated":true}]}}