{"id":774362,"date":"2025-08-28T20:22:20","date_gmt":"2025-08-28T17:22:20","guid":{"rendered":"https:\/\/roveyayinevi.com.tr\/index.php\/urun\/denizin-tohum-macerasi\/"},"modified":"2026-04-16T02:31:07","modified_gmt":"2026-04-15T23:31:07","slug":"denizin-tohum-macerasi","status":"publish","type":"product","link":"https:\/\/roveyayinevi.com.tr\/index.php\/urun\/denizin-tohum-macerasi\/","title":{"rendered":"Deniz\u2019in Tohum Maceras\u0131"},"content":{"rendered":"<p>Deniz, dedesiyle birlikte a\u011fa\u00e7 dikecekleri i\u00e7in \u00e7ok heyecanl\u0131yd\u0131. Tohumlar\u0131 topra\u011fa ekerken Deniz\u2019in akl\u0131na bir s\u00fcr\u00fc soru geldi: Bu k\u00fc\u00e7\u00fcc\u00fck tohumdan m\u0131 yeti\u015fiyordu koca a\u011fa\u00e7lar? Peki di\u011fer bitkiler, sebze ve meyveler nas\u0131l olu\u015fuyordu? Deniz akl\u0131ndaki sorular\u0131 ara\u015ft\u0131rmaya karar verdi. Bakal\u0131m neler \u00f6\u011frenecekti? \u00c7ocuklar\u0131n fikirlerinden yararlan\u0131larak kaleme al\u0131nan bu kitap, sizleri bitkilerin en \u00f6nemli par\u00e7as\u0131 olan tohumun gizemli d\u00fcnyas\u0131n\u0131 ke\u015ffetmeye \u00e7a\u011f\u0131r\u0131yor. <\/p>\n","protected":false},"excerpt":{"rendered":"<p>Deniz, dedesiyle birlikte a\u011fa\u00e7 dikecekleri i\u00e7in \u00e7ok heyecanl\u0131yd\u0131. Tohumlar\u0131 topra\u011fa ekerken Deniz\u2019in akl\u0131na bir s\u00fcr\u00fc soru geldi: Bu k\u00fc\u00e7\u00fcc\u00fck tohumdan m\u0131 yeti\u015fiyordu koca a\u011fa\u00e7lar? Peki di\u011fer<span class=\"excerpt-hellip\"> [\u2026]<\/span><\/p>\n","protected":false},"featured_media":0,"template":"","meta":{"_monsterinsights_skip_tracking":false,"_monsterinsights_sitenote_active":false,"_monsterinsights_sitenote_note":"","_monsterinsights_sitenote_category":0},"product_brand":[],"product_cat":[12274,12284],"product_tag":[],"class_list":{"0":"post-774362","1":"product","2":"type-product","3":"status-publish","5":"product_cat-cocuk-ve-genclik-kitaplari","6":"product_cat-hikayeler","7":"pa_cilt-ciltsiz","8":"pa_tur-kitap","9":"pa_yayinevi-ucan-fil-yayinlari","10":"pa_yazar-burcu-gungor-cabbar-sami-ozgur","12":"first","13":"instock","14":"sale","15":"shipping-taxable","16":"purchasable","17":"product-type-simple"},"_links":{"self":[{"href":"https:\/\/roveyayinevi.com.tr\/index.php\/wp-json\/wp\/v2\/product\/774362","targetHints":{"allow":["GET"]}}],"collection":[{"href":"https:\/\/roveyayinevi.com.tr\/index.php\/wp-json\/wp\/v2\/product"}],"about":[{"href":"https:\/\/roveyayinevi.com.tr\/index.php\/wp-json\/wp\/v2\/types\/product"}],"wp:attachment":[{"href":"https:\/\/roveyayinevi.com.tr\/index.php\/wp-json\/wp\/v2\/media?parent=774362"}],"wp:term":[{"taxonomy":"product_brand","embeddable":true,"href":"https:\/\/roveyayinevi.com.tr\/index.php\/wp-json\/wp\/v2\/product_brand?post=774362"},{"taxonomy":"product_cat","embeddable":true,"href":"https:\/\/roveyayinevi.com.tr\/index.php\/wp-json\/wp\/v2\/product_cat?post=774362"},{"taxonomy":"product_tag","embeddable":true,"href":"https:\/\/roveyayinevi.com.tr\/index.php\/wp-json\/wp\/v2\/product_tag?post=774362"}],"curies":[{"name":"wp","href":"https:\/\/api.w.org\/{rel}","templated":true}]}}