{"id":774360,"date":"2025-08-28T19:50:32","date_gmt":"2025-08-28T16:50:32","guid":{"rendered":"https:\/\/roveyayinevi.com.tr\/index.php\/urun\/osmanli-insanligin-son-adasi\/"},"modified":"2025-10-01T17:16:06","modified_gmt":"2025-10-01T14:16:06","slug":"osmanli-insanligin-son-adasi","status":"publish","type":"product","link":"https:\/\/roveyayinevi.com.tr\/index.php\/urun\/osmanli-insanligin-son-adasi\/","title":{"rendered":"Osmanl\u0131: \u0130nsanl\u0131\u011f\u0131n Son Adas\u0131"},"content":{"rendered":"<p>Tarihle birlikte d\u00fc\u015f\u00fcnme ilkesi do\u011frultusunda eser veren Mustafa Arma\u011fan, Osmanl\u0131 tarihini yeni bir g\u00f6zle okuma ser\u00fcvenini bug\u00fcne kadar onlarca kez bas\u0131lan bir eserle ta\u00e7land\u0131r\u0131yor: Osmanl\u0131: \u0130nsanl\u0131\u011f\u0131n Son Adas\u0131. Bug\u00fcn ancak su \u00fcst\u00fcndeki k\u0131sm\u0131n\u0131 \u00e7\u00f6zebildi\u011fimiz Osmanl\u0131 buzda\u011f\u0131n\u0131n derinlerinde bilmedi\u011fimiz nice y\u00f6nlerini yeni bir bak\u0131\u015fla g\u00fcndeme getiren Arma\u011fan, b\u00f6ylece Osmanl\u0131 tarihindeki kli\u015fele\u015fmi\u015f h\u00fck\u00fcm ve anlat\u0131lar\u0131 sorgulamaya giri\u015fiyor: Kapit\u00fclasyonlar iyi bir \u015fey miydi? Osmanl\u0131 toplumu erkek egemen miydi? Harem ger\u00e7ekten de bir haz mek\u00e2n\u0131 m\u0131yd\u0131? Patrona Halil bir e\u015fk\u0131ya m\u0131yd\u0131 yoksa halk kahraman\u0131 m\u0131? Osmanl\u0131\u2019da demokrasi var m\u0131yd\u0131? Osmanl\u0131: \u0130nsanl\u0131\u011f\u0131n Son Adas\u0131 bu ve benzeri merak uyand\u0131ran sorular\u0131 cevapland\u0131rmaya y\u00f6nelik k\u0131\u015fk\u0131rt\u0131c\u0131 bir okuma giri\u015fimi. <\/p>\n","protected":false},"excerpt":{"rendered":"<p>Tarihle birlikte d\u00fc\u015f\u00fcnme ilkesi do\u011frultusunda eser veren Mustafa Arma\u011fan, Osmanl\u0131 tarihini yeni bir g\u00f6zle okuma ser\u00fcvenini bug\u00fcne kadar onlarca kez bas\u0131lan bir eserle ta\u00e7land\u0131r\u0131yor: Osmanl\u0131: \u0130nsanl\u0131\u011f\u0131n<span class=\"excerpt-hellip\"> [\u2026]<\/span><\/p>\n","protected":false},"featured_media":0,"template":"","meta":{"_monsterinsights_skip_tracking":false,"_monsterinsights_sitenote_active":false,"_monsterinsights_sitenote_note":"","_monsterinsights_sitenote_category":0},"product_brand":[],"product_cat":[13517,12304],"product_tag":[],"class_list":{"0":"post-774360","1":"product","2":"type-product","3":"status-publish","5":"product_cat-osmanli-tarihi","6":"product_cat-tarih","7":"pa_cilt-ciltsiz","8":"pa_tur-kitap","9":"pa_yayinevi-ketebe-yayinlari","10":"pa_yazar-mustafa-armagan","12":"first","13":"instock","14":"sale","15":"shipping-taxable","16":"purchasable","17":"product-type-simple"},"_links":{"self":[{"href":"https:\/\/roveyayinevi.com.tr\/index.php\/wp-json\/wp\/v2\/product\/774360","targetHints":{"allow":["GET"]}}],"collection":[{"href":"https:\/\/roveyayinevi.com.tr\/index.php\/wp-json\/wp\/v2\/product"}],"about":[{"href":"https:\/\/roveyayinevi.com.tr\/index.php\/wp-json\/wp\/v2\/types\/product"}],"wp:attachment":[{"href":"https:\/\/roveyayinevi.com.tr\/index.php\/wp-json\/wp\/v2\/media?parent=774360"}],"wp:term":[{"taxonomy":"product_brand","embeddable":true,"href":"https:\/\/roveyayinevi.com.tr\/index.php\/wp-json\/wp\/v2\/product_brand?post=774360"},{"taxonomy":"product_cat","embeddable":true,"href":"https:\/\/roveyayinevi.com.tr\/index.php\/wp-json\/wp\/v2\/product_cat?post=774360"},{"taxonomy":"product_tag","embeddable":true,"href":"https:\/\/roveyayinevi.com.tr\/index.php\/wp-json\/wp\/v2\/product_tag?post=774360"}],"curies":[{"name":"wp","href":"https:\/\/api.w.org\/{rel}","templated":true}]}}