{"id":774359,"date":"2025-08-28T19:47:44","date_gmt":"2025-08-28T16:47:44","guid":{"rendered":"https:\/\/roveyayinevi.com.tr\/index.php\/urun\/hayatin-puk-kodu\/"},"modified":"2026-04-16T02:26:14","modified_gmt":"2026-04-15T23:26:14","slug":"hayatin-puk-kodu","status":"publish","type":"product","link":"https:\/\/roveyayinevi.com.tr\/index.php\/urun\/hayatin-puk-kodu\/","title":{"rendered":"Hayat\u0131n Puk Kodu"},"content":{"rendered":"<p>Kaderiniz de\u011fi\u015fmez mi san\u0131yorsunuz? Sizce ad\u0131n\u0131z\u0131n ve do\u011fdu\u011funuz tarihin hi\u00e7 anlam\u0131 ve etkisi yok mu hayat\u0131n\u0131zda? Bir insan\u0131n ismindeki harfler ya\u015fam tarz\u0131n\u0131 ve nas\u0131l ya\u015famas\u0131 gerekti\u011fini belirler. Do\u011fum tarihindeki rakamlar ise kaderini belirler. \u0130smimiz ailemiz taraf\u0131ndan belirlenir ve ya\u015fam tarz\u0131m\u0131z\u0131 ismimize g\u00f6re y\u00f6nlendirebiliriz. Do\u011fum tarihimiz ise Yaratan taraf\u0131ndan belirlenir ve asla de\u011fi\u015ftirilemez. Bu eserde; di\u011fer insanlarla, e\u015finizle, arkada\u015flar\u0131n\u0131zla, \u00e7ocuklar\u0131n\u0131zla ve sevgilinizle olan ili\u015fkilere s\u0131rl\u0131 bir rehberlik vadediliyor. <\/p>\n","protected":false},"excerpt":{"rendered":"<p>Kaderiniz de\u011fi\u015fmez mi san\u0131yorsunuz? Sizce ad\u0131n\u0131z\u0131n ve do\u011fdu\u011funuz tarihin hi\u00e7 anlam\u0131 ve etkisi yok mu hayat\u0131n\u0131zda? Bir insan\u0131n ismindeki harfler ya\u015fam tarz\u0131n\u0131 ve nas\u0131l ya\u015famas\u0131 gerekti\u011fini<span class=\"excerpt-hellip\"> [\u2026]<\/span><\/p>\n","protected":false},"featured_media":0,"template":"","meta":{"_monsterinsights_skip_tracking":false,"_monsterinsights_sitenote_active":false,"_monsterinsights_sitenote_note":"","_monsterinsights_sitenote_category":0},"product_brand":[],"product_cat":[18082,15563],"product_tag":[],"class_list":{"0":"post-774359","1":"product","2":"type-product","3":"status-publish","5":"product_cat-astroloji-fal-ruya","6":"product_cat-hobi","7":"pa_cilt-ciltsiz","8":"pa_tur-kitap","9":"pa_yayinevi-luna-yayinlari","10":"pa_yazar-nurettin-ozdogan","12":"first","13":"instock","14":"sale","15":"shipping-taxable","16":"purchasable","17":"product-type-simple"},"_links":{"self":[{"href":"https:\/\/roveyayinevi.com.tr\/index.php\/wp-json\/wp\/v2\/product\/774359","targetHints":{"allow":["GET"]}}],"collection":[{"href":"https:\/\/roveyayinevi.com.tr\/index.php\/wp-json\/wp\/v2\/product"}],"about":[{"href":"https:\/\/roveyayinevi.com.tr\/index.php\/wp-json\/wp\/v2\/types\/product"}],"wp:attachment":[{"href":"https:\/\/roveyayinevi.com.tr\/index.php\/wp-json\/wp\/v2\/media?parent=774359"}],"wp:term":[{"taxonomy":"product_brand","embeddable":true,"href":"https:\/\/roveyayinevi.com.tr\/index.php\/wp-json\/wp\/v2\/product_brand?post=774359"},{"taxonomy":"product_cat","embeddable":true,"href":"https:\/\/roveyayinevi.com.tr\/index.php\/wp-json\/wp\/v2\/product_cat?post=774359"},{"taxonomy":"product_tag","embeddable":true,"href":"https:\/\/roveyayinevi.com.tr\/index.php\/wp-json\/wp\/v2\/product_tag?post=774359"}],"curies":[{"name":"wp","href":"https:\/\/api.w.org\/{rel}","templated":true}]}}