{"id":774358,"date":"2025-08-28T19:44:17","date_gmt":"2025-08-28T16:44:17","guid":{"rendered":"https:\/\/roveyayinevi.com.tr\/index.php\/urun\/gunes-cavmasi-2-kitap\/"},"modified":"2026-04-16T02:25:44","modified_gmt":"2026-04-15T23:25:44","slug":"gunes-cavmasi-2-kitap","status":"publish","type":"product","link":"https:\/\/roveyayinevi.com.tr\/index.php\/urun\/gunes-cavmasi-2-kitap\/","title":{"rendered":"G\u00fcne\u015f \u00c7avmas\u0131 2. Kitap"},"content":{"rendered":"<p>\u201cEskiden&#8230; \u00c7ok eskiden&#8230; \u0130nsanlar kavgan\u0131n varl\u0131\u011f\u0131ndan habersizken&#8230; Her yerde mutlak bar\u0131\u015f ve huzur h\u00fck\u00fcm s\u00fcrerken&#8230; Para icat olmam\u0131\u015fken&#8230; Fakir ya da zengin yokken&#8230; Aynalar insanlar\u0131 \u00e7irkin veya g\u00fczel diye ay\u0131rmazken&#8230; Ormanlar ne\u015feli, sular berrakken&#8230; \u0130nsanlar tohuma bakt\u0131\u011f\u0131nda a\u011fac\u0131 hissederken&#8230; D\u00fcnya sevgiden ibaretken&#8230; Yani hayat basitken, do\u011fum kadar sevilirmi\u015f \u00f6l\u00fcm&#8230; Do\u011fum gibi par\u00e7as\u0131ym\u0131\u015f hayat\u0131n&#8230; Ve do\u011fum gibi kabul edilirmi\u015f&#8230; G\u00fcl\u00fcmseyerek&#8230; \u00d6l\u00fcm, saklanmazm\u0131\u015f o zamanlar&#8230; \u0130nsan\u0131 bu d\u00fcnyadan al\u0131p ba\u015fka yere g\u00f6t\u00fcren, g\u00fczel mi g\u00fczel, huzurlu mu huzurlu, \u00e7i\u00e7ek kokulu bir \u0131\u015f\u0131km\u0131\u015f&#8230; Kime gitse g\u00fcl\u00fcmsemeyle kar\u015f\u0131lan\u0131rm\u0131\u015f&#8230; Ve herkes bu \u0131\u015f\u0131\u011f\u0131 g\u00f6r\u00fcrm\u00fc\u015f&#8230; \u0130nsanlar\u0131n g\u00fcl\u00fcmseyerek \u00f6ld\u00fc\u011f\u00fc zamanlar&#8230;\u201d <\/p>\n","protected":false},"excerpt":{"rendered":"<p>\u201cEskiden&#8230; \u00c7ok eskiden&#8230; \u0130nsanlar kavgan\u0131n varl\u0131\u011f\u0131ndan habersizken&#8230; Her yerde mutlak bar\u0131\u015f ve huzur h\u00fck\u00fcm s\u00fcrerken&#8230; Para icat olmam\u0131\u015fken&#8230; Fakir ya da zengin yokken&#8230; Aynalar insanlar\u0131 \u00e7irkin<span class=\"excerpt-hellip\"> [\u2026]<\/span><\/p>\n","protected":false},"featured_media":0,"template":"","meta":{"_monsterinsights_skip_tracking":false,"_monsterinsights_sitenote_active":false,"_monsterinsights_sitenote_note":"","_monsterinsights_sitenote_category":0},"product_brand":[],"product_cat":[12291,12711],"product_tag":[],"class_list":{"0":"post-774358","1":"product","2":"type-product","3":"status-publish","5":"product_cat-edebiyat","6":"product_cat-roman-oyku","7":"pa_cilt-ciltsiz","8":"pa_tur-kitap","9":"pa_yayinevi-kuzey-isigi-yayinlari","10":"pa_yazar-esra-van-der-wiel","12":"first","13":"instock","14":"sale","15":"shipping-taxable","16":"purchasable","17":"product-type-simple"},"_links":{"self":[{"href":"https:\/\/roveyayinevi.com.tr\/index.php\/wp-json\/wp\/v2\/product\/774358","targetHints":{"allow":["GET"]}}],"collection":[{"href":"https:\/\/roveyayinevi.com.tr\/index.php\/wp-json\/wp\/v2\/product"}],"about":[{"href":"https:\/\/roveyayinevi.com.tr\/index.php\/wp-json\/wp\/v2\/types\/product"}],"wp:attachment":[{"href":"https:\/\/roveyayinevi.com.tr\/index.php\/wp-json\/wp\/v2\/media?parent=774358"}],"wp:term":[{"taxonomy":"product_brand","embeddable":true,"href":"https:\/\/roveyayinevi.com.tr\/index.php\/wp-json\/wp\/v2\/product_brand?post=774358"},{"taxonomy":"product_cat","embeddable":true,"href":"https:\/\/roveyayinevi.com.tr\/index.php\/wp-json\/wp\/v2\/product_cat?post=774358"},{"taxonomy":"product_tag","embeddable":true,"href":"https:\/\/roveyayinevi.com.tr\/index.php\/wp-json\/wp\/v2\/product_tag?post=774358"}],"curies":[{"name":"wp","href":"https:\/\/api.w.org\/{rel}","templated":true}]}}