{"id":774357,"date":"2025-08-28T19:44:14","date_gmt":"2025-08-28T16:44:14","guid":{"rendered":"https:\/\/roveyayinevi.com.tr\/index.php\/urun\/gunes-cavmasi-1-kitap\/"},"modified":"2026-04-16T02:25:44","modified_gmt":"2026-04-15T23:25:44","slug":"gunes-cavmasi-1-kitap","status":"publish","type":"product","link":"https:\/\/roveyayinevi.com.tr\/index.php\/urun\/gunes-cavmasi-1-kitap\/","title":{"rendered":"G\u00fcne\u015f \u00c7avmas\u0131 1.Kitap"},"content":{"rendered":"<p>S\u00f6zl\u00fckte arad\u0131\u011f\u0131n\u0131zda, g\u00fcne\u015fin do\u011fmas\u0131, da\u011f\u0131l\u0131p yay\u0131lmak, sa\u00e7\u0131lmak, sapmak anlamlar\u0131na gelir \u00e7avmak.  \u0130nsan do\u011far. Hayat da\u011f\u0131l\u0131r. Sa\u00e7\u0131l\u0131r\u0131z. Kendimize yollar belirler -\u00e7\u00fcnk\u00fc aya\u011f\u0131m\u0131z yere bass\u0131n isteriz- sonra da belirledi\u011fimiz yollardan -biraz \u00e7\u0131lg\u0131nl\u0131\u011f\u0131n kime ne zarar\u0131 olabilir ki- sapar\u0131z. Fazlal\u0131klar\u0131m\u0131zdan kurtuluyoruz derken, kendimizi t\u00fcketiriz ve hayat\u0131m\u0131z ki\u015fisel felaketlerle karard\u0131\u011f\u0131nda, s\u0131\u011f\u0131nabilece\u011fimiz bir aforizma araman\u0131n da anlam\u0131 kalmaz. Hayat\u0131m asla \u00e7\u0131\u011f\u0131r\u0131ndan \u00e7\u0131kmaz diye d\u00fc\u015f\u00fcnen kontrol merakl\u0131s\u0131 insanlar\u0131n rahat\u00e7a okuyabilecekleri bir kitap de\u011fil G\u00fcne\u015f \u00c7avmas\u0131, ama ola\u011fan\u00fcst\u00fc insanlar\u0131n, s\u0131ra d\u0131\u015f\u0131 hik\u00e2yelerini arayanlar i\u00e7in de hayal k\u0131r\u0131kl\u0131\u011f\u0131 olabilir. S\u0131radan insanlar\u0131n, s\u0131radan dertlerini konu ediyor yazar. Onlara, kendi hayatlar\u0131n\u0131 anlamland\u0131rmalar\u0131, yorumlamalar\u0131 ve \u00e7\u0131kmazlar\u0131ndan kendi \u00e7\u00f6z\u00fcmleriyle \u00e7\u0131kabilmeleri i\u00e7in alan tan\u0131yor.    \u00c7\u00fcnk\u00fc belki de hayattaki tek ders budur; de\u011feri kendinden menkul aforizmalarla \u00e7ok fazla yol alamaz insan. Y\u00fcr\u00fcr y\u00fcr\u00fcr de bir yere varamaz, ya\u015flan\u0131r ama b\u00fcy\u00fcyemez. Ya\u011fmurlu, bulutlu, karanl\u0131k g\u00fcnlerde kimi zaman umulmad\u0131k bi\u00e7imde g\u00fcne\u015f kol atar yery\u00fcz\u00fcne. \u0130\u015fte o an g\u00fcne\u015f \u00e7avm\u0131\u015ft\u0131r. \u00d6yle der Anadolu insan\u0131.  Kara bulutlar aras\u0131ndan g\u00fcne\u015fi \u00e7avd\u0131racak olan, yine kendisidir insan\u0131n.<\/p>\n","protected":false},"excerpt":{"rendered":"<p>S\u00f6zl\u00fckte arad\u0131\u011f\u0131n\u0131zda, g\u00fcne\u015fin do\u011fmas\u0131, da\u011f\u0131l\u0131p yay\u0131lmak, sa\u00e7\u0131lmak, sapmak anlamlar\u0131na gelir \u00e7avmak. \u0130nsan do\u011far. Hayat da\u011f\u0131l\u0131r. Sa\u00e7\u0131l\u0131r\u0131z. Kendimize yollar belirler -\u00e7\u00fcnk\u00fc aya\u011f\u0131m\u0131z yere bass\u0131n isteriz- sonra da<span class=\"excerpt-hellip\"> [\u2026]<\/span><\/p>\n","protected":false},"featured_media":0,"template":"","meta":{"_monsterinsights_skip_tracking":false,"_monsterinsights_sitenote_active":false,"_monsterinsights_sitenote_note":"","_monsterinsights_sitenote_category":0},"product_brand":[],"product_cat":[12291,12711],"product_tag":[],"class_list":{"0":"post-774357","1":"product","2":"type-product","3":"status-publish","5":"product_cat-edebiyat","6":"product_cat-roman-oyku","7":"pa_cilt-ciltsiz","8":"pa_tur-kitap","9":"pa_yayinevi-kuzey-isigi-yayinlari","10":"pa_yazar-esra-van-der-wiel","12":"first","13":"instock","14":"sale","15":"shipping-taxable","16":"purchasable","17":"product-type-simple"},"_links":{"self":[{"href":"https:\/\/roveyayinevi.com.tr\/index.php\/wp-json\/wp\/v2\/product\/774357","targetHints":{"allow":["GET"]}}],"collection":[{"href":"https:\/\/roveyayinevi.com.tr\/index.php\/wp-json\/wp\/v2\/product"}],"about":[{"href":"https:\/\/roveyayinevi.com.tr\/index.php\/wp-json\/wp\/v2\/types\/product"}],"wp:attachment":[{"href":"https:\/\/roveyayinevi.com.tr\/index.php\/wp-json\/wp\/v2\/media?parent=774357"}],"wp:term":[{"taxonomy":"product_brand","embeddable":true,"href":"https:\/\/roveyayinevi.com.tr\/index.php\/wp-json\/wp\/v2\/product_brand?post=774357"},{"taxonomy":"product_cat","embeddable":true,"href":"https:\/\/roveyayinevi.com.tr\/index.php\/wp-json\/wp\/v2\/product_cat?post=774357"},{"taxonomy":"product_tag","embeddable":true,"href":"https:\/\/roveyayinevi.com.tr\/index.php\/wp-json\/wp\/v2\/product_tag?post=774357"}],"curies":[{"name":"wp","href":"https:\/\/api.w.org\/{rel}","templated":true}]}}