{"id":774355,"date":"2025-08-28T19:25:21","date_gmt":"2025-08-28T16:25:21","guid":{"rendered":"https:\/\/roveyayinevi.com.tr\/index.php\/urun\/butun-oyunlar\/"},"modified":"2026-04-16T02:22:49","modified_gmt":"2026-04-15T23:22:49","slug":"butun-oyunlar","status":"publish","type":"product","link":"https:\/\/roveyayinevi.com.tr\/index.php\/urun\/butun-oyunlar\/","title":{"rendered":"B\u00fct\u00fcn Oyunlar"},"content":{"rendered":"<p>DEL\u0130 SA\u00c7MASI: T\u00fcrk tiyatrosunun nadir polisiye oyunlar\u0131ndand\u0131r.Bir ak\u0131l hastanesinde bir hastan\u0131n \u00f6l\u00fcm\u00fc \u00fczerine soru\u015fturma ba\u015flat\u0131l\u0131r.  \u015e\u00fcpheliler ak\u0131l hastalar\u0131d\u0131r. B\u00f6yle olunca sorgular \u00e7ok e\u011flenceli ama bir o kadar zorlay\u0131c\u0131d\u0131r. Sorgular esnas\u0131nda \u201cKim Ak\u0131ll\u0131, Kim Deli?\u201d hatta \u201cDelilik tek kurtulu\u015ftur\u201d gibi \u00f6nermeler tart\u0131\u015f\u0131l\u0131r. En sonunda herkesi b\u00fcy\u00fck bir s\u00fcrpriz beklemektedir.B\u0130R\u0130KEN FISILTILAR: \u201cG\u00fcn gelir b\u00fct\u00fcn f\u0131s\u0131lt\u0131lar, bir \u00e7\u0131\u011fl\u0131\u011fa d\u00f6n\u00fc\u015f\u00fcr\u201d \u0130hmal etti\u011fimiz her \u015fey pe\u015fimizden bizi kovalar. Hele bir yakalamas\u0131n\u2026hayat\u0131 boyunca sadece ba\u015far\u0131ya odaklanm\u0131\u015f ya\u015fl\u0131 bir kad\u0131n. Bir kabusta canlanarak ondan hesap soran e\u015fyalar. Deneysel ve farkl\u0131 \u00fcslubuyla her oynand\u0131\u011f\u0131nda b\u00fcy\u00fck be\u011feni toplam\u0131\u015ft\u0131r.BARI\u015e \u00dc\u00c7LEMES\u0130: \u00dc\u00e7leme, \u0130lk Ayr\u0131m, S\u0131n\u0131r ve Analar epizotlar\u0131ndan olu\u015fmaktad\u0131r. \u00dc\u00e7 epizot da hem e\u011flenceli  hem de \u00e7\u00f6z\u00fcmleyicidir. \u201cBar\u0131\u015f neden bir t\u00fcrl\u00fc gelemiyor?\u201d sorusuna cevap aray\u0131\u015f\u0131 niteli\u011finde traji-komik \u00fc\u00e7 k\u0131sa oyun.Ayr\u0131ca bu kitapta hem e\u011flenceli hem de d\u00fc\u015f\u00fcnd\u00fcren k\u0131sa ske\u00e7ler bulabileceksiniz.<\/p>\n","protected":false},"excerpt":{"rendered":"<p>DEL\u0130 SA\u00c7MASI: T\u00fcrk tiyatrosunun nadir polisiye oyunlar\u0131ndand\u0131r.Bir ak\u0131l hastanesinde bir hastan\u0131n \u00f6l\u00fcm\u00fc \u00fczerine soru\u015fturma ba\u015flat\u0131l\u0131r. \u015e\u00fcpheliler ak\u0131l hastalar\u0131d\u0131r. B\u00f6yle olunca sorgular \u00e7ok e\u011flenceli ama bir o<span class=\"excerpt-hellip\"> [\u2026]<\/span><\/p>\n","protected":false},"featured_media":0,"template":"","meta":{"_monsterinsights_skip_tracking":false,"_monsterinsights_sitenote_active":false,"_monsterinsights_sitenote_note":"","_monsterinsights_sitenote_category":0},"product_brand":[],"product_cat":[12291,14272],"product_tag":[],"class_list":{"0":"post-774355","1":"product","2":"type-product","3":"status-publish","5":"product_cat-edebiyat","6":"product_cat-tiyatro","7":"pa_cilt-ciltsiz","8":"pa_tur-kitap","9":"pa_yayinevi-kultur-ajans-yayinlari","10":"pa_yazar-evren-ersan","12":"first","13":"instock","14":"sale","15":"shipping-taxable","16":"purchasable","17":"product-type-simple"},"_links":{"self":[{"href":"https:\/\/roveyayinevi.com.tr\/index.php\/wp-json\/wp\/v2\/product\/774355","targetHints":{"allow":["GET"]}}],"collection":[{"href":"https:\/\/roveyayinevi.com.tr\/index.php\/wp-json\/wp\/v2\/product"}],"about":[{"href":"https:\/\/roveyayinevi.com.tr\/index.php\/wp-json\/wp\/v2\/types\/product"}],"wp:attachment":[{"href":"https:\/\/roveyayinevi.com.tr\/index.php\/wp-json\/wp\/v2\/media?parent=774355"}],"wp:term":[{"taxonomy":"product_brand","embeddable":true,"href":"https:\/\/roveyayinevi.com.tr\/index.php\/wp-json\/wp\/v2\/product_brand?post=774355"},{"taxonomy":"product_cat","embeddable":true,"href":"https:\/\/roveyayinevi.com.tr\/index.php\/wp-json\/wp\/v2\/product_cat?post=774355"},{"taxonomy":"product_tag","embeddable":true,"href":"https:\/\/roveyayinevi.com.tr\/index.php\/wp-json\/wp\/v2\/product_tag?post=774355"}],"curies":[{"name":"wp","href":"https:\/\/api.w.org\/{rel}","templated":true}]}}