{"id":774353,"date":"2025-08-28T19:19:48","date_gmt":"2025-08-28T16:19:48","guid":{"rendered":"https:\/\/roveyayinevi.com.tr\/index.php\/urun\/hayaller-ve-yollar\/"},"modified":"2026-04-16T02:22:14","modified_gmt":"2026-04-15T23:22:14","slug":"hayaller-ve-yollar","status":"publish","type":"product","link":"https:\/\/roveyayinevi.com.tr\/index.php\/urun\/hayaller-ve-yollar\/","title":{"rendered":"Hayaller Ve Yollar"},"content":{"rendered":"<p>1921 Aral\u0131k ay\u0131n\u0131n ilk g\u00fcnlerinde Nice hastanesinden bir mektup ald\u0131m. G\u0131rtla\u011f\u0131n\u0131 kesen bir zavall\u0131n\u0131n \u00fczerinde bulmu\u015flard\u0131. Kurtulma umudu \u00e7ok zay\u0131ft\u0131. Mekjtubu okur okumaz, bir dahinin \u00e7\u0131rp\u0131n\u0131\u015flar\u0131yla kar\u015f\u0131 kar\u015f\u0131ya oldu\u011fumu anlad\u0131m. \u00c7ay\u0131rlar \u00fczerinde esen kavurucu bir alevi and\u0131r\u0131yordu. Mektup, Balkanlar&#8217;\u0131n Gorki&#8217;sine ait bir i\u00e7 d\u00f6kmeydi. \u0130ntihara kalk\u0131\u015fan ki\u015fi kurtulmu\u015ftu. Onu tan\u0131mak istedim. Mektupla\u015fmaya ba\u015flad\u0131k ve dost olduk. Ad\u0131 Istrati idi. 1884&#8217;te Bralia&#8217;da ka\u00e7ak\u00e7\u0131 bir Yunanl\u0131 babayla, \u00f6m\u00fcr boyu sa\u00e7\u0131n\u0131 s\u00fcp\u00fcrge etmi\u015f bir Rumen k\u00f6yl\u00fc anadan d\u00fcnyaya gelmi\u015fti. (&#8230;) O do\u011fu\u015ftan bir hikayeciydi. Kendi anlatt\u0131klar\u0131yla heyecanlanan do\u011fulu bir hikayeci&#8230; \ufffcTan\u0131t\u0131m Metni<\/p>\n","protected":false},"excerpt":{"rendered":"<p>1921 Aral\u0131k ay\u0131n\u0131n ilk g\u00fcnlerinde Nice hastanesinden bir mektup ald\u0131m. G\u0131rtla\u011f\u0131n\u0131 kesen bir zavall\u0131n\u0131n \u00fczerinde bulmu\u015flard\u0131. Kurtulma umudu \u00e7ok zay\u0131ft\u0131. Mekjtubu okur okumaz, bir dahinin \u00e7\u0131rp\u0131n\u0131\u015flar\u0131yla<span class=\"excerpt-hellip\"> [\u2026]<\/span><\/p>\n","protected":false},"featured_media":0,"template":"","meta":{"_monsterinsights_skip_tracking":false,"_monsterinsights_sitenote_active":false,"_monsterinsights_sitenote_note":"","_monsterinsights_sitenote_category":0},"product_brand":[],"product_cat":[12291,12711],"product_tag":[],"class_list":{"0":"post-774353","1":"product","2":"type-product","3":"status-publish","5":"product_cat-edebiyat","6":"product_cat-roman-oyku","7":"pa_cilt-ciltsiz","8":"pa_tur-kitap","9":"pa_yayinevi-kuzey-isigi-yayinlari","10":"pa_yazar-panait-istrati","12":"first","13":"instock","14":"sale","15":"shipping-taxable","16":"purchasable","17":"product-type-simple"},"_links":{"self":[{"href":"https:\/\/roveyayinevi.com.tr\/index.php\/wp-json\/wp\/v2\/product\/774353","targetHints":{"allow":["GET"]}}],"collection":[{"href":"https:\/\/roveyayinevi.com.tr\/index.php\/wp-json\/wp\/v2\/product"}],"about":[{"href":"https:\/\/roveyayinevi.com.tr\/index.php\/wp-json\/wp\/v2\/types\/product"}],"wp:attachment":[{"href":"https:\/\/roveyayinevi.com.tr\/index.php\/wp-json\/wp\/v2\/media?parent=774353"}],"wp:term":[{"taxonomy":"product_brand","embeddable":true,"href":"https:\/\/roveyayinevi.com.tr\/index.php\/wp-json\/wp\/v2\/product_brand?post=774353"},{"taxonomy":"product_cat","embeddable":true,"href":"https:\/\/roveyayinevi.com.tr\/index.php\/wp-json\/wp\/v2\/product_cat?post=774353"},{"taxonomy":"product_tag","embeddable":true,"href":"https:\/\/roveyayinevi.com.tr\/index.php\/wp-json\/wp\/v2\/product_tag?post=774353"}],"curies":[{"name":"wp","href":"https:\/\/api.w.org\/{rel}","templated":true}]}}