{"id":774349,"date":"2025-08-28T18:53:29","date_gmt":"2025-08-28T15:53:29","guid":{"rendered":"https:\/\/roveyayinevi.com.tr\/index.php\/urun\/vahsiler-futbol-takimi-12-sihirbaz-rocce\/"},"modified":"2026-04-16T02:17:57","modified_gmt":"2026-04-15T23:17:57","slug":"vahsiler-futbol-takimi-12-sihirbaz-rocce","status":"publish","type":"product","link":"https:\/\/roveyayinevi.com.tr\/index.php\/urun\/vahsiler-futbol-takimi-12-sihirbaz-rocce\/","title":{"rendered":"Vah\u015filer Futbol Tak\u0131m\u0131 12 Sihirbaz Rocce"},"content":{"rendered":"<p>Sihirbaz Rocce Bat\u0131l inan\u00e7 sahibi Sihirbaz Rocce ba\u015fta olmak \u00fczere b\u00fct\u00fcn Vah\u015filer Tak\u0131m\u0131 \u015fa\u015fk\u0131na d\u00f6nm\u00fc\u015ft\u00fc. Bu kez kar\u015f\u0131lar\u0131na \u00e7\u0131kan, ger\u00e7ekten de \u00f6zel g\u00fc\u00e7lere sahip gibi g\u00f6r\u00fcnen, \u00e7ok etkileyici bir k\u0131zd\u0131. Annika ismindeki bu k\u0131z, Rocce&#8217;yi hem \u015fa\u015fk\u0131na \u00e7evirmi\u015f hem de onu kendine a\u015f\u0131k etmi\u015fti. Zaten sahada da i\u015fler pek iyi gitmiyordu. Kasvetliler tak\u0131m\u0131 TSV Turnerkreis, ma\u00e7lar s\u0131ras\u0131nda kazanmak u\u011fruna her t\u00fcr yola ba\u015fvuruyordu ve bizimkiler bu davran\u0131\u015f kar\u015f\u0131s\u0131nda \u00e7aresizlik i\u00e7indeydi. Bulunduklar\u0131 noktay\u0131 gelmek i\u00e7in \u015fimdiye dek say\u0131s\u0131z m\u00fccadele vermi\u015f olan Vah\u015filer, bakal\u0131m bu macerada i\u015fin i\u00e7inden nas\u0131l \u00e7\u0131kacaklar? <\/p>\n","protected":false},"excerpt":{"rendered":"<p>Sihirbaz Rocce Bat\u0131l inan\u00e7 sahibi Sihirbaz Rocce ba\u015fta olmak \u00fczere b\u00fct\u00fcn Vah\u015filer Tak\u0131m\u0131 \u015fa\u015fk\u0131na d\u00f6nm\u00fc\u015ft\u00fc. Bu kez kar\u015f\u0131lar\u0131na \u00e7\u0131kan, ger\u00e7ekten de \u00f6zel g\u00fc\u00e7lere sahip gibi g\u00f6r\u00fcnen,<span class=\"excerpt-hellip\"> [\u2026]<\/span><\/p>\n","protected":false},"featured_media":0,"template":"","meta":{"_monsterinsights_skip_tracking":false,"_monsterinsights_sitenote_active":false,"_monsterinsights_sitenote_note":"","_monsterinsights_sitenote_category":0},"product_brand":[],"product_cat":[12275,12274],"product_tag":[],"class_list":{"0":"post-774349","1":"product","2":"type-product","3":"status-publish","5":"product_cat-6-12-yas-kitaplari","6":"product_cat-cocuk-ve-genclik-kitaplari","7":"pa_cilt-ciltli","8":"pa_tur-kitap","9":"pa_yayinevi-epsilon-yayinlari","10":"pa_yazar-joachim-masannek","12":"first","13":"instock","14":"sale","15":"shipping-taxable","16":"purchasable","17":"product-type-simple"},"_links":{"self":[{"href":"https:\/\/roveyayinevi.com.tr\/index.php\/wp-json\/wp\/v2\/product\/774349","targetHints":{"allow":["GET"]}}],"collection":[{"href":"https:\/\/roveyayinevi.com.tr\/index.php\/wp-json\/wp\/v2\/product"}],"about":[{"href":"https:\/\/roveyayinevi.com.tr\/index.php\/wp-json\/wp\/v2\/types\/product"}],"wp:attachment":[{"href":"https:\/\/roveyayinevi.com.tr\/index.php\/wp-json\/wp\/v2\/media?parent=774349"}],"wp:term":[{"taxonomy":"product_brand","embeddable":true,"href":"https:\/\/roveyayinevi.com.tr\/index.php\/wp-json\/wp\/v2\/product_brand?post=774349"},{"taxonomy":"product_cat","embeddable":true,"href":"https:\/\/roveyayinevi.com.tr\/index.php\/wp-json\/wp\/v2\/product_cat?post=774349"},{"taxonomy":"product_tag","embeddable":true,"href":"https:\/\/roveyayinevi.com.tr\/index.php\/wp-json\/wp\/v2\/product_tag?post=774349"}],"curies":[{"name":"wp","href":"https:\/\/api.w.org\/{rel}","templated":true}]}}