{"id":774348,"date":"2025-08-28T18:52:35","date_gmt":"2025-08-28T15:52:35","guid":{"rendered":"https:\/\/roveyayinevi.com.tr\/index.php\/urun\/vahsiler-futbol-takimi-1-calimci-leon\/"},"modified":"2026-04-16T02:17:39","modified_gmt":"2026-04-15T23:17:39","slug":"vahsiler-futbol-takimi-1-calimci-leon","status":"publish","type":"product","link":"https:\/\/roveyayinevi.com.tr\/index.php\/urun\/vahsiler-futbol-takimi-1-calimci-leon\/","title":{"rendered":"Vah\u015filer Futbol Tak\u0131m\u0131 1 &#8211; \u00c7al\u0131mc\u0131 Leon"},"content":{"rendered":"<p>Hayatlar\u0131 futbol olan yedi arkada\u015ft\u0131 onlar. Paskalya tatili yakla\u015f\u0131yordu. Leon ve arkada\u015flar\u0131 bahar\u0131n gelmesini ve futbol sezonunun ba\u015flamas\u0131n\u0131 d\u00f6rt g\u00f6zle bekliyorlard\u0131. Karlar hen\u00fcz erimemi\u015fti. \u015ei\u015fko Michi ve onun tak\u0131m\u0131 olan Az\u0131l\u0131 \u015eampiyonlar bizimkilerin k\u00fc\u00e7\u00fck top sahas\u0131n\u0131 i\u015fgal etmi\u015fti. Vah\u015filer, buna boyun e\u011femezlerdi. Rakiplerini, kazanan\u0131n sahaya sahip olaca\u011f\u0131 bir ma\u00e7 yapmaya davet ettiler. Peki bu iriyar\u0131 ve ya\u015f\u00e7a onlardan b\u00fcy\u00fck \u00e7ocuklar\u0131 nas\u0131l yeneceklerdi? <\/p>\n","protected":false},"excerpt":{"rendered":"<p>Hayatlar\u0131 futbol olan yedi arkada\u015ft\u0131 onlar. Paskalya tatili yakla\u015f\u0131yordu. Leon ve arkada\u015flar\u0131 bahar\u0131n gelmesini ve futbol sezonunun ba\u015flamas\u0131n\u0131 d\u00f6rt g\u00f6zle bekliyorlard\u0131. Karlar hen\u00fcz erimemi\u015fti. \u015ei\u015fko Michi<span class=\"excerpt-hellip\"> [\u2026]<\/span><\/p>\n","protected":false},"featured_media":0,"template":"","meta":{"_monsterinsights_skip_tracking":false,"_monsterinsights_sitenote_active":false,"_monsterinsights_sitenote_note":"","_monsterinsights_sitenote_category":0},"product_brand":[],"product_cat":[12275,12274],"product_tag":[],"class_list":{"0":"post-774348","1":"product","2":"type-product","3":"status-publish","5":"product_cat-6-12-yas-kitaplari","6":"product_cat-cocuk-ve-genclik-kitaplari","7":"pa_cilt-ciltli","8":"pa_tur-kitap","9":"pa_yayinevi-epsilon-yayinlari","10":"pa_yazar-joachim-masannek","12":"first","13":"instock","14":"sale","15":"shipping-taxable","16":"purchasable","17":"product-type-simple"},"_links":{"self":[{"href":"https:\/\/roveyayinevi.com.tr\/index.php\/wp-json\/wp\/v2\/product\/774348","targetHints":{"allow":["GET"]}}],"collection":[{"href":"https:\/\/roveyayinevi.com.tr\/index.php\/wp-json\/wp\/v2\/product"}],"about":[{"href":"https:\/\/roveyayinevi.com.tr\/index.php\/wp-json\/wp\/v2\/types\/product"}],"wp:attachment":[{"href":"https:\/\/roveyayinevi.com.tr\/index.php\/wp-json\/wp\/v2\/media?parent=774348"}],"wp:term":[{"taxonomy":"product_brand","embeddable":true,"href":"https:\/\/roveyayinevi.com.tr\/index.php\/wp-json\/wp\/v2\/product_brand?post=774348"},{"taxonomy":"product_cat","embeddable":true,"href":"https:\/\/roveyayinevi.com.tr\/index.php\/wp-json\/wp\/v2\/product_cat?post=774348"},{"taxonomy":"product_tag","embeddable":true,"href":"https:\/\/roveyayinevi.com.tr\/index.php\/wp-json\/wp\/v2\/product_tag?post=774348"}],"curies":[{"name":"wp","href":"https:\/\/api.w.org\/{rel}","templated":true}]}}