{"id":774347,"date":"2025-08-28T18:47:14","date_gmt":"2025-08-28T15:47:14","guid":{"rendered":"https:\/\/roveyayinevi.com.tr\/index.php\/urun\/hititce-turkce-turkce-hititce-buyuk-sozluk\/"},"modified":"2026-04-16T02:16:46","modified_gmt":"2026-04-15T23:16:46","slug":"hititce-turkce-turkce-hititce-buyuk-sozluk","status":"publish","type":"product","link":"https:\/\/roveyayinevi.com.tr\/index.php\/urun\/hititce-turkce-turkce-hititce-buyuk-sozluk\/","title":{"rendered":"Hitit\u00e7e T\u00fcrk\u00e7e &#8211; T\u00fcrk\u00e7e Hitit\u00e7e B\u00fcy\u00fck S\u00f6zl\u00fck"},"content":{"rendered":"<p>Ahmet \u00dcnal U\u015fak do\u011fumludur.Ankara \u00dcniversitesi Dil ve Tarih-Co\u011frafya Fak\u00fcltesi ve Y\u00fcksek \u00d6\u011fretmen Okulunda Tarih,Arkeoloji,Hititoloji ve Pedagoji tahsili yapm\u0131\u015f ve tarih \u00f6\u011fretmenli\u011fi sertifikas\u0131 alm\u0131\u015ft\u0131r.Ayn\u0131 \u00fcniversitede bir y\u0131l asistanl\u0131k yapt\u0131ktan sonra M\u00fcnih \u00dcniversitesinde eski\u00e7a\u011f tarihi,Hitit\u00e7e,Akadca,Yunanca,Latince ve Genel Dilbilim okumu\u015f ve Hitit tarihiyle ilgili doktoras\u0131n\u0131 vermi\u015ftir.Alexander von Humboldt Bursuyla iki y\u0131l doktora \u00fcst\u00fc bilimsel \u00e7al\u0131\u015fmalar yapm\u0131\u015ft\u0131r.1975&#8217;ten beri itibaren Dil ve Tarih-Co\u011frafya Fak\u00fcltesinde Hititoloji k\u00fcrs\u00fcs\u00fcnde g\u00f6rev yapm\u0131\u015f,1979&#8217;da ayn\u0131 k\u00fcrs\u00fcde do\u00e7ent olmu\u015ftur.1982-1985 y\u0131llar\u0131nda M\u00fcnih \u00dcniversitesinde misafir do\u00e7entlik yapm\u0131\u015f;hocas\u0131 Annelies Kammenhuber&#8217;in \u00e7\u0131karmakta oldu\u011fu Hitit\u00e7e s\u00f6zl\u00fck projesine kat\u0131lm\u0131\u015ft\u0131r.1985-1988 y\u0131llar\u0131nda Chicago \u00dcniversitende g\u00f6rev yapar,gene oradaki s\u00f6zl\u00fck projesinde \u00e7al\u0131\u015f\u0131rken,1988&#8217;de M\u00fcnih \u00dcniversite taraf\u0131ndan kayd\u0131 hayat \u015fart\u0131yla Hititoloji ve Eski Anadolu Dilleri profes\u00f6rl\u00fc\u011f\u00fcne atanm\u0131\u015f ve emekli oluncaya kadar bu g\u00f6revde kalm\u0131\u015ft\u0131r.Hen\u00fcz \u00f6\u011frencilik y\u0131llar\u0131nda Alacah\u00f6y\u00fck ve \u00c7orum Ku\u015fsaray kaz\u0131lar\u0131na kat\u0131lm\u0131\u015f,\u015fimdilerde yerle bir edilen Yozgat kentinin \u00e7ekirde\u011fi \u00c7engeltepe kaz\u0131lar\u0131n\u0131 y\u00f6netmi\u015ftir.1992&#8217;den itibaren kaz\u0131 filolo\u011fu olarak M\u00fcnih \u00dcniversitesi taraf\u0131ndan y\u00fcr\u00fct\u00fclen Sirkeli (Adana,Ceyhan) kaz\u0131lar\u0131na kat\u0131lm\u0131\u015ft\u0131r.Ankara,M\u00fcnih,Chiago,Bern,Konya,Antalya,Antakya,\u00c7ukurova ve Hitit (\u00c7orum) \u00fcniversitelerinde Hitit\u00e7e,Akadca ve Eski Anadolu Dilleri,eski Do\u011fu Tarihi,Yunan ve Roma Tarihi,uygarl\u0131k tarihi ve Arkeoloji dersleri okutmu\u015f ve yurti\u00e7i ve yurtd\u0131\u015flar\u0131nda \u00e7ok say\u0131da konferanslar vermi\u015ftir.M\u00fcnih \u00dcniversitesinden emekli olduktan sonra bir ara Adana \u00dcniversitesinde \u00e7al\u0131\u015fm\u0131\u015f;\u00c7orum Hitit \u00dcniversitesinde Arkeoloji B\u00f6l\u00fcm\u00fc \u00f6\u011fretim \u00fcyeli\u011fi ve &#8216;Hitit Uygarl\u0131\u011f\u0131 Ara\u015ft\u0131rma Merkezi&#8217; m\u00fcd\u00fcrl\u00fc\u011f\u00fc yapm\u0131\u015ft\u0131r.A \u00dcnal&#8217;\u0131n Hitit\u00e7e,di\u011fer eski Anadolu dilleri, tarih, k\u00fclt\u00fcr, din, b\u00fcy\u00fc ,falc\u0131l\u0131k, t\u0131p, arkeoloji, mutfak, s\u00f6zl\u00fck,sanat ve siyasi tarihle ilgili T\u00fcrk\u00e7e,\u0130ngilizce ve Almanca yaz\u0131lm\u0131\u015f \u00e7ok say\u0131da kitab\u0131,y\u00fczlerce makalesi ve ansiklopedi maddeleri bulunmaktad\u0131r.\u00c7ok say\u0131da \u00e7ivi yaz\u0131l\u0131 metin yay\u0131nlar\u0131 bulunur.Ortak\u00f6y metinlerinden ilk partiyi yay\u0131nlad\u0131\u011f\u0131 kitab\u0131,bunlardan birisidir.2007&#8217;de Hamburg&#8217;da bas\u0131lan ve Almanca kar\u015f\u0131l\u0131klar\u0131n\u0131 i\u00e7eren s\u00f6zl\u00fc\u011f\u00fc,uzun deneyimlerinin \u00fcr\u00fcn\u00fc ve ve me\u015fakkatli mesaisinin bir sonucudur.Hititler Devrinde Anadolu ba\u015fl\u0131kl\u0131 3 ciltlik \u00e7al\u0131\u015fmas\u0131 (2002-2005) el kitab\u0131 niteli\u011findedir.\u015eimdi bu kitaplar\u0131n Hitit k\u00fclt\u00fcr\u00fcn\u00fcn t\u00fcm y\u00f6nlerini kapsayacak \u015fekilde \u00e7ok daha geni\u015fleti\u015fmi\u015f bask\u0131s\u0131n\u0131,Hitit Tarihi&#8217;ni ve Devrim Devrin&#8217;de Anadolu kitaplar\u0131n\u0131 haz\u0131rlamaktad\u0131r. <\/p>\n","protected":false},"excerpt":{"rendered":"<p>Ahmet \u00dcnal U\u015fak do\u011fumludur.Ankara \u00dcniversitesi Dil ve Tarih-Co\u011frafya Fak\u00fcltesi ve Y\u00fcksek \u00d6\u011fretmen Okulunda Tarih,Arkeoloji,Hititoloji ve Pedagoji tahsili yapm\u0131\u015f ve tarih \u00f6\u011fretmenli\u011fi sertifikas\u0131 alm\u0131\u015ft\u0131r.Ayn\u0131 \u00fcniversitede bir y\u0131l<span class=\"excerpt-hellip\"> [\u2026]<\/span><\/p>\n","protected":false},"featured_media":0,"template":"","meta":{"_monsterinsights_skip_tracking":false,"_monsterinsights_sitenote_active":false,"_monsterinsights_sitenote_note":"","_monsterinsights_sitenote_category":0},"product_brand":[],"product_cat":[12566,13611],"product_tag":[],"class_list":{"0":"post-774347","1":"product","2":"type-product","3":"status-publish","5":"product_cat-egitim","6":"product_cat-sozlukler-ve-konusma-kilavuzlari","7":"pa_cilt-ciltsiz","8":"pa_tur-kitap","9":"pa_yayinevi-bilgin-kultur-sanat","10":"pa_yazar-ahmet-unal","12":"first","13":"instock","14":"sale","15":"shipping-taxable","16":"purchasable","17":"product-type-simple"},"_links":{"self":[{"href":"https:\/\/roveyayinevi.com.tr\/index.php\/wp-json\/wp\/v2\/product\/774347","targetHints":{"allow":["GET"]}}],"collection":[{"href":"https:\/\/roveyayinevi.com.tr\/index.php\/wp-json\/wp\/v2\/product"}],"about":[{"href":"https:\/\/roveyayinevi.com.tr\/index.php\/wp-json\/wp\/v2\/types\/product"}],"wp:attachment":[{"href":"https:\/\/roveyayinevi.com.tr\/index.php\/wp-json\/wp\/v2\/media?parent=774347"}],"wp:term":[{"taxonomy":"product_brand","embeddable":true,"href":"https:\/\/roveyayinevi.com.tr\/index.php\/wp-json\/wp\/v2\/product_brand?post=774347"},{"taxonomy":"product_cat","embeddable":true,"href":"https:\/\/roveyayinevi.com.tr\/index.php\/wp-json\/wp\/v2\/product_cat?post=774347"},{"taxonomy":"product_tag","embeddable":true,"href":"https:\/\/roveyayinevi.com.tr\/index.php\/wp-json\/wp\/v2\/product_tag?post=774347"}],"curies":[{"name":"wp","href":"https:\/\/api.w.org\/{rel}","templated":true}]}}