{"id":774346,"date":"2025-08-28T18:45:13","date_gmt":"2025-08-28T15:45:13","guid":{"rendered":"https:\/\/roveyayinevi.com.tr\/index.php\/urun\/uluslararasi-biyopolitika\/"},"modified":"2026-04-16T02:16:24","modified_gmt":"2026-04-15T23:16:24","slug":"uluslararasi-biyopolitika","status":"publish","type":"product","link":"https:\/\/roveyayinevi.com.tr\/index.php\/urun\/uluslararasi-biyopolitika\/","title":{"rendered":"Uluslararas\u0131 Biyopolitika"},"content":{"rendered":"<p>Mark Kelly, T\u00fcrk\u00e7edeki bu ilk kitab\u0131nda daha \u00f6nce dokunulmam\u0131\u015f bir alan\u0131 ku\u015fatmak i\u00e7in \u015fu sorular\u0131n pe\u015fine d\u00fc\u015f\u00fcyor: Genellikle i\u00e7 siyaseti anlamakta kullan\u0131lan biyopolitika ve biyoiktidar kavramlar\u0131, uluslararas\u0131 ili\u015fkileri anlamakta kullan\u0131labilir mi? K\u00fcresel bir biyopolitikadan veya k\u00fcresel bir n\u00fcfustan s\u00f6z edilebilir mi? Emperyalizm halen varl\u0131\u011f\u0131n\u0131 s\u00fcrd\u00fcr\u00fcyor mu?Karasal s\u0131n\u0131rlar\u0131n giderek ortadan kaybolmaya y\u00fcz tuttu\u011fu, birinci ve \u00fc\u00e7\u00fcnc\u00fc d\u00fcnya aras\u0131ndaki makas\u0131n daralmaya ba\u015flad\u0131\u011f\u0131 iddialar\u0131n\u0131n aksine Kelly, emperyalizmin bug\u00fcn hi\u00e7 olmad\u0131\u011f\u0131 kadar g\u00fc\u00e7l\u00fc oldu\u011funu ileri s\u00fcr\u00fcyor. Bu yeni emperyalizmi anlamak i\u00e7in yeni bir ara\u00e7 setine ihtiyac\u0131m\u0131z oldu\u011funu, biyopolitika tart\u0131\u015fmalar\u0131n\u0131n uluslararas\u0131 ili\u015fkiler alan\u0131nda yeni bir ufuka\u00e7abilece\u011fini dile getiriyor. Bu minvalde \u201cbiyopolitik emperyalizm\u201d kavram\u0131n\u0131 ortaya koydu\u011fu epey ses getiren bu \u00e7al\u0131\u015fmas\u0131nda, yard\u0131m kisvesi alt\u0131nda ger\u00e7ekle\u015ftirilen emperyal m\u00fcdahaleleri Irak ve Afganistan \u00f6rnekleri \u00e7er\u00e7evesinde ele al\u0131yor.Kelly, bir yandan Amerikan emperyalizminin Ortado\u011fu\u2019daki politikalar\u0131n\u0131n zamanla \u201ckorkun\u00e7 bir hata\u201dya d\u00f6n\u00fc\u015ft\u00fc\u011f\u00fcn\u00fc g\u00f6stermeye \u00e7al\u0131\u015f\u0131rken, \u00f6te yandan da bu emperyalizmin biyopolitik dayatmalar\u0131na kar\u015f\u0131 K\u00fcba\u2019n\u0131n bir model olarak ele al\u0131nabilece\u011fini iddia ediyor. <\/p>\n","protected":false},"excerpt":{"rendered":"<p>Mark Kelly, T\u00fcrk\u00e7edeki bu ilk kitab\u0131nda daha \u00f6nce dokunulmam\u0131\u015f bir alan\u0131 ku\u015fatmak i\u00e7in \u015fu sorular\u0131n pe\u015fine d\u00fc\u015f\u00fcyor: Genellikle i\u00e7 siyaseti anlamakta kullan\u0131lan biyopolitika ve biyoiktidar kavramlar\u0131,<span class=\"excerpt-hellip\"> [\u2026]<\/span><\/p>\n","protected":false},"featured_media":0,"template":"","meta":{"_monsterinsights_skip_tracking":false,"_monsterinsights_sitenote_active":false,"_monsterinsights_sitenote_note":"","_monsterinsights_sitenote_category":0},"product_brand":[],"product_cat":[12338,12337],"product_tag":[],"class_list":{"0":"post-774346","1":"product","2":"type-product","3":"status-publish","5":"product_cat-dunya-siyaseti-ve-politikasi","6":"product_cat-politika-siyaset","7":"pa_cilt-ciltsiz","8":"pa_tur-kitap","9":"pa_yayinevi-pharmakon-kitap","10":"pa_yazar-mark-g-e-kelly","12":"first","13":"instock","14":"sale","15":"shipping-taxable","16":"purchasable","17":"product-type-simple"},"_links":{"self":[{"href":"https:\/\/roveyayinevi.com.tr\/index.php\/wp-json\/wp\/v2\/product\/774346","targetHints":{"allow":["GET"]}}],"collection":[{"href":"https:\/\/roveyayinevi.com.tr\/index.php\/wp-json\/wp\/v2\/product"}],"about":[{"href":"https:\/\/roveyayinevi.com.tr\/index.php\/wp-json\/wp\/v2\/types\/product"}],"wp:attachment":[{"href":"https:\/\/roveyayinevi.com.tr\/index.php\/wp-json\/wp\/v2\/media?parent=774346"}],"wp:term":[{"taxonomy":"product_brand","embeddable":true,"href":"https:\/\/roveyayinevi.com.tr\/index.php\/wp-json\/wp\/v2\/product_brand?post=774346"},{"taxonomy":"product_cat","embeddable":true,"href":"https:\/\/roveyayinevi.com.tr\/index.php\/wp-json\/wp\/v2\/product_cat?post=774346"},{"taxonomy":"product_tag","embeddable":true,"href":"https:\/\/roveyayinevi.com.tr\/index.php\/wp-json\/wp\/v2\/product_tag?post=774346"}],"curies":[{"name":"wp","href":"https:\/\/api.w.org\/{rel}","templated":true}]}}