{"id":774344,"date":"2025-08-28T18:19:59","date_gmt":"2025-08-28T15:19:59","guid":{"rendered":"https:\/\/roveyayinevi.com.tr\/index.php\/urun\/gunisigina-yolculuk-okul-yillari-3\/"},"modified":"2026-04-16T02:12:56","modified_gmt":"2026-04-15T23:12:56","slug":"gunisigina-yolculuk-okul-yillari-3","status":"publish","type":"product","link":"https:\/\/roveyayinevi.com.tr\/index.php\/urun\/gunisigina-yolculuk-okul-yillari-3\/","title":{"rendered":"G\u00fcn\u0131\u015f\u0131\u011f\u0131na Yolculuk &#8211; Okul Y\u0131llar\u0131 3"},"content":{"rendered":"<p>Day\u0131m, \u201cGel, yan\u0131ma otur bakay\u0131m,\u201d dedi. \u201c\u0130\u015fte geldim,\u201d dedim, dirse\u011fimi dizlerinin \u00fcst\u00fcne koydum. \u201cYar\u0131n sana bir kitap alaca\u011f\u0131m. Ad\u0131 \u2018Alfabe\u2019. Onda daha \u00e7ok resim var. Resimlere bakarken anlat\u0131rken okuma yazmay\u0131 da \u00f6\u011freneceksin. <\/p>\n","protected":false},"excerpt":{"rendered":"<p>Day\u0131m, \u201cGel, yan\u0131ma otur bakay\u0131m,\u201d dedi. \u201c\u0130\u015fte geldim,\u201d dedim, dirse\u011fimi dizlerinin \u00fcst\u00fcne koydum. \u201cYar\u0131n sana bir kitap alaca\u011f\u0131m. Ad\u0131 \u2018Alfabe\u2019. Onda daha \u00e7ok resim var. Resimlere<span class=\"excerpt-hellip\"> [\u2026]<\/span><\/p>\n","protected":false},"featured_media":0,"template":"","meta":{"_monsterinsights_skip_tracking":false,"_monsterinsights_sitenote_active":false,"_monsterinsights_sitenote_note":"","_monsterinsights_sitenote_category":0},"product_brand":[],"product_cat":[12274,12284],"product_tag":[],"class_list":{"0":"post-774344","1":"product","2":"type-product","3":"status-publish","5":"product_cat-cocuk-ve-genclik-kitaplari","6":"product_cat-hikayeler","7":"pa_cilt-ciltsiz","8":"pa_tur-kitap","9":"pa_yayinevi-can-cocuk-yayinlari","10":"pa_yazar-adnan-binyazar","12":"first","13":"instock","14":"sale","15":"shipping-taxable","16":"purchasable","17":"product-type-simple"},"_links":{"self":[{"href":"https:\/\/roveyayinevi.com.tr\/index.php\/wp-json\/wp\/v2\/product\/774344","targetHints":{"allow":["GET"]}}],"collection":[{"href":"https:\/\/roveyayinevi.com.tr\/index.php\/wp-json\/wp\/v2\/product"}],"about":[{"href":"https:\/\/roveyayinevi.com.tr\/index.php\/wp-json\/wp\/v2\/types\/product"}],"wp:attachment":[{"href":"https:\/\/roveyayinevi.com.tr\/index.php\/wp-json\/wp\/v2\/media?parent=774344"}],"wp:term":[{"taxonomy":"product_brand","embeddable":true,"href":"https:\/\/roveyayinevi.com.tr\/index.php\/wp-json\/wp\/v2\/product_brand?post=774344"},{"taxonomy":"product_cat","embeddable":true,"href":"https:\/\/roveyayinevi.com.tr\/index.php\/wp-json\/wp\/v2\/product_cat?post=774344"},{"taxonomy":"product_tag","embeddable":true,"href":"https:\/\/roveyayinevi.com.tr\/index.php\/wp-json\/wp\/v2\/product_tag?post=774344"}],"curies":[{"name":"wp","href":"https:\/\/api.w.org\/{rel}","templated":true}]}}