{"id":774340,"date":"2025-08-28T17:00:57","date_gmt":"2025-08-28T14:00:57","guid":{"rendered":"https:\/\/roveyayinevi.com.tr\/index.php\/urun\/bir-ekonomik-tetikcinin-itiraflari-2-sirketokrasi-ve-ondan-kurtulmanin-yollari\/"},"modified":"2026-04-16T01:59:52","modified_gmt":"2026-04-15T22:59:52","slug":"bir-ekonomik-tetikcinin-itiraflari-2-sirketokrasi-ve-ondan-kurtulmanin-yollari","status":"publish","type":"product","link":"https:\/\/roveyayinevi.com.tr\/index.php\/urun\/bir-ekonomik-tetikcinin-itiraflari-2-sirketokrasi-ve-ondan-kurtulmanin-yollari\/","title":{"rendered":"Bir Ekonomik Tetik\u00e7inin \u0130tiraflar\u0131 2 &#8211; \u015eirketokrasi ve Ondan Kurtulman\u0131n Yollar\u0131"},"content":{"rendered":"<p>Bir yanda milli bir otomotiv end\u00fcstrisi ya da petrol ve do\u011falgaz kaynaklar\u0131 olmayan bir \u00fclke olarak 50 y\u0131l\u0131 a\u015fk\u0131n s\u00fcredir ard\u0131 ard\u0131na yapt\u0131\u011f\u0131m\u0131z otoyollar, bir yanda ilk seferinde raydan \u00e7\u0131kan h\u0131zl\u0131 trenimiz&#8230;  Patentli binlerce projeye konu olan, gelece\u011fin enerji kayna\u011f\u0131 olmas\u0131na kesin g\u00f6z\u00fcyle bak\u0131lan Bor, Tor ve Osmiyum gibi madenlerin yok pahas\u0131na elden \u00e7\u0131kart\u0131lmas\u0131&#8230;  Y\u0131llard\u0131r bekledi\u011fimiz devasa b\u00fct\u00e7eli tar\u0131m ve \u00e7evre projelerindeki fiyaskolar&#8230;  K\u00fclt\u00fcr\u00fcn g\u00f6rsel medyaya, e\u011fitimin pop\u00fcler k\u00fclt\u00fcre teslim edilmesi&#8230;  Enerjiden turizme, sanayiden d\u0131\u015f ticarete, ula\u015ft\u0131rmadan bankac\u0131l\u0131\u011fa kadar bir\u00e7ok alanda yap\u0131lan yanl\u0131\u015flar&#8230;  Pervas\u0131zca al\u0131nan bor\u00e7lar, r\u00fc\u015fvetler, yolsuzluklar&#8230;Ve son olarak, \u00f6zelle\u015ftirmeler, D\u00fcnya Bankas\u0131 ve IMF yap\u0131land\u0131rma paketleri&#8230; Kendinize bir sorun. Bug\u00fcnlere sadece basit hatalar y\u00fcz\u00fcnden mi geldik?Ayn\u0131 deneyimlerden ge\u00e7mi\u015f ve b\u00fcy\u00fck ac\u0131lar pahas\u0131na ibret verici dersler alm\u0131\u015f \u00fclkeler, uluslarvar.Ve onlarla ayn\u0131 kaderi payla\u015fmamak i\u00e7in yapmam\u0131z gereken \u015feyler&#8230; <\/p>\n","protected":false},"excerpt":{"rendered":"<p>Bir yanda milli bir otomotiv end\u00fcstrisi ya da petrol ve do\u011falgaz kaynaklar\u0131 olmayan bir \u00fclke olarak 50 y\u0131l\u0131 a\u015fk\u0131n s\u00fcredir ard\u0131 ard\u0131na yapt\u0131\u011f\u0131m\u0131z otoyollar, bir yanda<span class=\"excerpt-hellip\"> [\u2026]<\/span><\/p>\n","protected":false},"featured_media":0,"template":"","meta":{"_monsterinsights_skip_tracking":false,"_monsterinsights_sitenote_active":false,"_monsterinsights_sitenote_note":"","_monsterinsights_sitenote_category":0},"product_brand":[],"product_cat":[12338,12337],"product_tag":[],"class_list":{"0":"post-774340","1":"product","2":"type-product","3":"status-publish","5":"product_cat-dunya-siyaseti-ve-politikasi","6":"product_cat-politika-siyaset","7":"pa_cilt-ciltsiz","8":"pa_tur-kitap","9":"pa_yayinevi-april-yayincilik","10":"pa_yazar-john-perkins","12":"first","13":"instock","14":"sale","15":"shipping-taxable","16":"purchasable","17":"product-type-simple"},"_links":{"self":[{"href":"https:\/\/roveyayinevi.com.tr\/index.php\/wp-json\/wp\/v2\/product\/774340","targetHints":{"allow":["GET"]}}],"collection":[{"href":"https:\/\/roveyayinevi.com.tr\/index.php\/wp-json\/wp\/v2\/product"}],"about":[{"href":"https:\/\/roveyayinevi.com.tr\/index.php\/wp-json\/wp\/v2\/types\/product"}],"wp:attachment":[{"href":"https:\/\/roveyayinevi.com.tr\/index.php\/wp-json\/wp\/v2\/media?parent=774340"}],"wp:term":[{"taxonomy":"product_brand","embeddable":true,"href":"https:\/\/roveyayinevi.com.tr\/index.php\/wp-json\/wp\/v2\/product_brand?post=774340"},{"taxonomy":"product_cat","embeddable":true,"href":"https:\/\/roveyayinevi.com.tr\/index.php\/wp-json\/wp\/v2\/product_cat?post=774340"},{"taxonomy":"product_tag","embeddable":true,"href":"https:\/\/roveyayinevi.com.tr\/index.php\/wp-json\/wp\/v2\/product_tag?post=774340"}],"curies":[{"name":"wp","href":"https:\/\/api.w.org\/{rel}","templated":true}]}}