{"id":774332,"date":"2025-08-28T16:47:39","date_gmt":"2025-08-28T13:47:39","guid":{"rendered":"https:\/\/roveyayinevi.com.tr\/index.php\/urun\/evrenin-genetigi\/"},"modified":"2026-04-15T03:41:44","modified_gmt":"2026-04-15T00:41:44","slug":"evrenin-genetigi","status":"publish","type":"product","link":"https:\/\/roveyayinevi.com.tr\/index.php\/urun\/evrenin-genetigi\/","title":{"rendered":"Evrenin Geneti\u011fi"},"content":{"rendered":"<p>Elinizdeki bu eser, Teoloji ve Felsefe\u2019nin temel konular\u0131ndan \u201cVarl\u0131k Felsefesi\u201dni, klasik \u0130slam\u00ee kaynaklardan ve mutasavv\u0131flardan ilhamla, \u00e7a\u011fda\u015f y\u00f6ntemlerle yeniden yorumlayan s\u0131ra d\u0131\u015f\u0131 bir \u00e7al\u0131\u015fmad\u0131r. \u201cTevhid-i Ef\u2019al\u201din baz\u0131 y\u00f6nlerini bilimsel olarak a\u00e7\u0131klarken, \u201cHay\u201d ism-i \u015ferifinin varl\u0131k \u00e2lemindeki cereyan\u0131n\u0131 da detayland\u0131r\u0131r. \u201cAr\u015f\u201d\u0131 hem varl\u0131\u011f\u0131n \u00e7ekirde\u011fi hem de onun a\u00e7\u0131l\u0131m\u0131 olarak tan\u0131mlay\u0131p, \u201cYedi Sema\u201d ile birlikte yarat\u0131l\u0131\u015f d\u00fczenini \u00f6zg\u00fcn bir bi\u00e7imde a\u00e7\u0131klar. Bu yap\u0131, \u201cKalem\u201din yazd\u0131klar\u0131yla olu\u015fan \u201cLevh-i Mahf\u00fbz\u201da dayal\u0131d\u0131r ve \u201cS\u00fcnnetullah\u201d\u0131n de\u011fi\u015fmezli\u011fini esas al\u0131r.\u0130nsan\u0131n genetik kodlar\u0131 \u00fczerinden varl\u0131\u011f\u0131n genetik yap\u0131s\u0131n\u0131 \u00e7\u00f6z\u00fcmleyen kitap, Levh-i Mahf\u00fbz\u2019u varl\u0131k \u00e2leminin gen haritas\u0131 olarak sunar. Big Bang\u2019den \u00c2dem ile Havva\u2019n\u0131n yarat\u0131l\u0131\u015f\u0131na, k\u0131yametten cennet-cehennem tasvirlerine kadar pek \u00e7ok meseleye Kur\u2019an merkezli ve bilimsel yorumlar getirir.Okurlar\u0131n\u0131n zihninde yeni pencereler a\u00e7acak bu kitab\u0131 din\u00ee ve ilm\u00ee sorumluluk duygusuyla tavsiye ediyorum. Prof. Dr. Hidayet I\u015eIK \u00c7anakkale Onsekiz Mart \u00dcniversitesi \u0130lahiyat Fak\u00fcltesi (E. \u00d6\u011fretim \u00dcyesi) <\/p>\n","protected":false},"excerpt":{"rendered":"<p>Elinizdeki bu eser, Teoloji ve Felsefe\u2019nin temel konular\u0131ndan \u201cVarl\u0131k Felsefesi\u201dni, klasik \u0130slam\u00ee kaynaklardan ve mutasavv\u0131flardan ilhamla, \u00e7a\u011fda\u015f y\u00f6ntemlerle yeniden yorumlayan s\u0131ra d\u0131\u015f\u0131 bir \u00e7al\u0131\u015fmad\u0131r. \u201cTevhid-i Ef\u2019al\u201din<span class=\"excerpt-hellip\"> [\u2026]<\/span><\/p>\n","protected":false},"featured_media":0,"template":"","meta":{"_monsterinsights_skip_tracking":false,"_monsterinsights_sitenote_active":false,"_monsterinsights_sitenote_note":"","_monsterinsights_sitenote_category":0},"product_brand":[],"product_cat":[12718,12719],"product_tag":[],"class_list":{"0":"post-774332","1":"product","2":"type-product","3":"status-publish","5":"product_cat-din","6":"product_cat-islam","7":"pa_cilt-ciltsiz","8":"pa_tur-kitap","9":"pa_yayinevi-kalyora-yayincilik","10":"pa_yazar-celaleddin-ozbek","12":"first","13":"instock","14":"sale","15":"shipping-taxable","16":"purchasable","17":"product-type-simple"},"_links":{"self":[{"href":"https:\/\/roveyayinevi.com.tr\/index.php\/wp-json\/wp\/v2\/product\/774332","targetHints":{"allow":["GET"]}}],"collection":[{"href":"https:\/\/roveyayinevi.com.tr\/index.php\/wp-json\/wp\/v2\/product"}],"about":[{"href":"https:\/\/roveyayinevi.com.tr\/index.php\/wp-json\/wp\/v2\/types\/product"}],"wp:attachment":[{"href":"https:\/\/roveyayinevi.com.tr\/index.php\/wp-json\/wp\/v2\/media?parent=774332"}],"wp:term":[{"taxonomy":"product_brand","embeddable":true,"href":"https:\/\/roveyayinevi.com.tr\/index.php\/wp-json\/wp\/v2\/product_brand?post=774332"},{"taxonomy":"product_cat","embeddable":true,"href":"https:\/\/roveyayinevi.com.tr\/index.php\/wp-json\/wp\/v2\/product_cat?post=774332"},{"taxonomy":"product_tag","embeddable":true,"href":"https:\/\/roveyayinevi.com.tr\/index.php\/wp-json\/wp\/v2\/product_tag?post=774332"}],"curies":[{"name":"wp","href":"https:\/\/api.w.org\/{rel}","templated":true}]}}