{"id":774331,"date":"2025-08-28T16:47:38","date_gmt":"2025-08-28T13:47:38","guid":{"rendered":"https:\/\/roveyayinevi.com.tr\/index.php\/urun\/potansiyel-huylarimiz-1\/"},"modified":"2026-04-15T03:41:44","modified_gmt":"2026-04-15T00:41:44","slug":"potansiyel-huylarimiz-1","status":"publish","type":"product","link":"https:\/\/roveyayinevi.com.tr\/index.php\/urun\/potansiyel-huylarimiz-1\/","title":{"rendered":"Potansiyel Huylar\u0131m\u0131z 1"},"content":{"rendered":"<p>\u0130nsan, Allah\u2019\u0131n yaratt\u0131\u011f\u0131 en m\u00fckemmel varl\u0131kt\u0131r. Bu sebeple Allah\u2019\u0131n s\u0131fatlar\u0131 en g\u00fczel \u015fekilde insanda g\u00f6r\u00fcl\u00fcr. Allah\u2019\u0131n s\u0131fatlar\u0131 da esma-i h\u00fcsna denen en g\u00fczel isimlerle \u00f6zet olarak ifade edilmektedir. Allah\u2019\u0131n isimlerini anlayarak bilen, insan hakk\u0131nda da genel bilgilere sahip olur. \u0130nsan\u0131n kabiliyetlerini bilen de yarat\u0131c\u0131n\u0131n s\u0131fatlar\u0131 hakk\u0131nda bilgi sahibi olur. \u0130nsan\u0131n kabiliyetleri huylar\u0131yla \u015fekillenir. \u0130nsan\u0131n huylar\u0131 hormonlarla \u015fekillenir. Hangi hormonlar hangi huylar\u0131m\u0131z\u0131 \u015fekillendirir, nas\u0131l \u015fekillendirir? Huylar\u0131m\u0131z ba\u011flam\u0131nda yaratan\u0131n isimlerini nas\u0131l anlamal\u0131y\u0131z, yaratan\u0131n isimleri ba\u011flam\u0131nda huylar\u0131m\u0131z\u0131 nas\u0131l kullanmal\u0131y\u0131z? <\/p>\n","protected":false},"excerpt":{"rendered":"<p>\u0130nsan, Allah\u2019\u0131n yaratt\u0131\u011f\u0131 en m\u00fckemmel varl\u0131kt\u0131r. Bu sebeple Allah\u2019\u0131n s\u0131fatlar\u0131 en g\u00fczel \u015fekilde insanda g\u00f6r\u00fcl\u00fcr. Allah\u2019\u0131n s\u0131fatlar\u0131 da esma-i h\u00fcsna denen en g\u00fczel isimlerle \u00f6zet olarak<span class=\"excerpt-hellip\"> [\u2026]<\/span><\/p>\n","protected":false},"featured_media":0,"template":"","meta":{"_monsterinsights_skip_tracking":false,"_monsterinsights_sitenote_active":false,"_monsterinsights_sitenote_note":"","_monsterinsights_sitenote_category":0},"product_brand":[],"product_cat":[12364,12376],"product_tag":[],"class_list":{"0":"post-774331","1":"product","2":"type-product","3":"status-publish","5":"product_cat-genel-konular","6":"product_cat-kisisel-gelisim","7":"pa_cilt-ciltsiz","8":"pa_tur-kitap","9":"pa_yayinevi-kalyora-yayincilik","10":"pa_yazar-celaleddin-ozbek","12":"first","13":"instock","14":"sale","15":"shipping-taxable","16":"purchasable","17":"product-type-simple"},"_links":{"self":[{"href":"https:\/\/roveyayinevi.com.tr\/index.php\/wp-json\/wp\/v2\/product\/774331","targetHints":{"allow":["GET"]}}],"collection":[{"href":"https:\/\/roveyayinevi.com.tr\/index.php\/wp-json\/wp\/v2\/product"}],"about":[{"href":"https:\/\/roveyayinevi.com.tr\/index.php\/wp-json\/wp\/v2\/types\/product"}],"wp:attachment":[{"href":"https:\/\/roveyayinevi.com.tr\/index.php\/wp-json\/wp\/v2\/media?parent=774331"}],"wp:term":[{"taxonomy":"product_brand","embeddable":true,"href":"https:\/\/roveyayinevi.com.tr\/index.php\/wp-json\/wp\/v2\/product_brand?post=774331"},{"taxonomy":"product_cat","embeddable":true,"href":"https:\/\/roveyayinevi.com.tr\/index.php\/wp-json\/wp\/v2\/product_cat?post=774331"},{"taxonomy":"product_tag","embeddable":true,"href":"https:\/\/roveyayinevi.com.tr\/index.php\/wp-json\/wp\/v2\/product_tag?post=774331"}],"curies":[{"name":"wp","href":"https:\/\/api.w.org\/{rel}","templated":true}]}}