{"id":774330,"date":"2025-08-28T16:47:35","date_gmt":"2025-08-28T13:47:35","guid":{"rendered":"https:\/\/roveyayinevi.com.tr\/index.php\/urun\/gonul-defteri-2\/"},"modified":"2026-04-15T03:41:44","modified_gmt":"2026-04-15T00:41:44","slug":"gonul-defteri-2","status":"publish","type":"product","link":"https:\/\/roveyayinevi.com.tr\/index.php\/urun\/gonul-defteri-2\/","title":{"rendered":"G\u00f6n\u00fcl Defteri"},"content":{"rendered":"<p>G\u00f6n\u00fcl dedikleri bir defterdir sanki, Yazd\u0131k\u00e7a a\u011f\u0131rla\u015f\u0131r, dolduk\u00e7a yanar. Bir sat\u0131r sevda, bir sat\u0131r h\u00fcz\u00fcn, Silinmez kelimeler, zamanla kanar.   Kimi g\u00fcn g\u00f6zya\u015f\u0131yla a\u00e7\u0131l\u0131r yaprak, Kimi g\u00fcn tebess\u00fcmle sarar her sat\u0131r. Bir kalbin g\u00fcncesi bu yaz\u0131lanlar, Bir \u00f6mr\u00fcn sessizce at\u0131lan ad\u0131mlar\u0131. <\/p>\n","protected":false},"excerpt":{"rendered":"<p>G\u00f6n\u00fcl dedikleri bir defterdir sanki, Yazd\u0131k\u00e7a a\u011f\u0131rla\u015f\u0131r, dolduk\u00e7a yanar. Bir sat\u0131r sevda, bir sat\u0131r h\u00fcz\u00fcn, Silinmez kelimeler, zamanla kanar. Kimi g\u00fcn g\u00f6zya\u015f\u0131yla a\u00e7\u0131l\u0131r yaprak, Kimi g\u00fcn<span class=\"excerpt-hellip\"> [\u2026]<\/span><\/p>\n","protected":false},"featured_media":0,"template":"","meta":{"_monsterinsights_skip_tracking":false,"_monsterinsights_sitenote_active":false,"_monsterinsights_sitenote_note":"","_monsterinsights_sitenote_category":0},"product_brand":[],"product_cat":[12291,12509],"product_tag":[],"class_list":{"0":"post-774330","1":"product","2":"type-product","3":"status-publish","5":"product_cat-edebiyat","6":"product_cat-siir","7":"pa_cilt-ciltsiz","8":"pa_tur-kitap","9":"pa_yayinevi-fera-yayincilik","10":"pa_yazar-nuray-colgecenoglu-ozbek","12":"first","13":"instock","14":"sale","15":"shipping-taxable","16":"purchasable","17":"product-type-simple"},"_links":{"self":[{"href":"https:\/\/roveyayinevi.com.tr\/index.php\/wp-json\/wp\/v2\/product\/774330","targetHints":{"allow":["GET"]}}],"collection":[{"href":"https:\/\/roveyayinevi.com.tr\/index.php\/wp-json\/wp\/v2\/product"}],"about":[{"href":"https:\/\/roveyayinevi.com.tr\/index.php\/wp-json\/wp\/v2\/types\/product"}],"wp:attachment":[{"href":"https:\/\/roveyayinevi.com.tr\/index.php\/wp-json\/wp\/v2\/media?parent=774330"}],"wp:term":[{"taxonomy":"product_brand","embeddable":true,"href":"https:\/\/roveyayinevi.com.tr\/index.php\/wp-json\/wp\/v2\/product_brand?post=774330"},{"taxonomy":"product_cat","embeddable":true,"href":"https:\/\/roveyayinevi.com.tr\/index.php\/wp-json\/wp\/v2\/product_cat?post=774330"},{"taxonomy":"product_tag","embeddable":true,"href":"https:\/\/roveyayinevi.com.tr\/index.php\/wp-json\/wp\/v2\/product_tag?post=774330"}],"curies":[{"name":"wp","href":"https:\/\/api.w.org\/{rel}","templated":true}]}}