{"id":774327,"date":"2025-08-28T16:47:30","date_gmt":"2025-08-28T13:47:30","guid":{"rendered":"https:\/\/roveyayinevi.com.tr\/index.php\/urun\/daha-dun-gibi\/"},"modified":"2025-08-28T16:47:30","modified_gmt":"2025-08-28T13:47:30","slug":"daha-dun-gibi","status":"publish","type":"product","link":"https:\/\/roveyayinevi.com.tr\/index.php\/urun\/daha-dun-gibi\/","title":{"rendered":"Daha D\u00fcn Gibi"},"content":{"rendered":"<p>Ya\u015fam\u0131n\u0131 kalemiyle kazanan ba\u015far\u0131l\u0131 yazar Can, tedavisi imk\u00e2ns\u0131z bir hastal\u0131\u011fa yakaland\u0131\u011f\u0131n\u0131 \u00f6\u011frenir. Daha D\u00fcn Gibi, 2022\u2019de hen\u00fcz 42 ya\u015f\u0131ndayken o g\u00fcn\u00fcn teknolojisiyle dondurulup, 2191 y\u0131l\u0131nda yeniden hayata d\u00f6nd\u00fcr\u00fclen kahraman\u0131n \u00e7ok sesli bir kurgusu. Adnan Arduman; ya\u015fanacaklara hep ge\u00e7 kalan modern insan\u0131n \u00e7eli\u015fkilerini, i\u00e7indeki bo\u015flu\u011fu ve yaln\u0131zl\u0131\u011f\u0131 anlat\u0131yor. Elinizdeki kitap, ad\u0131yla ve uzak gelecekteki olay \u00f6rg\u00fcs\u00fcyle bir bilimkurguyu \u00e7a\u011fr\u0131\u015ft\u0131rsa da asl\u0131nda bug\u00fcn\u00fcn ve yar\u0131n\u0131n seslerini birle\u015ftiriyor. Yazar; insan psikolojisini, davran\u0131\u015flar\u0131n\u0131 ve ili\u015fkilerini kar\u015f\u0131la\u015ft\u0131rmal\u0131 olarak i\u015fliyor, teknolojinin insan ruhuyla kar\u015f\u0131la\u015fmas\u0131n\u0131 anlat\u0131yor. Evet zaman ge\u00e7iyor; ama hayat Daha D\u00fcn Gibi\u2026<\/p>\n","protected":false},"excerpt":{"rendered":"<p>Ya\u015fam\u0131n\u0131 kalemiyle kazanan ba\u015far\u0131l\u0131 yazar Can, tedavisi imk\u00e2ns\u0131z bir hastal\u0131\u011fa yakaland\u0131\u011f\u0131n\u0131 \u00f6\u011frenir. Daha D\u00fcn Gibi, 2022\u2019de hen\u00fcz 42 ya\u015f\u0131ndayken o g\u00fcn\u00fcn teknolojisiyle dondurulup, 2191 y\u0131l\u0131nda yeniden<span class=\"excerpt-hellip\"> [\u2026]<\/span><\/p>\n","protected":false},"featured_media":0,"template":"","meta":{"_monsterinsights_skip_tracking":false,"_monsterinsights_sitenote_active":false,"_monsterinsights_sitenote_note":"","_monsterinsights_sitenote_category":0},"product_brand":[],"product_cat":[12291,12711],"product_tag":[],"class_list":{"0":"post-774327","1":"product","2":"type-product","3":"status-publish","5":"product_cat-edebiyat","6":"product_cat-roman-oyku","7":"pa_cilt-ciltsiz","8":"pa_tur-kitap","9":"pa_yayinevi-tara-kitap","10":"pa_yazar-adnan-arduman","12":"first","13":"instock","14":"sale","15":"shipping-taxable","16":"purchasable","17":"product-type-simple"},"_links":{"self":[{"href":"https:\/\/roveyayinevi.com.tr\/index.php\/wp-json\/wp\/v2\/product\/774327","targetHints":{"allow":["GET"]}}],"collection":[{"href":"https:\/\/roveyayinevi.com.tr\/index.php\/wp-json\/wp\/v2\/product"}],"about":[{"href":"https:\/\/roveyayinevi.com.tr\/index.php\/wp-json\/wp\/v2\/types\/product"}],"wp:attachment":[{"href":"https:\/\/roveyayinevi.com.tr\/index.php\/wp-json\/wp\/v2\/media?parent=774327"}],"wp:term":[{"taxonomy":"product_brand","embeddable":true,"href":"https:\/\/roveyayinevi.com.tr\/index.php\/wp-json\/wp\/v2\/product_brand?post=774327"},{"taxonomy":"product_cat","embeddable":true,"href":"https:\/\/roveyayinevi.com.tr\/index.php\/wp-json\/wp\/v2\/product_cat?post=774327"},{"taxonomy":"product_tag","embeddable":true,"href":"https:\/\/roveyayinevi.com.tr\/index.php\/wp-json\/wp\/v2\/product_tag?post=774327"}],"curies":[{"name":"wp","href":"https:\/\/api.w.org\/{rel}","templated":true}]}}