{"id":774326,"date":"2025-08-28T16:47:28","date_gmt":"2025-08-28T13:47:28","guid":{"rendered":"https:\/\/roveyayinevi.com.tr\/index.php\/urun\/cuvaldiz\/"},"modified":"2025-08-28T16:47:28","modified_gmt":"2025-08-28T13:47:28","slug":"cuvaldiz","status":"publish","type":"product","link":"https:\/\/roveyayinevi.com.tr\/index.php\/urun\/cuvaldiz\/","title":{"rendered":"\u00c7uvald\u0131z"},"content":{"rendered":"<p>\u0130sa \u00d6zal; \u00c7uvald\u0131z\u2019da tarihsel ve duygusal bir T\u00fcrkiye g\u00fcnl\u00fc\u011f\u00fc tutuyor. Kaleme ald\u0131\u011f\u0131, notlad\u0131\u011f\u0131 konularda; memleketin kalk\u0131nmas\u0131, daha ileri gitmesi ad\u0131na \u00e7\u0131kar yollar\u0131 g\u00f6steriyor. D\u00fc\u015f\u00fcncelerinin temelinde; insanl\u0131\u011f\u0131n ortak haf\u0131zlar\u0131yla ayn\u0131 ekme\u011fi b\u00f6l\u00fc\u015ft\u00fc\u011f\u00fc, ayn\u0131 havay\u0131 soludu\u011fu, ayn\u0131 h\u00fcrriyeti y\u00fcceltti\u011fi T\u00fcrk milletinin hat\u0131ralar\u0131 var. Ders \u00e7\u0131kar\u0131lmas\u0131 ve ibret al\u0131nmas\u0131 gereken bu an\u0131lar\u0131n rehberi ise hi\u00e7 ku\u015fku yok ki Mustafa Kemal Atat\u00fcrk\u2019ten ba\u015fkas\u0131 de\u011fil. Yazar, diyalektik okumas\u0131nda i\u011fneyi de \u00e7uvald\u0131z\u0131 da \u2018biz\u2019e bat\u0131r\u0131yor; \u00e7\u00fcnk\u00fc esasa dair ele\u015ftiriler ve teklifler bunu getiriyor. \u201c\u015eimdi art\u0131k s\u0131ra belki de en \u00f6nemli tespitime geldi. Tespit; Atat\u00fcrk\u00e7\u00fcl\u00fc\u011f\u00fcn \u00f6z tan\u0131m\u0131n\u0131n ne oldu\u011fuyla alakal\u0131d\u0131r. Muhtemeldir ki bu tespite ilkin kat\u0131lmayacaks\u0131n\u0131z hatta k\u0131zacaks\u0131n\u0131z, belki de sa\u00e7ma bulacaks\u0131n\u0131z ve g\u00fcleceksiniz. Ancak sizden \u00f6nyarg\u0131lar\u0131n\u0131z\u0131 bir kenara b\u0131rakarak okuyacaklar\u0131n\u0131z\u0131 derin derin d\u00fc\u015f\u00fcnmenizi, gerekiyorsa farkl\u0131 kaynaklar\u0131 -ama akademik olanlar\u0131 kastediyorum- ara\u015ft\u0131rman\u0131z\u0131 ve tekrar d\u00fc\u015f\u00fcnmenizi istiyorum. Bu y\u00fczden buradaki a\u00e7\u0131klama sadece ana hatlarla s\u0131n\u0131rl\u0131 tutulmu\u015f ve gerisi size b\u0131rak\u0131lm\u0131\u015ft\u0131r, diyerek ba\u015flayal\u0131m.\u201d<\/p>\n","protected":false},"excerpt":{"rendered":"<p>\u0130sa \u00d6zal; \u00c7uvald\u0131z\u2019da tarihsel ve duygusal bir T\u00fcrkiye g\u00fcnl\u00fc\u011f\u00fc tutuyor. Kaleme ald\u0131\u011f\u0131, notlad\u0131\u011f\u0131 konularda; memleketin kalk\u0131nmas\u0131, daha ileri gitmesi ad\u0131na \u00e7\u0131kar yollar\u0131 g\u00f6steriyor. D\u00fc\u015f\u00fcncelerinin temelinde; insanl\u0131\u011f\u0131n<span class=\"excerpt-hellip\"> [\u2026]<\/span><\/p>\n","protected":false},"featured_media":0,"template":"","meta":{"_monsterinsights_skip_tracking":false,"_monsterinsights_sitenote_active":false,"_monsterinsights_sitenote_note":"","_monsterinsights_sitenote_category":0},"product_brand":[],"product_cat":[18545,12291],"product_tag":[],"class_list":{"0":"post-774326","1":"product","2":"type-product","3":"status-publish","5":"product_cat-anlati","6":"product_cat-edebiyat","7":"pa_cilt-ciltsiz","8":"pa_tur-kitap","9":"pa_yayinevi-tara-kitap","10":"pa_yazar-isa-ozal","12":"first","13":"instock","14":"sale","15":"shipping-taxable","16":"purchasable","17":"product-type-simple"},"_links":{"self":[{"href":"https:\/\/roveyayinevi.com.tr\/index.php\/wp-json\/wp\/v2\/product\/774326","targetHints":{"allow":["GET"]}}],"collection":[{"href":"https:\/\/roveyayinevi.com.tr\/index.php\/wp-json\/wp\/v2\/product"}],"about":[{"href":"https:\/\/roveyayinevi.com.tr\/index.php\/wp-json\/wp\/v2\/types\/product"}],"wp:attachment":[{"href":"https:\/\/roveyayinevi.com.tr\/index.php\/wp-json\/wp\/v2\/media?parent=774326"}],"wp:term":[{"taxonomy":"product_brand","embeddable":true,"href":"https:\/\/roveyayinevi.com.tr\/index.php\/wp-json\/wp\/v2\/product_brand?post=774326"},{"taxonomy":"product_cat","embeddable":true,"href":"https:\/\/roveyayinevi.com.tr\/index.php\/wp-json\/wp\/v2\/product_cat?post=774326"},{"taxonomy":"product_tag","embeddable":true,"href":"https:\/\/roveyayinevi.com.tr\/index.php\/wp-json\/wp\/v2\/product_tag?post=774326"}],"curies":[{"name":"wp","href":"https:\/\/api.w.org\/{rel}","templated":true}]}}