{"id":774325,"date":"2025-08-28T16:47:27","date_gmt":"2025-08-28T13:47:27","guid":{"rendered":"https:\/\/roveyayinevi.com.tr\/index.php\/urun\/bebekler-guvenle-baglansin-guvenle-ayrilsin\/"},"modified":"2026-04-15T03:41:44","modified_gmt":"2026-04-15T00:41:44","slug":"bebekler-guvenle-baglansin-guvenle-ayrilsin","status":"publish","type":"product","link":"https:\/\/roveyayinevi.com.tr\/index.php\/urun\/bebekler-guvenle-baglansin-guvenle-ayrilsin\/","title":{"rendered":"Bebekler G\u00fcvenle Ba\u011flans\u0131n, G\u00fcvenle Ayr\u0131ls\u0131n"},"content":{"rendered":"<p>Uzman Klinik Psikolog Hayal Mente\u015f\u2019in bebek ve \u00e7ocuk e\u011fitim setinin ikinci kitab\u0131 olan \u201cBebekler G\u00fcvenle Ba\u011flans\u0131n, G\u00fcvenle Ayr\u0131ls\u0131n\u201d adl\u0131 rehber kitab\u0131 yay\u0131mland\u0131.   \u201cBu rehber, bir \u00e7ocu\u011fun kendini g\u00fcvende hissetti\u011fi, sevildi\u011fini bildi\u011fi ve duygular\u0131n\u0131n ta\u015f\u0131nd\u0131\u011f\u0131 bir d\u00fcnyaya ad\u0131m atabilmesi i\u00e7in yaz\u0131ld\u0131. G\u00fcvenli ba\u011flanma, anne-baba olman\u0131n kalbinde yatan en insani ihtiya\u00e7lara seslenir: Duyulmak, g\u00f6r\u00fclmek ve yarg\u0131lanmadan var olabilmek. Uzman Klinik Psikolog Hayal Mente\u015f, bu kitapta hem bilimsel bilgiyi hem de sahadan gelen ger\u00e7ek deneyimleri bir araya getirerek ebeveynlere \u015fefkatli bir yol haritas\u0131 sunuyor. Her sayfas\u0131, yarg\u0131lamayan bir sesle yaz\u0131ld\u0131.\u00c7\u00fcnk\u00fc bu rehber, m\u00fckemmel olmay\u0131 de\u011fil, ger\u00e7ekten orada olmay\u0131 hedefliyor. \u00c7ocu\u011funuzun size ihtiyac\u0131 oldu\u011funda, elinizi uzatabilmeniz i\u00e7in \u00f6nce sizin eliniz tutulmal\u0131yd\u0131. Bu rehber, i\u015fte o el.\u201d <\/p>\n","protected":false},"excerpt":{"rendered":"<p>Uzman Klinik Psikolog Hayal Mente\u015f\u2019in bebek ve \u00e7ocuk e\u011fitim setinin ikinci kitab\u0131 olan \u201cBebekler G\u00fcvenle Ba\u011flans\u0131n, G\u00fcvenle Ayr\u0131ls\u0131n\u201d adl\u0131 rehber kitab\u0131 yay\u0131mland\u0131. \u201cBu rehber, bir \u00e7ocu\u011fun<span class=\"excerpt-hellip\"> [\u2026]<\/span><\/p>\n","protected":false},"featured_media":0,"template":"","meta":{"_monsterinsights_skip_tracking":false,"_monsterinsights_sitenote_active":false,"_monsterinsights_sitenote_note":"","_monsterinsights_sitenote_category":0},"product_brand":[],"product_cat":[12679,12357],"product_tag":[],"class_list":{"0":"post-774325","1":"product","2":"type-product","3":"status-publish","5":"product_cat-cocuk-psikolojisi","6":"product_cat-psikoloji","7":"pa_cilt-ciltsiz","8":"pa_tur-kitap","9":"pa_yayinevi-myrina-yayinlari","10":"pa_yazar-hayal-mentes","12":"first","13":"instock","14":"sale","15":"shipping-taxable","16":"purchasable","17":"product-type-simple"},"_links":{"self":[{"href":"https:\/\/roveyayinevi.com.tr\/index.php\/wp-json\/wp\/v2\/product\/774325","targetHints":{"allow":["GET"]}}],"collection":[{"href":"https:\/\/roveyayinevi.com.tr\/index.php\/wp-json\/wp\/v2\/product"}],"about":[{"href":"https:\/\/roveyayinevi.com.tr\/index.php\/wp-json\/wp\/v2\/types\/product"}],"wp:attachment":[{"href":"https:\/\/roveyayinevi.com.tr\/index.php\/wp-json\/wp\/v2\/media?parent=774325"}],"wp:term":[{"taxonomy":"product_brand","embeddable":true,"href":"https:\/\/roveyayinevi.com.tr\/index.php\/wp-json\/wp\/v2\/product_brand?post=774325"},{"taxonomy":"product_cat","embeddable":true,"href":"https:\/\/roveyayinevi.com.tr\/index.php\/wp-json\/wp\/v2\/product_cat?post=774325"},{"taxonomy":"product_tag","embeddable":true,"href":"https:\/\/roveyayinevi.com.tr\/index.php\/wp-json\/wp\/v2\/product_tag?post=774325"}],"curies":[{"name":"wp","href":"https:\/\/api.w.org\/{rel}","templated":true}]}}