{"id":774324,"date":"2025-08-28T16:47:25","date_gmt":"2025-08-28T13:47:25","guid":{"rendered":"https:\/\/roveyayinevi.com.tr\/index.php\/urun\/b-b2-b3-bir-mimar-bir-proje-iki-ev-bir-koleksiyonevi-bir-koleksiyoner-ciltli\/"},"modified":"2025-08-28T16:47:25","modified_gmt":"2025-08-28T13:47:25","slug":"b-b2-b3-bir-mimar-bir-proje-iki-ev-bir-koleksiyonevi-bir-koleksiyoner-ciltli","status":"publish","type":"product","link":"https:\/\/roveyayinevi.com.tr\/index.php\/urun\/b-b2-b3-bir-mimar-bir-proje-iki-ev-bir-koleksiyonevi-bir-koleksiyoner-ciltli\/","title":{"rendered":"B, B2, B3 &#8211; Bir Mimar, Bir Proje, \u0130ki Ev, Bir Koleksiyonevi, Bir Koleksiyoner (Ciltli)"},"content":{"rendered":"<p>Selman Bilal\u2019in mimarl\u0131k ve sanata duydu\u011fu ilgi, y\u0131llar i\u00e7inde T\u00fcrkiye\u2019nin \u00f6nemli mimarlar\u0131, tasar\u0131mc\u0131lar\u0131 ve sanat\u00e7\u0131lar\u0131yla yapt\u0131\u011f\u0131 i\u015f birliklerine d\u00f6n\u00fc\u015ft\u00fc. Sanat\u0131n mimariyle i\u00e7 i\u00e7e ge\u00e7ti\u011fi bir koleksiyon modelini inceleyen B, B2, B3 kitab\u0131n\u0131n ilk b\u00f6l\u00fcm\u00fc, A\u011fa Han \u00f6d\u00fcl\u00fcn\u00fc kazanan B2 evinin yan\u0131 s\u0131ra, B ve B3 evlerine odaklan\u0131yor. Bu b\u00f6l\u00fcmde mimar Han T\u00fcmertekin ile B3 evinde yap\u0131lan konu\u015fmaya, daha \u00f6nce hi\u00e7 g\u00f6r\u00fclmemi\u015f foto\u011fraflar ve mimari planlar e\u015flik ediyor. Yaln\u0131zca T\u00fcrkiye\u2019den sanat\u00e7\u0131lara odaklanan ve \u00e7o\u011funlu\u011fu mek\u00e2na \u00f6zg\u00fc eserlerden olu\u015fan B3 Koleksiyonu\u2019nu ele alan ikinci b\u00f6l\u00fcmde ise koleksiyonu ve k\u00e2r amac\u0131 g\u00fctmeyen kurum olan Bilsart\u2019\u0131 yaratan ekip ile s\u00fcreci okuyuculara aktar\u0131yor.<\/p>\n","protected":false},"excerpt":{"rendered":"<p>Selman Bilal\u2019in mimarl\u0131k ve sanata duydu\u011fu ilgi, y\u0131llar i\u00e7inde T\u00fcrkiye\u2019nin \u00f6nemli mimarlar\u0131, tasar\u0131mc\u0131lar\u0131 ve sanat\u00e7\u0131lar\u0131yla yapt\u0131\u011f\u0131 i\u015f birliklerine d\u00f6n\u00fc\u015ft\u00fc. Sanat\u0131n mimariyle i\u00e7 i\u00e7e ge\u00e7ti\u011fi bir koleksiyon<span class=\"excerpt-hellip\"> [\u2026]<\/span><\/p>\n","protected":false},"featured_media":0,"template":"","meta":{"_monsterinsights_skip_tracking":false,"_monsterinsights_sitenote_active":false,"_monsterinsights_sitenote_note":"","_monsterinsights_sitenote_category":0},"product_brand":[],"product_cat":[141304],"product_tag":[],"class_list":{"0":"post-774324","1":"product","2":"type-product","3":"status-publish","5":"product_cat-yeni-cikanlar","6":"pa_cilt-ciltli","7":"pa_tur-kitap","8":"pa_yayinevi-minoa","9":"pa_yazar-selman-bilal","11":"first","12":"instock","13":"sale","14":"shipping-taxable","15":"purchasable","16":"product-type-simple"},"_links":{"self":[{"href":"https:\/\/roveyayinevi.com.tr\/index.php\/wp-json\/wp\/v2\/product\/774324","targetHints":{"allow":["GET"]}}],"collection":[{"href":"https:\/\/roveyayinevi.com.tr\/index.php\/wp-json\/wp\/v2\/product"}],"about":[{"href":"https:\/\/roveyayinevi.com.tr\/index.php\/wp-json\/wp\/v2\/types\/product"}],"wp:attachment":[{"href":"https:\/\/roveyayinevi.com.tr\/index.php\/wp-json\/wp\/v2\/media?parent=774324"}],"wp:term":[{"taxonomy":"product_brand","embeddable":true,"href":"https:\/\/roveyayinevi.com.tr\/index.php\/wp-json\/wp\/v2\/product_brand?post=774324"},{"taxonomy":"product_cat","embeddable":true,"href":"https:\/\/roveyayinevi.com.tr\/index.php\/wp-json\/wp\/v2\/product_cat?post=774324"},{"taxonomy":"product_tag","embeddable":true,"href":"https:\/\/roveyayinevi.com.tr\/index.php\/wp-json\/wp\/v2\/product_tag?post=774324"}],"curies":[{"name":"wp","href":"https:\/\/api.w.org\/{rel}","templated":true}]}}