{"id":774321,"date":"2025-08-28T16:47:21","date_gmt":"2025-08-28T13:47:21","guid":{"rendered":"https:\/\/roveyayinevi.com.tr\/index.php\/urun\/dans-ciltli\/"},"modified":"2025-08-28T16:47:21","modified_gmt":"2025-08-28T13:47:21","slug":"dans-ciltli","status":"publish","type":"product","link":"https:\/\/roveyayinevi.com.tr\/index.php\/urun\/dans-ciltli\/","title":{"rendered":"Dans (Ciltli)"},"content":{"rendered":"<p>Dansa ho\u015f geldiniz.Daha \u00f6nce hi\u00e7 g\u00f6rmedi\u011finiz t\u00fcrden bir canl\u0131 e\u011flence ak\u015fam\u0131na davetlisiniz. Baleden salon danslar\u0131na kadar d\u00fcnyan\u0131n her yerinden en iyi performanslar\u0131 izleyin ve hem ge\u00e7mi\u015fin hem de g\u00fcn\u00fcm\u00fcz\u00fcn s\u00fcperstarlar\u0131yla tan\u0131\u015f\u0131n.\u00d6zel kulis eri\u015fiminiz sayesinde perde arkas\u0131nda neler oldu\u011funu g\u00f6recek, dekor ve kost\u00fcm tasar\u0131m\u0131n\u0131n muhte\u015fem ayr\u0131nt\u0131lar\u0131na hayran kalacaks\u0131n\u0131z.Yerlerinizi al\u0131n. \u015eov ba\u015fl\u0131yor&#8230; <\/p>\n","protected":false},"excerpt":{"rendered":"<p>Dansa ho\u015f geldiniz.Daha \u00f6nce hi\u00e7 g\u00f6rmedi\u011finiz t\u00fcrden bir canl\u0131 e\u011flence ak\u015fam\u0131na davetlisiniz. Baleden salon danslar\u0131na kadar d\u00fcnyan\u0131n her yerinden en iyi performanslar\u0131 izleyin ve hem ge\u00e7mi\u015fin<span class=\"excerpt-hellip\"> [\u2026]<\/span><\/p>\n","protected":false},"featured_media":0,"template":"","meta":{"_monsterinsights_skip_tracking":false,"_monsterinsights_sitenote_active":false,"_monsterinsights_sitenote_note":"","_monsterinsights_sitenote_category":0},"product_brand":[],"product_cat":[13021,12408],"product_tag":[],"class_list":{"0":"post-774321","1":"product","2":"type-product","3":"status-publish","5":"product_cat-sahne-sanatlari","6":"product_cat-sanat","7":"pa_cilt-ciltli","8":"pa_tur-kitap","9":"pa_yayinevi-mare-nostrum","10":"pa_yazar-sir-alistair-spalding","12":"first","13":"instock","14":"sale","15":"shipping-taxable","16":"purchasable","17":"product-type-simple"},"_links":{"self":[{"href":"https:\/\/roveyayinevi.com.tr\/index.php\/wp-json\/wp\/v2\/product\/774321","targetHints":{"allow":["GET"]}}],"collection":[{"href":"https:\/\/roveyayinevi.com.tr\/index.php\/wp-json\/wp\/v2\/product"}],"about":[{"href":"https:\/\/roveyayinevi.com.tr\/index.php\/wp-json\/wp\/v2\/types\/product"}],"wp:attachment":[{"href":"https:\/\/roveyayinevi.com.tr\/index.php\/wp-json\/wp\/v2\/media?parent=774321"}],"wp:term":[{"taxonomy":"product_brand","embeddable":true,"href":"https:\/\/roveyayinevi.com.tr\/index.php\/wp-json\/wp\/v2\/product_brand?post=774321"},{"taxonomy":"product_cat","embeddable":true,"href":"https:\/\/roveyayinevi.com.tr\/index.php\/wp-json\/wp\/v2\/product_cat?post=774321"},{"taxonomy":"product_tag","embeddable":true,"href":"https:\/\/roveyayinevi.com.tr\/index.php\/wp-json\/wp\/v2\/product_tag?post=774321"}],"curies":[{"name":"wp","href":"https:\/\/api.w.org\/{rel}","templated":true}]}}