{"id":774320,"date":"2025-08-28T16:47:19","date_gmt":"2025-08-28T13:47:19","guid":{"rendered":"https:\/\/roveyayinevi.com.tr\/index.php\/urun\/ben-kelebek-bahcesi-kuruyor\/"},"modified":"2025-08-28T16:47:19","modified_gmt":"2025-08-28T13:47:19","slug":"ben-kelebek-bahcesi-kuruyor","status":"publish","type":"product","link":"https:\/\/roveyayinevi.com.tr\/index.php\/urun\/ben-kelebek-bahcesi-kuruyor\/","title":{"rendered":"Ben Kelebek Bah\u00e7esi Kuruyor"},"content":{"rendered":"<p>Kapak\u00e7\u0131kl\u0131 ve \u00dc\u00e7 Boyutlu Kitap   \u00c7i\u00e7ekleri ve kelebekleri \u00e7ok seven Ben&#8217;in \u00f6yk\u00fcs\u00fcn\u00fc oku. E\u011flenceli kapak\u00e7\u0131klar\u0131 kald\u0131r ve kocaman, \u00fc\u00e7 boyutlu s\u00fcrprizi ke\u015ffet! Solucan ve U\u011fur B\u00f6ce\u011fi ile kelebek bah\u00e7elerinin nas\u0131l kuruldu\u011funu \u00f6\u011fren! <\/p>\n","protected":false},"excerpt":{"rendered":"<p>Kapak\u00e7\u0131kl\u0131 ve \u00dc\u00e7 Boyutlu Kitap \u00c7i\u00e7ekleri ve kelebekleri \u00e7ok seven Ben&#8217;in \u00f6yk\u00fcs\u00fcn\u00fc oku. E\u011flenceli kapak\u00e7\u0131klar\u0131 kald\u0131r ve kocaman, \u00fc\u00e7 boyutlu s\u00fcrprizi ke\u015ffet! Solucan ve U\u011fur B\u00f6ce\u011fi<span class=\"excerpt-hellip\"> [\u2026]<\/span><\/p>\n","protected":false},"featured_media":0,"template":"","meta":{"_monsterinsights_skip_tracking":false,"_monsterinsights_sitenote_active":false,"_monsterinsights_sitenote_note":"","_monsterinsights_sitenote_category":0},"product_brand":[],"product_cat":[12274,12284],"product_tag":[],"class_list":{"0":"post-774320","1":"product","2":"type-product","3":"status-publish","5":"product_cat-cocuk-ve-genclik-kitaplari","6":"product_cat-hikayeler","7":"pa_cilt-ciltsiz","8":"pa_tur-kitap","9":"pa_yayinevi-mare-nostrum","10":"pa_yazar-kate-petty","12":"first","13":"instock","14":"sale","15":"shipping-taxable","16":"purchasable","17":"product-type-simple"},"_links":{"self":[{"href":"https:\/\/roveyayinevi.com.tr\/index.php\/wp-json\/wp\/v2\/product\/774320","targetHints":{"allow":["GET"]}}],"collection":[{"href":"https:\/\/roveyayinevi.com.tr\/index.php\/wp-json\/wp\/v2\/product"}],"about":[{"href":"https:\/\/roveyayinevi.com.tr\/index.php\/wp-json\/wp\/v2\/types\/product"}],"wp:attachment":[{"href":"https:\/\/roveyayinevi.com.tr\/index.php\/wp-json\/wp\/v2\/media?parent=774320"}],"wp:term":[{"taxonomy":"product_brand","embeddable":true,"href":"https:\/\/roveyayinevi.com.tr\/index.php\/wp-json\/wp\/v2\/product_brand?post=774320"},{"taxonomy":"product_cat","embeddable":true,"href":"https:\/\/roveyayinevi.com.tr\/index.php\/wp-json\/wp\/v2\/product_cat?post=774320"},{"taxonomy":"product_tag","embeddable":true,"href":"https:\/\/roveyayinevi.com.tr\/index.php\/wp-json\/wp\/v2\/product_tag?post=774320"}],"curies":[{"name":"wp","href":"https:\/\/api.w.org\/{rel}","templated":true}]}}