{"id":774318,"date":"2025-08-28T16:47:15","date_gmt":"2025-08-28T13:47:15","guid":{"rendered":"https:\/\/roveyayinevi.com.tr\/index.php\/urun\/andreaya-mektuplar\/"},"modified":"2025-08-28T16:47:15","modified_gmt":"2025-08-28T13:47:15","slug":"andreaya-mektuplar","status":"publish","type":"product","link":"https:\/\/roveyayinevi.com.tr\/index.php\/urun\/andreaya-mektuplar\/","title":{"rendered":"Andrea\u2019ya Mektuplar"},"content":{"rendered":"<p>P. T. Barva bu ilk kitab\u0131nda g\u00f6rmenin b\u00fcy\u00fck bir eylem oldu\u011funu an\u0131msat\u0131yor bize. \u00d6yk\u00fclerinde hakikati bak\u0131\u015fla s\u0131n\u0131yor. \u00c7a\u011f\u0131m\u0131z\u0131n b\u00fcy\u00fck k\u00f6t\u00fcl\u00fcklerinin k\u00fc\u00e7\u00fck insan\u0131 nas\u0131l etkiledi\u011fini, insan\u0131n hayatta kalabilme dirayetindeki g\u00fcc\u00fc g\u00f6zler \u00f6n\u00fcne seriyor. Bak\u0131\u015f\u0131 \u00e7e\u015fitlendirerek, anlat\u0131m\u0131 \u00e7o\u011fulla\u015ft\u0131rarak yap\u0131yor bunu. K\u00f6rle\u015fmeyi, ahrazla\u015fmay\u0131, her ikisine cesaretle kar\u015f\u0131 \u00e7\u0131kanlar\u0131 anlat\u0131yor. P.T. Barva her \u015feyi d\u0131\u015far\u0131da b\u0131rakan yabanc\u0131la\u015fm\u0131\u015f g\u00f6zle, her \u015feyi i\u00e7ine alan derin kavray\u0131\u015f\u0131 bir arada ustal\u0131kla de\u011ferlendiriyor. Olgun mizah\u0131ndan do\u011fan ironisi hik\u00e2yelerin can damar\u0131ndakini, anlat\u0131lamaz olan\u0131 a\u00e7\u0131kl\u0131yor. Uzun \u00f6yk\u00fclerinin d\u00f6neme\u00e7lerinde en k\u0131sa \u015fiir haikular\u0131n atmosferini kitaba pel\u00fcr k\u00e2\u011f\u0131d\u0131 gibi yerle\u015ftirilmi\u015f haikular\u0131nda uzun hik\u00e2yelerin do\u011fas\u0131n\u0131 ya\u015fat\u0131yor. P.T. Barva edebiyat\u0131 zaman \u00f6tesi bir yerden, insan\u0131n akl\u0131yla y\u00fcre\u011finin g\u00f6lgelik alanlar\u0131ndaki durak yerlerinden kuruyor. &#8211;  Fadime Uslu<\/p>\n","protected":false},"excerpt":{"rendered":"<p>P. T. Barva bu ilk kitab\u0131nda g\u00f6rmenin b\u00fcy\u00fck bir eylem oldu\u011funu an\u0131msat\u0131yor bize. \u00d6yk\u00fclerinde hakikati bak\u0131\u015fla s\u0131n\u0131yor. \u00c7a\u011f\u0131m\u0131z\u0131n b\u00fcy\u00fck k\u00f6t\u00fcl\u00fcklerinin k\u00fc\u00e7\u00fck insan\u0131 nas\u0131l etkiledi\u011fini, insan\u0131n hayatta<span class=\"excerpt-hellip\"> [\u2026]<\/span><\/p>\n","protected":false},"featured_media":0,"template":"","meta":{"_monsterinsights_skip_tracking":false,"_monsterinsights_sitenote_active":false,"_monsterinsights_sitenote_note":"","_monsterinsights_sitenote_category":0},"product_brand":[],"product_cat":[12291,18202],"product_tag":[],"class_list":{"0":"post-774318","1":"product","2":"type-product","3":"status-publish","5":"product_cat-edebiyat","6":"product_cat-hikaye","7":"pa_cilt-ciltsiz","8":"pa_tur-kitap","9":"pa_yayinevi-sozcukler-yayinlari","10":"pa_yazar-p-t-barva","12":"first","13":"instock","14":"sale","15":"shipping-taxable","16":"purchasable","17":"product-type-simple"},"_links":{"self":[{"href":"https:\/\/roveyayinevi.com.tr\/index.php\/wp-json\/wp\/v2\/product\/774318","targetHints":{"allow":["GET"]}}],"collection":[{"href":"https:\/\/roveyayinevi.com.tr\/index.php\/wp-json\/wp\/v2\/product"}],"about":[{"href":"https:\/\/roveyayinevi.com.tr\/index.php\/wp-json\/wp\/v2\/types\/product"}],"wp:attachment":[{"href":"https:\/\/roveyayinevi.com.tr\/index.php\/wp-json\/wp\/v2\/media?parent=774318"}],"wp:term":[{"taxonomy":"product_brand","embeddable":true,"href":"https:\/\/roveyayinevi.com.tr\/index.php\/wp-json\/wp\/v2\/product_brand?post=774318"},{"taxonomy":"product_cat","embeddable":true,"href":"https:\/\/roveyayinevi.com.tr\/index.php\/wp-json\/wp\/v2\/product_cat?post=774318"},{"taxonomy":"product_tag","embeddable":true,"href":"https:\/\/roveyayinevi.com.tr\/index.php\/wp-json\/wp\/v2\/product_tag?post=774318"}],"curies":[{"name":"wp","href":"https:\/\/api.w.org\/{rel}","templated":true}]}}