{"id":774316,"date":"2025-08-28T16:47:12","date_gmt":"2025-08-28T13:47:12","guid":{"rendered":"https:\/\/roveyayinevi.com.tr\/index.php\/urun\/annem-ve-ben-ciltli\/"},"modified":"2026-04-15T03:41:44","modified_gmt":"2026-04-15T00:41:44","slug":"annem-ve-ben-ciltli","status":"publish","type":"product","link":"https:\/\/roveyayinevi.com.tr\/index.php\/urun\/annem-ve-ben-ciltli\/","title":{"rendered":"Annem ve Ben (Ciltli)"},"content":{"rendered":"<p>Yavru koala annesiyle bazen tiyatroya gidiyor, bazen mutfa\u011fa giriyor, bazen oyunlar oynuyor\u2026   Delikli kitaplar serimizin yeni kitaplar\u0131ndan Annem ve Ben, yavru koala ile annesinin maceralar\u0131n\u0131 sevgi dolu bir dille anlat\u0131yor. <\/p>\n","protected":false},"excerpt":{"rendered":"<p>Yavru koala annesiyle bazen tiyatroya gidiyor, bazen mutfa\u011fa giriyor, bazen oyunlar oynuyor\u2026 Delikli kitaplar serimizin yeni kitaplar\u0131ndan Annem ve Ben, yavru koala ile annesinin maceralar\u0131n\u0131 sevgi<span class=\"excerpt-hellip\"> [\u2026]<\/span><\/p>\n","protected":false},"featured_media":0,"template":"","meta":{"_monsterinsights_skip_tracking":false,"_monsterinsights_sitenote_active":false,"_monsterinsights_sitenote_note":"","_monsterinsights_sitenote_category":0},"product_brand":[],"product_cat":[141304],"product_tag":[],"class_list":{"0":"post-774316","1":"product","2":"type-product","3":"status-publish","5":"product_cat-yeni-cikanlar","6":"pa_cilt-ciltli","7":"pa_tur-kitap","8":"pa_yayinevi-potikare-yayincilik","9":"pa_yazar-giovanna-mantegazza","11":"first","12":"instock","13":"sale","14":"shipping-taxable","15":"purchasable","16":"product-type-simple"},"_links":{"self":[{"href":"https:\/\/roveyayinevi.com.tr\/index.php\/wp-json\/wp\/v2\/product\/774316","targetHints":{"allow":["GET"]}}],"collection":[{"href":"https:\/\/roveyayinevi.com.tr\/index.php\/wp-json\/wp\/v2\/product"}],"about":[{"href":"https:\/\/roveyayinevi.com.tr\/index.php\/wp-json\/wp\/v2\/types\/product"}],"wp:attachment":[{"href":"https:\/\/roveyayinevi.com.tr\/index.php\/wp-json\/wp\/v2\/media?parent=774316"}],"wp:term":[{"taxonomy":"product_brand","embeddable":true,"href":"https:\/\/roveyayinevi.com.tr\/index.php\/wp-json\/wp\/v2\/product_brand?post=774316"},{"taxonomy":"product_cat","embeddable":true,"href":"https:\/\/roveyayinevi.com.tr\/index.php\/wp-json\/wp\/v2\/product_cat?post=774316"},{"taxonomy":"product_tag","embeddable":true,"href":"https:\/\/roveyayinevi.com.tr\/index.php\/wp-json\/wp\/v2\/product_tag?post=774316"}],"curies":[{"name":"wp","href":"https:\/\/api.w.org\/{rel}","templated":true}]}}