{"id":774312,"date":"2025-08-28T16:47:06","date_gmt":"2025-08-28T13:47:06","guid":{"rendered":"https:\/\/roveyayinevi.com.tr\/index.php\/urun\/su-aygirlari-national-geographic-kids\/"},"modified":"2026-04-15T03:41:43","modified_gmt":"2026-04-15T00:41:43","slug":"su-aygirlari-national-geographic-kids","status":"publish","type":"product","link":"https:\/\/roveyayinevi.com.tr\/index.php\/urun\/su-aygirlari-national-geographic-kids\/","title":{"rendered":"Su Ayg\u0131rlar\u0131 &#8211; National Geographic Kids"},"content":{"rendered":"<p>Sevimli su ayg\u0131rlar\u0131 hayranlar\u0131 ve hayvanlar\u0131 seven t\u00fcm \u00e7ocuklar, vah\u015fi do\u011fadaki su ayg\u0131rlar\u0131n\u0131n inan\u0131lmaz ya\u015famlar\u0131n\u0131 okumaktan b\u00fcy\u00fck heyecan duyacak! Nehrin i\u00e7inden, yuvarlak minicik kulaklar\u0131 ve kocaman burnuyla g\u00f6r\u00fcnen bu hayvan da ne? Tabii ki bir su ayg\u0131r\u0131! Bu National Geographic Kids Seviye 1 kitab\u0131nda, yeni okumaya ba\u015flayan \u00e7ocuklar bu dev, gizemli memeliler hakk\u0131nda \u00e7ok \u015fey \u00f6\u011frenecek. Devasa di\u015flerinden tatl\u0131 yavrular\u0131na, y\u00fczme yeteneklerinden ciltlerindeki pembe j\u00f6leye kadar su ayg\u0131rlar\u0131yla ilgili birbirinden ilgin\u00e7 bilgiler bu kitapta yer al\u0131yor. Gen\u00e7 hayvanseverler hem yeni bilgiler edinecek hem de okuma-anlama ve kelime da\u011farc\u0131klar\u0131n\u0131 geli\u015ftirecekler. National Geographic Okuma Serisi, uzman e\u011fitimciler taraf\u0131ndan \u00f6zenle haz\u0131rlanm\u0131\u015f s\u00fcr\u00fckleyici metinler ve muhte\u015fem National Geographic foto\u011fraflar\u0131yla sunulur. Seviye 1 kitaplar, okumaya yeni ba\u015flayanlar i\u00e7in yaz\u0131lm\u0131\u015ft\u0131r ve kitab\u0131n i\u00e7eri\u011fini peki\u015ftirmek amac\u0131yla e\u011flenceli bir etkinlik de i\u00e7erir. <\/p>\n","protected":false},"excerpt":{"rendered":"<p>Sevimli su ayg\u0131rlar\u0131 hayranlar\u0131 ve hayvanlar\u0131 seven t\u00fcm \u00e7ocuklar, vah\u015fi do\u011fadaki su ayg\u0131rlar\u0131n\u0131n inan\u0131lmaz ya\u015famlar\u0131n\u0131 okumaktan b\u00fcy\u00fck heyecan duyacak! Nehrin i\u00e7inden, yuvarlak minicik kulaklar\u0131 ve kocaman<span class=\"excerpt-hellip\"> [\u2026]<\/span><\/p>\n","protected":false},"featured_media":0,"template":"","meta":{"_monsterinsights_skip_tracking":false,"_monsterinsights_sitenote_active":false,"_monsterinsights_sitenote_note":"","_monsterinsights_sitenote_category":0},"product_brand":[],"product_cat":[13829,12274],"product_tag":[],"class_list":{"0":"post-774312","1":"product","2":"type-product","3":"status-publish","5":"product_cat-bilimsel-kitaplar","6":"product_cat-cocuk-ve-genclik-kitaplari","7":"pa_cilt-ciltsiz","8":"pa_tur-kitap","9":"pa_yayinevi-beta-kids","10":"pa_yazar-maya-myers","12":"first","13":"instock","14":"sale","15":"shipping-taxable","16":"purchasable","17":"product-type-simple"},"_links":{"self":[{"href":"https:\/\/roveyayinevi.com.tr\/index.php\/wp-json\/wp\/v2\/product\/774312","targetHints":{"allow":["GET"]}}],"collection":[{"href":"https:\/\/roveyayinevi.com.tr\/index.php\/wp-json\/wp\/v2\/product"}],"about":[{"href":"https:\/\/roveyayinevi.com.tr\/index.php\/wp-json\/wp\/v2\/types\/product"}],"wp:attachment":[{"href":"https:\/\/roveyayinevi.com.tr\/index.php\/wp-json\/wp\/v2\/media?parent=774312"}],"wp:term":[{"taxonomy":"product_brand","embeddable":true,"href":"https:\/\/roveyayinevi.com.tr\/index.php\/wp-json\/wp\/v2\/product_brand?post=774312"},{"taxonomy":"product_cat","embeddable":true,"href":"https:\/\/roveyayinevi.com.tr\/index.php\/wp-json\/wp\/v2\/product_cat?post=774312"},{"taxonomy":"product_tag","embeddable":true,"href":"https:\/\/roveyayinevi.com.tr\/index.php\/wp-json\/wp\/v2\/product_tag?post=774312"}],"curies":[{"name":"wp","href":"https:\/\/api.w.org\/{rel}","templated":true}]}}