{"id":774305,"date":"2025-08-28T16:46:57","date_gmt":"2025-08-28T13:46:57","guid":{"rendered":"https:\/\/roveyayinevi.com.tr\/index.php\/urun\/bugunun-efsaneleri-ucleme-ciltli\/"},"modified":"2026-04-15T03:41:42","modified_gmt":"2026-04-15T00:41:42","slug":"bugunun-efsaneleri-ucleme-ciltli","status":"publish","type":"product","link":"https:\/\/roveyayinevi.com.tr\/index.php\/urun\/bugunun-efsaneleri-ucleme-ciltli\/","title":{"rendered":"Bug\u00fcn\u00fcn  Efsaneleri &#8211; \u00dc\u00e7leme (Ciltli)"},"content":{"rendered":"<p>Bu ciltte bir araya getirilen ve ba\u015fta Bug\u00fcn\u00fcn Efsaneleri ad\u0131yla yay\u0131nlanan \u00fc\u00e7 alb\u00fcm, 1970\u2019li y\u0131llar\u0131n bir panoramas\u0131n\u0131 kendine has bir bak\u0131\u015f a\u00e7\u0131s\u0131yla \u00f6n\u00fcm\u00fcze serer. O d\u00f6nemde hakim zihniyet antimilitarist, polis kar\u015f\u0131t\u0131, para kar\u015f\u0131t\u0131 ve patron kar\u015f\u0131t\u0131 idi. Ayn\u0131 zamanda \u00fctopyaya da inan\u0131l\u0131yordu, ancak ne mutlu ki kara mizah bu \u00fc\u00e7lemeyi o d\u00f6nemin baz\u0131 ideolojik yan\u0131lsamalar\u0131ndan korumu\u015ftur. Bu \u00fc\u00e7leme bir yandan da her zaman yenilik\u00e7i bir yakla\u015f\u0131mla tarihsel ba\u011flam\u0131n \u00f6tesine ge\u00e7en hayal g\u00fcc\u00fcne de bir \u00e7a\u011fr\u0131d\u0131r. Bilal ve Christin\u2019in as\u0131l amac\u0131, gotik t\u00fcr\u00fcn al\u0131\u015f\u0131lm\u0131\u015f kal\u0131plar\u0131n\u0131 terk ederek, \u00e7a\u011fda\u015f d\u00fcnyan\u0131n umut ve korkular\u0131ndan beslenen modern fantastik t\u00fcr\u00fcne y\u00f6nelmektir. Trajedi ve ironiyi harmanlayan bu hareketli ve tehlikeli kurgular, neredeyse tarihe kar\u0131\u015fm\u0131\u015f bir Fransa\u2019n\u0131n tablosunu \u00e7izmelerine ra\u011fmen, g\u00fcncel bir eser olarak tekrar okunabilir. <\/p>\n","protected":false},"excerpt":{"rendered":"<p>Bu ciltte bir araya getirilen ve ba\u015fta Bug\u00fcn\u00fcn Efsaneleri ad\u0131yla yay\u0131nlanan \u00fc\u00e7 alb\u00fcm, 1970\u2019li y\u0131llar\u0131n bir panoramas\u0131n\u0131 kendine has bir bak\u0131\u015f a\u00e7\u0131s\u0131yla \u00f6n\u00fcm\u00fcze serer. O d\u00f6nemde<span class=\"excerpt-hellip\"> [\u2026]<\/span><\/p>\n","protected":false},"featured_media":0,"template":"","meta":{"_monsterinsights_skip_tracking":false,"_monsterinsights_sitenote_active":false,"_monsterinsights_sitenote_note":"","_monsterinsights_sitenote_category":0},"product_brand":[],"product_cat":[12416,12291],"product_tag":[],"class_list":{"0":"post-774305","1":"product","2":"type-product","3":"status-publish","5":"product_cat-cizgi-roman","6":"product_cat-edebiyat","7":"pa_cilt-ciltli","8":"pa_tur-kitap","9":"pa_yayinevi-alfa-yayinlari","10":"pa_yazar-enki-bilal-pierre-christin","12":"first","13":"instock","14":"sale","15":"shipping-taxable","16":"purchasable","17":"product-type-simple"},"_links":{"self":[{"href":"https:\/\/roveyayinevi.com.tr\/index.php\/wp-json\/wp\/v2\/product\/774305","targetHints":{"allow":["GET"]}}],"collection":[{"href":"https:\/\/roveyayinevi.com.tr\/index.php\/wp-json\/wp\/v2\/product"}],"about":[{"href":"https:\/\/roveyayinevi.com.tr\/index.php\/wp-json\/wp\/v2\/types\/product"}],"wp:attachment":[{"href":"https:\/\/roveyayinevi.com.tr\/index.php\/wp-json\/wp\/v2\/media?parent=774305"}],"wp:term":[{"taxonomy":"product_brand","embeddable":true,"href":"https:\/\/roveyayinevi.com.tr\/index.php\/wp-json\/wp\/v2\/product_brand?post=774305"},{"taxonomy":"product_cat","embeddable":true,"href":"https:\/\/roveyayinevi.com.tr\/index.php\/wp-json\/wp\/v2\/product_cat?post=774305"},{"taxonomy":"product_tag","embeddable":true,"href":"https:\/\/roveyayinevi.com.tr\/index.php\/wp-json\/wp\/v2\/product_tag?post=774305"}],"curies":[{"name":"wp","href":"https:\/\/api.w.org\/{rel}","templated":true}]}}