{"id":774304,"date":"2025-08-28T16:46:55","date_gmt":"2025-08-28T13:46:55","guid":{"rendered":"https:\/\/roveyayinevi.com.tr\/index.php\/urun\/doganin-izinden-gitmek\/"},"modified":"2026-04-15T03:41:42","modified_gmt":"2026-04-15T00:41:42","slug":"doganin-izinden-gitmek","status":"publish","type":"product","link":"https:\/\/roveyayinevi.com.tr\/index.php\/urun\/doganin-izinden-gitmek\/","title":{"rendered":"Do\u011fan\u0131n \u0130zinden Gitmek"},"content":{"rendered":"<p>\u0130nsan, do\u011fan\u0131n bir par\u00e7as\u0131 m\u0131 yoksa ona h\u00fckmeden bir varl\u0131k m\u0131?   Mark D. Usher, antik d\u00fc\u015f\u00fcnceyle \u00e7a\u011fda\u015f ekoloji aras\u0131nda kurdu\u011fu k\u00f6pr\u00fcyle bu soruyu sars\u0131c\u0131 bi\u00e7imde yeniden soruyor. Do\u011fan\u0131n \u0130zinden Gitmek, insan-do\u011fa ili\u015fkisini yaln\u0131zca bilimsel de\u011fil, felsefi, ahlaki ve \u015fiirsel bir perspektiften ele al\u0131yor. Homeros\u2019tan Lucretius\u2019a, Aristoteles\u2019ten Thoreau\u2019ya uzanan geni\u015f bir d\u00fc\u015f\u00fcnsel arka planla yaz\u0131lm\u0131\u015f bu kitap, do\u011fayla uyum i\u00e7inde ya\u015faman\u0131n unutulmu\u015f yollar\u0131n\u0131 g\u00fcn y\u00fcz\u00fcne \u00e7\u0131kar\u0131yor. Usher, modern ya\u015fam\u0131n krizlerine kar\u015f\u0131, do\u011fan\u0131n kendisini rehber almam\u0131z\u0131 ve do\u011fay\u0131 g\u00f6zlemlemeyi, ona uyum sa\u011flamay\u0131, s\u0131n\u0131rlar\u0131m\u0131z\u0131 bilmeyi \u00f6neriyor.   Do\u011fan\u0131n \u0130zinden Gitmek, hem bir uyan\u0131\u015f \u00e7a\u011fr\u0131s\u0131 hem de bir yeniden hat\u0131rlama metni. Do\u011fay\u0131 s\u00f6m\u00fcr\u00fclecek bir kaynak olarak de\u011fil, birlikte ya\u015fanacak bir ortak olarak g\u00f6rmeye davet ediyor. \u0130nsan merkezli d\u00fc\u015f\u00fcn\u00fc\u015f\u00fcn s\u0131n\u0131rlar\u0131n\u0131 zorlayarak, bize ger\u00e7ek anlamda insan olman\u0131n, do\u011fayla birlikte d\u00fc\u015f\u00fcnmeyi \u00f6\u011frenmekle m\u00fcmk\u00fcn oldu\u011funu hat\u0131rlat\u0131yor.   Do\u011fan\u0131n bilgeli\u011fine kulak vermek, yaln\u0131zca ekolojik bir zorunluluk de\u011fil, ayn\u0131 zamanda modern insan\u0131n kaybetti\u011fi yolunu bulma f\u0131rsat\u0131d\u0131r: Kendimizi anlaman\u0131n yolu, do\u011fay\u0131 yeniden anlamaktan ge\u00e7er.<\/p>\n","protected":false},"excerpt":{"rendered":"<p>\u0130nsan, do\u011fan\u0131n bir par\u00e7as\u0131 m\u0131 yoksa ona h\u00fckmeden bir varl\u0131k m\u0131? Mark D. Usher, antik d\u00fc\u015f\u00fcnceyle \u00e7a\u011fda\u015f ekoloji aras\u0131nda kurdu\u011fu k\u00f6pr\u00fcyle bu soruyu sars\u0131c\u0131 bi\u00e7imde yeniden<span class=\"excerpt-hellip\"> [\u2026]<\/span><\/p>\n","protected":false},"featured_media":0,"template":"","meta":{"_monsterinsights_skip_tracking":false,"_monsterinsights_sitenote_active":false,"_monsterinsights_sitenote_note":"","_monsterinsights_sitenote_category":0},"product_brand":[],"product_cat":[20351,12388],"product_tag":[],"class_list":{"0":"post-774304","1":"product","2":"type-product","3":"status-publish","5":"product_cat-dusunce","6":"product_cat-felsefe","7":"pa_cilt-ciltsiz","8":"pa_tur-kitap","9":"pa_yayinevi-pinhan-yayincilik","10":"pa_yazar-mark-d-usher","12":"first","13":"instock","14":"sale","15":"shipping-taxable","16":"purchasable","17":"product-type-simple"},"_links":{"self":[{"href":"https:\/\/roveyayinevi.com.tr\/index.php\/wp-json\/wp\/v2\/product\/774304","targetHints":{"allow":["GET"]}}],"collection":[{"href":"https:\/\/roveyayinevi.com.tr\/index.php\/wp-json\/wp\/v2\/product"}],"about":[{"href":"https:\/\/roveyayinevi.com.tr\/index.php\/wp-json\/wp\/v2\/types\/product"}],"wp:attachment":[{"href":"https:\/\/roveyayinevi.com.tr\/index.php\/wp-json\/wp\/v2\/media?parent=774304"}],"wp:term":[{"taxonomy":"product_brand","embeddable":true,"href":"https:\/\/roveyayinevi.com.tr\/index.php\/wp-json\/wp\/v2\/product_brand?post=774304"},{"taxonomy":"product_cat","embeddable":true,"href":"https:\/\/roveyayinevi.com.tr\/index.php\/wp-json\/wp\/v2\/product_cat?post=774304"},{"taxonomy":"product_tag","embeddable":true,"href":"https:\/\/roveyayinevi.com.tr\/index.php\/wp-json\/wp\/v2\/product_tag?post=774304"}],"curies":[{"name":"wp","href":"https:\/\/api.w.org\/{rel}","templated":true}]}}