{"id":774299,"date":"2025-08-28T16:46:47","date_gmt":"2025-08-28T13:46:47","guid":{"rendered":"https:\/\/roveyayinevi.com.tr\/index.php\/urun\/deprem-kusu\/"},"modified":"2025-08-31T21:52:45","modified_gmt":"2025-08-31T18:52:45","slug":"deprem-kusu","status":"publish","type":"product","link":"https:\/\/roveyayinevi.com.tr\/index.php\/urun\/deprem-kusu\/","title":{"rendered":"Deprem Ku\u015fu"},"content":{"rendered":"<p>\u201c\u00d6nemli olan k\u00f6klerindir. Otlarla a\u011fa\u00e7lar\u0131n da k\u00f6kleri vard\u0131r. Ama insanlar\u0131n bacaklar\u0131 vard\u0131r.\u201d   On y\u0131l\u0131 a\u015fk\u0131n s\u00fcredir Japonya\u2019da ya\u015fayan Lucy Fly, teknik metin \u00e7evirmeni olarak istikrarl\u0131, huzurlu bir hayat kurmay\u0131 ba\u015farm\u0131\u015ft\u0131r. Ne var ki bu d\u00fczen hi\u00e7 beklenmedik bir olayla bir anda sars\u0131l\u0131r: Yak\u0131n arkada\u015f\u0131 Lily Bridges\u2019\u0131n kaybolmas\u0131 ve \u00f6l\u00fc olarak bulunmas\u0131yla Lucy, kendini bir polis sorgusunda, ge\u00e7mi\u015fiyle ve ili\u015fkileriyle hesapla\u015f\u0131rken bulur. Lucy bu sorgulaman\u0131n i\u00e7indeyken, tak\u0131nt\u0131l\u0131 bir \u015fekilde foto\u011fraf \u00e7eken Teici ile ya\u015fad\u0131\u011f\u0131, giderek y\u0131prat\u0131c\u0131 hale gelmi\u015f olan ili\u015fkisinin gerilimi de giderek t\u0131rmanmaktad\u0131r. Vaktiyle Lily\u2019nin hayatlar\u0131na girmesiyle de\u011fi\u015fen dengeler, k\u0131skan\u00e7l\u0131klar, bast\u0131r\u0131lm\u0131\u015f an\u0131lar ve kimli\u011fe dair k\u0131r\u0131lmalar, i\u00e7 d\u00fcnyalar\u0131nda giderek derinle\u015fen \u00e7at\u0131\u015fmalar yarat\u0131r.   Susanna Jones, \u00f6d\u00fcll\u00fc roman\u0131 Deprem Ku\u015fu\u2019nda, foto\u011fraflar, sessizlik ve hat\u0131rlama bi\u00e7imleri \u00fczerinden ilerleyen g\u00fc\u00e7l\u00fc bir psikolojik gerilim kurgusunda, aidiyet, haf\u0131za ve yabanc\u0131la\u015fmaya edebi bir bak\u0131\u015f sunuyor. Tokyo Lucy\u2019nin umdu\u011fundan \u00e7ok daha iyiydi. Kaybolacak kadar b\u00fcy\u00fck, bir \u015fey dinlenemeyecek kadar g\u00fcr\u00fclt\u00fcl\u00fc ve para biriktirmeye kafa yorulmayacak kadar da pahal\u0131yd\u0131. Ve bunca karga\u015fan\u0131n i\u00e7inde, yine de sakin ve sessizce atan bir kalp gibiydi.<\/p>\n","protected":false},"excerpt":{"rendered":"<p>\u201c\u00d6nemli olan k\u00f6klerindir. Otlarla a\u011fa\u00e7lar\u0131n da k\u00f6kleri vard\u0131r. Ama insanlar\u0131n bacaklar\u0131 vard\u0131r.\u201d On y\u0131l\u0131 a\u015fk\u0131n s\u00fcredir Japonya\u2019da ya\u015fayan Lucy Fly, teknik metin \u00e7evirmeni olarak istikrarl\u0131, huzurlu<span class=\"excerpt-hellip\"> [\u2026]<\/span><\/p>\n","protected":false},"featured_media":0,"template":"","meta":{"_monsterinsights_skip_tracking":false,"_monsterinsights_sitenote_active":false,"_monsterinsights_sitenote_note":"","_monsterinsights_sitenote_category":0},"product_brand":[],"product_cat":[12291,12711],"product_tag":[],"class_list":{"0":"post-774299","1":"product","2":"type-product","3":"status-publish","5":"product_cat-edebiyat","6":"product_cat-roman-oyku","7":"pa_cilt-ciltsiz","8":"pa_tur-kitap","9":"pa_yayinevi-everest-yayinlari","10":"pa_yazar-susanna-jones","12":"first","13":"instock","14":"sale","15":"shipping-taxable","16":"purchasable","17":"product-type-simple"},"_links":{"self":[{"href":"https:\/\/roveyayinevi.com.tr\/index.php\/wp-json\/wp\/v2\/product\/774299","targetHints":{"allow":["GET"]}}],"collection":[{"href":"https:\/\/roveyayinevi.com.tr\/index.php\/wp-json\/wp\/v2\/product"}],"about":[{"href":"https:\/\/roveyayinevi.com.tr\/index.php\/wp-json\/wp\/v2\/types\/product"}],"wp:attachment":[{"href":"https:\/\/roveyayinevi.com.tr\/index.php\/wp-json\/wp\/v2\/media?parent=774299"}],"wp:term":[{"taxonomy":"product_brand","embeddable":true,"href":"https:\/\/roveyayinevi.com.tr\/index.php\/wp-json\/wp\/v2\/product_brand?post=774299"},{"taxonomy":"product_cat","embeddable":true,"href":"https:\/\/roveyayinevi.com.tr\/index.php\/wp-json\/wp\/v2\/product_cat?post=774299"},{"taxonomy":"product_tag","embeddable":true,"href":"https:\/\/roveyayinevi.com.tr\/index.php\/wp-json\/wp\/v2\/product_tag?post=774299"}],"curies":[{"name":"wp","href":"https:\/\/api.w.org\/{rel}","templated":true}]}}