{"id":774297,"date":"2025-08-28T16:46:43","date_gmt":"2025-08-28T13:46:43","guid":{"rendered":"https:\/\/roveyayinevi.com.tr\/index.php\/urun\/iblisin-melekleri\/"},"modified":"2026-04-15T03:41:42","modified_gmt":"2026-04-15T00:41:42","slug":"iblisin-melekleri","status":"publish","type":"product","link":"https:\/\/roveyayinevi.com.tr\/index.php\/urun\/iblisin-melekleri\/","title":{"rendered":"\u0130blis&#8217;in Melekleri"},"content":{"rendered":"<p>Ge\u00e7mi\u015f bazen karanl\u0131k bir g\u00f6lge gibi pe\u015fini b\u0131rakmaz\u2026 \u0130zleri kal\u0131r, nefesi ensendedir. Bazen seni sen olmaktan \u00e7\u0131kar\u0131r. Ama her karanl\u0131\u011f\u0131n i\u00e7inde bir umut \u0131\u015f\u0131\u011f\u0131 ye\u015ferir. I\u015f\u0131\u011f\u0131n pe\u015finden gidenler \u00f6nce kendilerini sonra da etraf\u0131n\u0131 ayd\u0131nlat\u0131r. \u0130blis\u2019in Melekleri\u2019nde, travmalarla bo\u011fu\u015fan Ilg\u0131n ve iki yol arkada\u015f\u0131, tarikat\u0131n karanl\u0131k dehlizlerine d\u00fc\u015f\u00fcnce hayatta kalma m\u00fccadelesine tutunur ve yara bere i\u00e7inde inad\u0131na aya\u011fa kalk\u0131p cesurca sava\u015f\u0131r. Alev G\u00fcrsoy Cimin, hayatta kalmay\u0131 ba\u015faranlar\u0131n, susarak b\u00fcy\u00fctt\u00fckleri ac\u0131lar\u0131na kar\u015f\u0131 y\u00fckselttikleri bir \u00e7\u0131\u011fl\u0131\u011f\u0131 kaleme al\u0131yor. \u0130simleri farkl\u0131 olsa da hik\u00e2yeleri birbirine benzer cesur kad\u0131nlar\u0131n direni\u015finin \u00f6yk\u00fcs\u00fc bu. Kimi zaman \u00f6l\u00fcm kadar sessiz, kimi zaman da ya\u015fam kadar ger\u00e7ek. Okurken sars\u0131lacak, g\u00f6zya\u015flar\u0131n\u0131za h\u00e2kim olamayacak ve ger\u00e7ek olaylardan esinlenilerek yaz\u0131lan bu hik\u00e2yeyi unutamayacaks\u0131n\u0131z&#8230;  <\/p>\n","protected":false},"excerpt":{"rendered":"<p>Ge\u00e7mi\u015f bazen karanl\u0131k bir g\u00f6lge gibi pe\u015fini b\u0131rakmaz\u2026 \u0130zleri kal\u0131r, nefesi ensendedir. Bazen seni sen olmaktan \u00e7\u0131kar\u0131r. Ama her karanl\u0131\u011f\u0131n i\u00e7inde bir umut \u0131\u015f\u0131\u011f\u0131 ye\u015ferir. I\u015f\u0131\u011f\u0131n<span class=\"excerpt-hellip\"> [\u2026]<\/span><\/p>\n","protected":false},"featured_media":0,"template":"","meta":{"_monsterinsights_skip_tracking":false,"_monsterinsights_sitenote_active":false,"_monsterinsights_sitenote_note":"","_monsterinsights_sitenote_category":0},"product_brand":[],"product_cat":[12291,12711],"product_tag":[],"class_list":{"0":"post-774297","1":"product","2":"type-product","3":"status-publish","5":"product_cat-edebiyat","6":"product_cat-roman-oyku","7":"pa_cilt-ciltsiz","8":"pa_tur-kitap","9":"pa_yayinevi-mona-kitap","10":"pa_yazar-alev-gursoy-cimin","12":"first","13":"instock","14":"sale","15":"shipping-taxable","16":"purchasable","17":"product-type-simple"},"_links":{"self":[{"href":"https:\/\/roveyayinevi.com.tr\/index.php\/wp-json\/wp\/v2\/product\/774297","targetHints":{"allow":["GET"]}}],"collection":[{"href":"https:\/\/roveyayinevi.com.tr\/index.php\/wp-json\/wp\/v2\/product"}],"about":[{"href":"https:\/\/roveyayinevi.com.tr\/index.php\/wp-json\/wp\/v2\/types\/product"}],"wp:attachment":[{"href":"https:\/\/roveyayinevi.com.tr\/index.php\/wp-json\/wp\/v2\/media?parent=774297"}],"wp:term":[{"taxonomy":"product_brand","embeddable":true,"href":"https:\/\/roveyayinevi.com.tr\/index.php\/wp-json\/wp\/v2\/product_brand?post=774297"},{"taxonomy":"product_cat","embeddable":true,"href":"https:\/\/roveyayinevi.com.tr\/index.php\/wp-json\/wp\/v2\/product_cat?post=774297"},{"taxonomy":"product_tag","embeddable":true,"href":"https:\/\/roveyayinevi.com.tr\/index.php\/wp-json\/wp\/v2\/product_tag?post=774297"}],"curies":[{"name":"wp","href":"https:\/\/api.w.org\/{rel}","templated":true}]}}