{"id":774295,"date":"2025-08-28T16:46:39","date_gmt":"2025-08-28T13:46:39","guid":{"rendered":"https:\/\/roveyayinevi.com.tr\/index.php\/urun\/bir-siir-bir-hikaye\/"},"modified":"2026-04-15T03:41:42","modified_gmt":"2026-04-15T00:41:42","slug":"bir-siir-bir-hikaye","status":"publish","type":"product","link":"https:\/\/roveyayinevi.com.tr\/index.php\/urun\/bir-siir-bir-hikaye\/","title":{"rendered":"Bir \u015eiir Bir Hikaye"},"content":{"rendered":"<p>G\u00f6zlerimdeki korku, bir g\u00f6lge sarkar, Karanl\u0131k d\u00fc\u015f\u00fcnceler, d\u00f6rt bir yan\u0131m\u0131 sarar, Ama i\u00e7imde bir ate\u015f var, s\u00f6nmez bu yang\u0131n, Her zorlu\u011fa kar\u015f\u0131 bir direni\u015f, bir sava\u015f var kalbimde.   \u00d6l\u00fcm g\u00fcn\u00fc dedikleri o kara saat, Gelmese de beklerim, her an\u0131mda bir hayal, Anadolu\u2019nun ba\u011fr\u0131nda, her ta\u015f\u0131mda sesin, Bir ya\u015fam \u015fark\u0131s\u0131, bir sevda hik\u00e2yesi.   Ellerimdeki toprak, anam\u0131n s\u0131cak dualar\u0131, Ruhuma can verir, besler umutlar\u0131m\u0131, Belki bir g\u00fcn, bu ferman\u0131 y\u0131kar\u0131m, Hayat, bir yolculuktur, bilirim her an\u0131.<\/p>\n","protected":false},"excerpt":{"rendered":"<p>G\u00f6zlerimdeki korku, bir g\u00f6lge sarkar, Karanl\u0131k d\u00fc\u015f\u00fcnceler, d\u00f6rt bir yan\u0131m\u0131 sarar, Ama i\u00e7imde bir ate\u015f var, s\u00f6nmez bu yang\u0131n, Her zorlu\u011fa kar\u015f\u0131 bir direni\u015f, bir sava\u015f<span class=\"excerpt-hellip\"> [\u2026]<\/span><\/p>\n","protected":false},"featured_media":0,"template":"","meta":{"_monsterinsights_skip_tracking":false,"_monsterinsights_sitenote_active":false,"_monsterinsights_sitenote_note":"","_monsterinsights_sitenote_category":0},"product_brand":[],"product_cat":[12291,12509],"product_tag":[],"class_list":{"0":"post-774295","1":"product","2":"type-product","3":"status-publish","5":"product_cat-edebiyat","6":"product_cat-siir","7":"pa_cilt-ciltsiz","8":"pa_tur-kitap","9":"pa_yayinevi-elpis-yayinlari","10":"pa_yazar-eylul-bingol","12":"first","13":"instock","14":"sale","15":"shipping-taxable","16":"purchasable","17":"product-type-simple"},"_links":{"self":[{"href":"https:\/\/roveyayinevi.com.tr\/index.php\/wp-json\/wp\/v2\/product\/774295","targetHints":{"allow":["GET"]}}],"collection":[{"href":"https:\/\/roveyayinevi.com.tr\/index.php\/wp-json\/wp\/v2\/product"}],"about":[{"href":"https:\/\/roveyayinevi.com.tr\/index.php\/wp-json\/wp\/v2\/types\/product"}],"wp:attachment":[{"href":"https:\/\/roveyayinevi.com.tr\/index.php\/wp-json\/wp\/v2\/media?parent=774295"}],"wp:term":[{"taxonomy":"product_brand","embeddable":true,"href":"https:\/\/roveyayinevi.com.tr\/index.php\/wp-json\/wp\/v2\/product_brand?post=774295"},{"taxonomy":"product_cat","embeddable":true,"href":"https:\/\/roveyayinevi.com.tr\/index.php\/wp-json\/wp\/v2\/product_cat?post=774295"},{"taxonomy":"product_tag","embeddable":true,"href":"https:\/\/roveyayinevi.com.tr\/index.php\/wp-json\/wp\/v2\/product_tag?post=774295"}],"curies":[{"name":"wp","href":"https:\/\/api.w.org\/{rel}","templated":true}]}}