{"id":774288,"date":"2025-08-28T16:46:26","date_gmt":"2025-08-28T13:46:26","guid":{"rendered":"https:\/\/roveyayinevi.com.tr\/index.php\/urun\/golgenin-oyunu\/"},"modified":"2026-04-15T03:41:41","modified_gmt":"2026-04-15T00:41:41","slug":"golgenin-oyunu","status":"publish","type":"product","link":"https:\/\/roveyayinevi.com.tr\/index.php\/urun\/golgenin-oyunu\/","title":{"rendered":"G\u00f6lgenin Oyunu"},"content":{"rendered":"<p>G\u00f6lge sadece karanl\u0131\u011f\u0131 saklamaz. Kimi zaman oyunun ta kendisidir. \u00dc\u00e7\u00fcz k\u0131z karde\u015flerin hayat\u0131, s\u0131radan bir do\u011fum g\u00fcn\u00fcyle de\u011fi\u015fti. Masum g\u00f6r\u00fcnen oyuncaklar&#8230; Bir ta\u00e7, bir yay ve bir k\u0131l\u0131\u00e7. Hepsi birer ba\u015flang\u0131\u00e7t\u0131, karanl\u0131k bir oyunun ilk hamleleri. Y\u0131llar ge\u00e7ti, b\u00fcy\u00fcd\u00fcler ama ge\u00e7mi\u015f onlar\u0131n pe\u015fini b\u0131rakmad\u0131. G\u00f6lgeler yeniden k\u0131p\u0131rdan\u0131yor, eski hesaplar a\u00e7\u0131l\u0131yor. Bu kez oyun daha ac\u0131mas\u0131z. Her hamlede kan var, her k\u00f6\u015fede ihanet. X geri d\u00f6nd\u00fc. Bu defa izlemeye de\u011fil, y\u0131kmaya geldi. G\u00f6lge, vah\u015fi oyunlar\u0131yla kurbanlar\u0131n\u0131n \u00f6l\u00fcm\u00fcne sebep oluyor. Bu oyun, Bella laneti kald\u0131rana, G\u00f6lge\u2019nin kim oldu\u011funu bulana kadar asla sona ermeyecek. Kimin piyon, kimin cellat oldu\u011funu anlamak imk\u00e2ns\u0131z. \u00c7\u00fcnk\u00fc bu oyun, kurbanlar\u0131n\u0131 se\u00e7meden oynan\u0131yor. Hayatta kalmak i\u00e7in g\u00fc\u00e7l\u00fc olmak yetmez. G\u00f6lgede y\u00fcr\u00fcmeyi, oyunu okumay\u0131 ve gerekirse elini kana bulamay\u0131 bilmelisin. Bu da yetmez&#8230; \u0130haneti de g\u00f6ze alabilmelisin. Kendini beklenmedik bir \u015fekilde hik\u00e2yenin i\u00e7inde bulacaks\u0131n. Ama dikkat et: Baz\u0131 kap\u0131lar a\u00e7\u0131ld\u0131\u011f\u0131nda, geri d\u00f6n\u00fc\u015f\u00fc olmaz. <\/p>\n","protected":false},"excerpt":{"rendered":"<p>G\u00f6lge sadece karanl\u0131\u011f\u0131 saklamaz. Kimi zaman oyunun ta kendisidir. \u00dc\u00e7\u00fcz k\u0131z karde\u015flerin hayat\u0131, s\u0131radan bir do\u011fum g\u00fcn\u00fcyle de\u011fi\u015fti. Masum g\u00f6r\u00fcnen oyuncaklar&#8230; Bir ta\u00e7, bir yay ve<span class=\"excerpt-hellip\"> [\u2026]<\/span><\/p>\n","protected":false},"featured_media":0,"template":"","meta":{"_monsterinsights_skip_tracking":false,"_monsterinsights_sitenote_active":false,"_monsterinsights_sitenote_note":"","_monsterinsights_sitenote_category":0},"product_brand":[],"product_cat":[12291,12711],"product_tag":[],"class_list":{"0":"post-774288","1":"product","2":"type-product","3":"status-publish","5":"product_cat-edebiyat","6":"product_cat-roman-oyku","7":"pa_cilt-ciltsiz","8":"pa_tur-kitap","9":"pa_yayinevi-ulysses-yayinlari","10":"pa_yazar-beyza-subas","12":"first","13":"instock","14":"sale","15":"shipping-taxable","16":"purchasable","17":"product-type-simple"},"_links":{"self":[{"href":"https:\/\/roveyayinevi.com.tr\/index.php\/wp-json\/wp\/v2\/product\/774288","targetHints":{"allow":["GET"]}}],"collection":[{"href":"https:\/\/roveyayinevi.com.tr\/index.php\/wp-json\/wp\/v2\/product"}],"about":[{"href":"https:\/\/roveyayinevi.com.tr\/index.php\/wp-json\/wp\/v2\/types\/product"}],"wp:attachment":[{"href":"https:\/\/roveyayinevi.com.tr\/index.php\/wp-json\/wp\/v2\/media?parent=774288"}],"wp:term":[{"taxonomy":"product_brand","embeddable":true,"href":"https:\/\/roveyayinevi.com.tr\/index.php\/wp-json\/wp\/v2\/product_brand?post=774288"},{"taxonomy":"product_cat","embeddable":true,"href":"https:\/\/roveyayinevi.com.tr\/index.php\/wp-json\/wp\/v2\/product_cat?post=774288"},{"taxonomy":"product_tag","embeddable":true,"href":"https:\/\/roveyayinevi.com.tr\/index.php\/wp-json\/wp\/v2\/product_tag?post=774288"}],"curies":[{"name":"wp","href":"https:\/\/api.w.org\/{rel}","templated":true}]}}