{"id":774281,"date":"2025-08-28T16:46:15","date_gmt":"2025-08-28T13:46:15","guid":{"rendered":"https:\/\/roveyayinevi.com.tr\/index.php\/urun\/jhon-duran\/"},"modified":"2026-04-15T03:41:41","modified_gmt":"2026-04-15T00:41:41","slug":"jhon-duran","status":"publish","type":"product","link":"https:\/\/roveyayinevi.com.tr\/index.php\/urun\/jhon-duran\/","title":{"rendered":"Jhon Duran"},"content":{"rendered":"<p>Medell\u00edn\u2019in tozlu sokaklar\u0131ndan, Premier Lig\u2019in parlak \u0131\u015f\u0131klar\u0131na\u2026 Bu, sadece bir futbolcunun de\u011fil, inanc\u0131n, azmin ve hayallerin hik\u00e2yesi. Jhon Dur\u00e1n, futbola tutkuyla ba\u011flanan milyonlarca \u00e7ocuktan sadece biriydi. Ama onu di\u011ferlerinden ay\u0131ran \u015fey, pes etmemesi oldu. Kolombiya\u2019dan Amerika\u2019ya, oradan \u0130ngiltere\u2019ye ve \u015fimdi T\u00fcrkiye\u2019ye uzanan yolculu\u011fu boyunca, her ad\u0131m\u0131nda yeniden do\u011fdu. Samimi, ilham verici ve belgesel tad\u0131nda bir anlat\u0131mla\u2026 Jhon Dur\u00e1n: Saha Kenar\u0131ndan D\u00fcnya Sahnesine Bir futbol hik\u00e2yesinden fazlas\u0131.<\/p>\n","protected":false},"excerpt":{"rendered":"<p>Medell\u00edn\u2019in tozlu sokaklar\u0131ndan, Premier Lig\u2019in parlak \u0131\u015f\u0131klar\u0131na\u2026 Bu, sadece bir futbolcunun de\u011fil, inanc\u0131n, azmin ve hayallerin hik\u00e2yesi. Jhon Dur\u00e1n, futbola tutkuyla ba\u011flanan milyonlarca \u00e7ocuktan sadece biriydi.<span class=\"excerpt-hellip\"> [\u2026]<\/span><\/p>\n","protected":false},"featured_media":0,"template":"","meta":{"_monsterinsights_skip_tracking":false,"_monsterinsights_sitenote_active":false,"_monsterinsights_sitenote_note":"","_monsterinsights_sitenote_category":0},"product_brand":[],"product_cat":[15563,15564],"product_tag":[],"class_list":{"0":"post-774281","1":"product","2":"type-product","3":"status-publish","5":"product_cat-hobi","6":"product_cat-spor","7":"pa_cilt-ciltsiz","8":"pa_tur-kitap","9":"pa_yayinevi-flipper-yayincilik","10":"pa_yazar-kerem-tek","12":"first","13":"instock","14":"sale","15":"shipping-taxable","16":"purchasable","17":"product-type-simple"},"_links":{"self":[{"href":"https:\/\/roveyayinevi.com.tr\/index.php\/wp-json\/wp\/v2\/product\/774281","targetHints":{"allow":["GET"]}}],"collection":[{"href":"https:\/\/roveyayinevi.com.tr\/index.php\/wp-json\/wp\/v2\/product"}],"about":[{"href":"https:\/\/roveyayinevi.com.tr\/index.php\/wp-json\/wp\/v2\/types\/product"}],"wp:attachment":[{"href":"https:\/\/roveyayinevi.com.tr\/index.php\/wp-json\/wp\/v2\/media?parent=774281"}],"wp:term":[{"taxonomy":"product_brand","embeddable":true,"href":"https:\/\/roveyayinevi.com.tr\/index.php\/wp-json\/wp\/v2\/product_brand?post=774281"},{"taxonomy":"product_cat","embeddable":true,"href":"https:\/\/roveyayinevi.com.tr\/index.php\/wp-json\/wp\/v2\/product_cat?post=774281"},{"taxonomy":"product_tag","embeddable":true,"href":"https:\/\/roveyayinevi.com.tr\/index.php\/wp-json\/wp\/v2\/product_tag?post=774281"}],"curies":[{"name":"wp","href":"https:\/\/api.w.org\/{rel}","templated":true}]}}