{"id":774280,"date":"2025-08-28T16:46:13","date_gmt":"2025-08-28T13:46:13","guid":{"rendered":"https:\/\/roveyayinevi.com.tr\/index.php\/urun\/orkun-kokcu\/"},"modified":"2026-04-15T03:41:41","modified_gmt":"2026-04-15T00:41:41","slug":"orkun-kokcu","status":"publish","type":"product","link":"https:\/\/roveyayinevi.com.tr\/index.php\/urun\/orkun-kokcu\/","title":{"rendered":"Orkun K\u00f6k\u00e7\u00fc"},"content":{"rendered":"<p>Rotterdam\u2019da do\u011fdu, Avrupa\u2019n\u0131n g\u00fc\u00e7l\u00fc altyap\u0131lar\u0131nda yeti\u015fti, kaptan oldu, Avrupa\u2019da iz b\u0131rakt\u0131 ve kalbindeki forma i\u00e7in T\u00fcrkiye\u2019ye d\u00f6nd\u00fc\u2026 Orkun K\u00f6k\u00e7\u00fc\u2019n\u00fcn hik\u00e2yesi; sadece bir futbol kariyerinin de\u011fil, sorumlulu\u011fun, aidiyetin ve karakterin yolculu\u011fudur.Bu kitap, gen\u00e7 ya\u015f\u0131nda verdi\u011fi kritik kararlarla fark yaratan, sahadaki zek\u00e2s\u0131 kadar saha d\u0131\u015f\u0131ndaki duru\u015fuyla da sayg\u0131 kazanan bir futbolcunun \u00f6yk\u00fcs\u00fcn\u00fc anlat\u0131yor. A Milli Tak\u0131m formas\u0131na uzanan ser\u00fcveni, Avrupa\u2019da ya\u015fad\u0131\u011f\u0131 k\u0131r\u0131lma anlar\u0131 ve Be\u015fikta\u015f\u2019a transferiyle a\u00e7t\u0131\u011f\u0131 yeni sayfa, her sat\u0131rda ger\u00e7ek ve ilham verici bir anlat\u0131ya d\u00f6n\u00fc\u015f\u00fcyor.<\/p>\n","protected":false},"excerpt":{"rendered":"<p>Rotterdam\u2019da do\u011fdu, Avrupa\u2019n\u0131n g\u00fc\u00e7l\u00fc altyap\u0131lar\u0131nda yeti\u015fti, kaptan oldu, Avrupa\u2019da iz b\u0131rakt\u0131 ve kalbindeki forma i\u00e7in T\u00fcrkiye\u2019ye d\u00f6nd\u00fc\u2026 Orkun K\u00f6k\u00e7\u00fc\u2019n\u00fcn hik\u00e2yesi; sadece bir futbol kariyerinin de\u011fil, sorumlulu\u011fun,<span class=\"excerpt-hellip\"> [\u2026]<\/span><\/p>\n","protected":false},"featured_media":0,"template":"","meta":{"_monsterinsights_skip_tracking":false,"_monsterinsights_sitenote_active":false,"_monsterinsights_sitenote_note":"","_monsterinsights_sitenote_category":0},"product_brand":[],"product_cat":[15563,15564],"product_tag":[],"class_list":{"0":"post-774280","1":"product","2":"type-product","3":"status-publish","5":"product_cat-hobi","6":"product_cat-spor","7":"pa_cilt-ciltsiz","8":"pa_tur-kitap","9":"pa_yayinevi-flipper-yayincilik","10":"pa_yazar-kerem-tek","12":"first","13":"instock","14":"sale","15":"shipping-taxable","16":"purchasable","17":"product-type-simple"},"_links":{"self":[{"href":"https:\/\/roveyayinevi.com.tr\/index.php\/wp-json\/wp\/v2\/product\/774280","targetHints":{"allow":["GET"]}}],"collection":[{"href":"https:\/\/roveyayinevi.com.tr\/index.php\/wp-json\/wp\/v2\/product"}],"about":[{"href":"https:\/\/roveyayinevi.com.tr\/index.php\/wp-json\/wp\/v2\/types\/product"}],"wp:attachment":[{"href":"https:\/\/roveyayinevi.com.tr\/index.php\/wp-json\/wp\/v2\/media?parent=774280"}],"wp:term":[{"taxonomy":"product_brand","embeddable":true,"href":"https:\/\/roveyayinevi.com.tr\/index.php\/wp-json\/wp\/v2\/product_brand?post=774280"},{"taxonomy":"product_cat","embeddable":true,"href":"https:\/\/roveyayinevi.com.tr\/index.php\/wp-json\/wp\/v2\/product_cat?post=774280"},{"taxonomy":"product_tag","embeddable":true,"href":"https:\/\/roveyayinevi.com.tr\/index.php\/wp-json\/wp\/v2\/product_tag?post=774280"}],"curies":[{"name":"wp","href":"https:\/\/api.w.org\/{rel}","templated":true}]}}