{"id":774277,"date":"2025-08-28T16:46:10","date_gmt":"2025-08-28T13:46:10","guid":{"rendered":"https:\/\/roveyayinevi.com.tr\/index.php\/urun\/fitness-ev-egzersizleri-el-kitabi\/"},"modified":"2026-04-15T03:41:41","modified_gmt":"2026-04-15T00:41:41","slug":"fitness-ev-egzersizleri-el-kitabi","status":"publish","type":"product","link":"https:\/\/roveyayinevi.com.tr\/index.php\/urun\/fitness-ev-egzersizleri-el-kitabi\/","title":{"rendered":"Fitness Ev Egzersizleri El Kitab\u0131"},"content":{"rendered":"<p>\u0130\u00e7indekiler :   \u00b7         CHEST (G\u00d6\u011e\u00dcS)           \u00b7         BACK (SIRT)   \u00b7         WA\u0130ST (BEL)   \u00b7         TRAPEZIUS (TRAPEZ)   \u00b7         SHOULDER (OMUZ)   \u00b7         B\u0130CEPS (\u00d6N KOL)   \u00b7         TR\u0130CEPS (ARKA KOL)   \u00b7         S\u0130XPACK (KARIN)   \u00b7         OBL\u0130QUE (YAN KARIN)     \u00b7         GLUTEUS (KAL\u00c7A)   \u00b7         QUADR\u0130CEPS (\u00d6N BACAK)   \u00b7         HAMSTR\u0130NGS (ARKA BACAK)   \u00b7         CALVES (KALF) <\/p>\n","protected":false},"excerpt":{"rendered":"<p>\u0130\u00e7indekiler : \u00b7 CHEST (G\u00d6\u011e\u00dcS) \u00b7 BACK (SIRT) \u00b7 WA\u0130ST (BEL) \u00b7 TRAPEZIUS (TRAPEZ) \u00b7 SHOULDER (OMUZ) \u00b7 B\u0130CEPS (\u00d6N KOL) \u00b7 TR\u0130CEPS (ARKA KOL) \u00b7<span class=\"excerpt-hellip\"> [\u2026]<\/span><\/p>\n","protected":false},"featured_media":0,"template":"","meta":{"_monsterinsights_skip_tracking":false,"_monsterinsights_sitenote_active":false,"_monsterinsights_sitenote_note":"","_monsterinsights_sitenote_category":0},"product_brand":[],"product_cat":[15563,15564],"product_tag":[],"class_list":{"0":"post-774277","1":"product","2":"type-product","3":"status-publish","5":"product_cat-hobi","6":"product_cat-spor","7":"pa_cilt-ciltsiz","8":"pa_tur-kitap","9":"pa_yayinevi-gazi-kitabevi","10":"pa_yazar-cem-oz","12":"first","13":"instock","14":"sale","15":"shipping-taxable","16":"purchasable","17":"product-type-simple"},"_links":{"self":[{"href":"https:\/\/roveyayinevi.com.tr\/index.php\/wp-json\/wp\/v2\/product\/774277","targetHints":{"allow":["GET"]}}],"collection":[{"href":"https:\/\/roveyayinevi.com.tr\/index.php\/wp-json\/wp\/v2\/product"}],"about":[{"href":"https:\/\/roveyayinevi.com.tr\/index.php\/wp-json\/wp\/v2\/types\/product"}],"wp:attachment":[{"href":"https:\/\/roveyayinevi.com.tr\/index.php\/wp-json\/wp\/v2\/media?parent=774277"}],"wp:term":[{"taxonomy":"product_brand","embeddable":true,"href":"https:\/\/roveyayinevi.com.tr\/index.php\/wp-json\/wp\/v2\/product_brand?post=774277"},{"taxonomy":"product_cat","embeddable":true,"href":"https:\/\/roveyayinevi.com.tr\/index.php\/wp-json\/wp\/v2\/product_cat?post=774277"},{"taxonomy":"product_tag","embeddable":true,"href":"https:\/\/roveyayinevi.com.tr\/index.php\/wp-json\/wp\/v2\/product_tag?post=774277"}],"curies":[{"name":"wp","href":"https:\/\/api.w.org\/{rel}","templated":true}]}}