{"id":774275,"date":"2025-08-28T16:46:07","date_gmt":"2025-08-28T13:46:07","guid":{"rendered":"https:\/\/roveyayinevi.com.tr\/index.php\/urun\/viktor-franklin-anlam-arayisi-uzerine\/"},"modified":"2026-04-15T03:41:41","modified_gmt":"2026-04-15T00:41:41","slug":"viktor-franklin-anlam-arayisi-uzerine","status":"publish","type":"product","link":"https:\/\/roveyayinevi.com.tr\/index.php\/urun\/viktor-franklin-anlam-arayisi-uzerine\/","title":{"rendered":"Viktor Frankl\u2019\u0131n Anlam Aray\u0131\u015f\u0131 \u00dczerine"},"content":{"rendered":"<p>Viktor E. Frankl\u2019\u0131n torunu Alexander Vesely\u2019in \u00f6ns\u00f6z\u00fcyle sunulan ve Frankl\u2019\u0131n \u201c\u0130nsan\u0131n ya\u015fam\u0131 her durumda anlaml\u0131 olabilir\u201d s\u00f6z\u00fcyle \u015fekillenen Viktor Frankl\u2019\u0131n Anlam Aray\u0131\u015f\u0131 \u00dczerine, insan ruhunun en temel ihtiyac\u0131na; anlam bulma \u00e7abas\u0131na \u0131\u015f\u0131k tutan ilham verici bir rehber. Pam Roy ve Moira Hummel, Frankl\u2019\u0131n logoterapi kuram\u0131ndan ilham alarak hem bireysel hem toplumsal d\u00fczlemde anlam kayb\u0131n\u0131n nelere yol a\u00e7abilece\u011fini g\u00f6steriyor ve her birimizi ya\u015fad\u0131\u011f\u0131m\u0131z hayata yeniden bakmaya davet ediyor. Yirmi bir d\u00fc\u015f\u00fcnce ba\u015fl\u0131\u011f\u0131ndan olu\u015fan yap\u0131, okurun i\u00e7sel yolculu\u011funa her g\u00fcn bir ad\u0131m daha yakla\u015fmas\u0131n\u0131 sa\u011fl\u0131yor. Ama\u00e7, mutluluk, sorumluluk, ac\u0131 \u00e7ekme, yaln\u0131zl\u0131k, mizah, \u00f6zg\u00fcrl\u00fck gibi evrensel kavramlar; Viktor Frankl\u2019\u0131n kendi hayat\u0131ndan ve d\u00fc\u015f\u00fcnce sisteminden al\u0131nan al\u0131nt\u0131larla harmanlan\u0131yor. Her b\u00f6l\u00fcm, yaln\u0131zca bir teoriyi aktarm\u0131yor, ayn\u0131 zamanda okuru durup d\u00fc\u015f\u00fcnmeye, kendisiyle y\u00fczle\u015fmeye, fark\u0131ndal\u0131kla se\u00e7im yapmaya y\u00f6neltiyor. Hayat\u0131n zorlay\u0131c\u0131 ko\u015fullar\u0131 kar\u015f\u0131s\u0131nda bile \u00f6zg\u00fcrce bir tutum alabilece\u011fimizi; hatta bu tutumun, insan olman\u0131n en derin ifadesi oldu\u011funu hat\u0131rlatan elinizdeki kitap, Frankl\u2019\u0131n miras\u0131n\u0131 yeni ku\u015faklara aktar\u0131yor. Anlam\u0131n sadece bulunacak de\u011fil, ya\u015fanacak bir \u015fey oldu\u011funu g\u00f6stermek isteyen bu \u00e7a\u011fr\u0131da, siz de kendinize sorabilirsiniz: Ben neden ya\u015f\u0131yorum? <\/p>\n","protected":false},"excerpt":{"rendered":"<p>Viktor E. Frankl\u2019\u0131n torunu Alexander Vesely\u2019in \u00f6ns\u00f6z\u00fcyle sunulan ve Frankl\u2019\u0131n \u201c\u0130nsan\u0131n ya\u015fam\u0131 her durumda anlaml\u0131 olabilir\u201d s\u00f6z\u00fcyle \u015fekillenen Viktor Frankl\u2019\u0131n Anlam Aray\u0131\u015f\u0131 \u00dczerine, insan ruhunun en<span class=\"excerpt-hellip\"> [\u2026]<\/span><\/p>\n","protected":false},"featured_media":0,"template":"","meta":{"_monsterinsights_skip_tracking":false,"_monsterinsights_sitenote_active":false,"_monsterinsights_sitenote_note":"","_monsterinsights_sitenote_category":0},"product_brand":[],"product_cat":[12364,12376],"product_tag":[],"class_list":{"0":"post-774275","1":"product","2":"type-product","3":"status-publish","5":"product_cat-genel-konular","6":"product_cat-kisisel-gelisim","7":"pa_cilt-ciltsiz","8":"pa_tur-kitap","9":"pa_yayinevi-ucuncu-goz","10":"pa_yazar-pam-roy-moira-hummel","12":"first","13":"instock","14":"sale","15":"shipping-taxable","16":"purchasable","17":"product-type-simple"},"_links":{"self":[{"href":"https:\/\/roveyayinevi.com.tr\/index.php\/wp-json\/wp\/v2\/product\/774275","targetHints":{"allow":["GET"]}}],"collection":[{"href":"https:\/\/roveyayinevi.com.tr\/index.php\/wp-json\/wp\/v2\/product"}],"about":[{"href":"https:\/\/roveyayinevi.com.tr\/index.php\/wp-json\/wp\/v2\/types\/product"}],"wp:attachment":[{"href":"https:\/\/roveyayinevi.com.tr\/index.php\/wp-json\/wp\/v2\/media?parent=774275"}],"wp:term":[{"taxonomy":"product_brand","embeddable":true,"href":"https:\/\/roveyayinevi.com.tr\/index.php\/wp-json\/wp\/v2\/product_brand?post=774275"},{"taxonomy":"product_cat","embeddable":true,"href":"https:\/\/roveyayinevi.com.tr\/index.php\/wp-json\/wp\/v2\/product_cat?post=774275"},{"taxonomy":"product_tag","embeddable":true,"href":"https:\/\/roveyayinevi.com.tr\/index.php\/wp-json\/wp\/v2\/product_tag?post=774275"}],"curies":[{"name":"wp","href":"https:\/\/api.w.org\/{rel}","templated":true}]}}