{"id":774274,"date":"2025-08-28T16:46:05","date_gmt":"2025-08-28T13:46:05","guid":{"rendered":"https:\/\/roveyayinevi.com.tr\/index.php\/urun\/oyun-bagimliligiyla-basa-cikma-rehberi\/"},"modified":"2026-04-15T03:41:41","modified_gmt":"2026-04-15T00:41:41","slug":"oyun-bagimliligiyla-basa-cikma-rehberi","status":"publish","type":"product","link":"https:\/\/roveyayinevi.com.tr\/index.php\/urun\/oyun-bagimliligiyla-basa-cikma-rehberi\/","title":{"rendered":"Oyun Ba\u011f\u0131ml\u0131l\u0131\u011f\u0131yla Ba\u015fa \u00c7\u0131kma Rehberi"},"content":{"rendered":"<p>\u00c7ocu\u011funuz ekran ba\u015f\u0131nda m\u0131 b\u00fcy\u00fcyor? Art\u0131k m\u00fccadele etmeyin, anlay\u0131n, ileti\u015fim kurun ve birlikte iyile\u015fin. Psikiyatrist Dr. Alok Kanojia, nam\u0131di\u011fer Dr. K, hem bir eski oyun ba\u011f\u0131ml\u0131s\u0131 hem de Harvard mezunu bir ak\u0131l sa\u011fl\u0131\u011f\u0131 uzman\u0131 olarak ekranlara kar\u015f\u0131 y\u00fcr\u00fct\u00fclen aile i\u00e7i sava\u015flarda yeni bir yol haritas\u0131 sunuyor. Oyun Ba\u011f\u0131ml\u0131l\u0131\u011f\u0131yla Ba\u015fa \u00c7\u0131kma Rehberi, video oyunlar\u0131n\u0131n \u00e7ocuklar\u0131n zihninde nas\u0131l i\u015fledi\u011fini bilimsel bir dille ama herkesin anlayabilece\u011fi a\u00e7\u0131kl\u0131kta anlat\u0131rken, ebeveynlere de \u00e7aresiz kalmadan m\u00fcdahale etme g\u00fcc\u00fc veriyor. Dr. Kanojia\u2019n\u0131n kendi hayat\u0131ndan ve binlerce gencin deneyiminden yola \u00e7\u0131kan bu kitap, oyunun yaln\u0131zca bir \u201ce\u011flence\u201d olmad\u0131\u011f\u0131n\u0131; ayn\u0131 zamanda kimlik in\u015fas\u0131, ba\u015far\u0131 hissi ve sosyal ba\u011f ihtiyac\u0131na da hitap etti\u011fini g\u00f6steriyor. Ama ekranla kurulan ba\u011f kontrolden \u00e7\u0131kt\u0131\u011f\u0131nda, \u00e7ocuklar yaln\u0131zca derslerini de\u011fil, duygusal dengeyi de kaybedebiliyor. Bu kitap sayesinde, video oyunlar\u0131n\u0131n n\u00f6ropsikolojik etkilerini anlayacak, \u00e7ocu\u011funuzla \u00e7at\u0131\u015fmadan nas\u0131l konu\u015fabilece\u011finizi \u00f6\u011frenecek, s\u0131n\u0131r koyarken nas\u0131l ittifak kurabilece\u011finizi ke\u015ffedecek, oyun ba\u011f\u0131ml\u0131l\u0131\u011f\u0131na e\u015flik edebilecek dikkat eksikli\u011fi, depresyon gibi durumlarla ba\u015fa \u00e7\u0131kma yollar\u0131n\u0131 bulacaks\u0131n\u0131z. Modern ebeveynli\u011fin en b\u00fcy\u00fck s\u0131navlar\u0131ndan birine kar\u015f\u0131, \u00e7at\u0131\u015fma yerine \u015fefkat, yasak yerine y\u00f6nlendirme, su\u00e7lama yerine anlay\u0131\u015f temelli bir yakla\u015f\u0131m geli\u015ftirin. Oyun d\u00fcnyas\u0131n\u0131 tan\u0131y\u0131n, \u00e7ocu\u011funuzu kaybetmeden birlikte kazanman\u0131n yollar\u0131n\u0131 ke\u015ffedin. <\/p>\n","protected":false},"excerpt":{"rendered":"<p>\u00c7ocu\u011funuz ekran ba\u015f\u0131nda m\u0131 b\u00fcy\u00fcyor? Art\u0131k m\u00fccadele etmeyin, anlay\u0131n, ileti\u015fim kurun ve birlikte iyile\u015fin. Psikiyatrist Dr. Alok Kanojia, nam\u0131di\u011fer Dr. K, hem bir eski oyun ba\u011f\u0131ml\u0131s\u0131<span class=\"excerpt-hellip\"> [\u2026]<\/span><\/p>\n","protected":false},"featured_media":0,"template":"","meta":{"_monsterinsights_skip_tracking":false,"_monsterinsights_sitenote_active":false,"_monsterinsights_sitenote_note":"","_monsterinsights_sitenote_category":0},"product_brand":[],"product_cat":[12364,12376],"product_tag":[],"class_list":{"0":"post-774274","1":"product","2":"type-product","3":"status-publish","5":"product_cat-genel-konular","6":"product_cat-kisisel-gelisim","7":"pa_cilt-ciltsiz","8":"pa_tur-kitap","9":"pa_yayinevi-ucuncu-goz","10":"pa_yazar-dr-alok-kanojia","12":"first","13":"instock","14":"sale","15":"shipping-taxable","16":"purchasable","17":"product-type-simple"},"_links":{"self":[{"href":"https:\/\/roveyayinevi.com.tr\/index.php\/wp-json\/wp\/v2\/product\/774274","targetHints":{"allow":["GET"]}}],"collection":[{"href":"https:\/\/roveyayinevi.com.tr\/index.php\/wp-json\/wp\/v2\/product"}],"about":[{"href":"https:\/\/roveyayinevi.com.tr\/index.php\/wp-json\/wp\/v2\/types\/product"}],"wp:attachment":[{"href":"https:\/\/roveyayinevi.com.tr\/index.php\/wp-json\/wp\/v2\/media?parent=774274"}],"wp:term":[{"taxonomy":"product_brand","embeddable":true,"href":"https:\/\/roveyayinevi.com.tr\/index.php\/wp-json\/wp\/v2\/product_brand?post=774274"},{"taxonomy":"product_cat","embeddable":true,"href":"https:\/\/roveyayinevi.com.tr\/index.php\/wp-json\/wp\/v2\/product_cat?post=774274"},{"taxonomy":"product_tag","embeddable":true,"href":"https:\/\/roveyayinevi.com.tr\/index.php\/wp-json\/wp\/v2\/product_tag?post=774274"}],"curies":[{"name":"wp","href":"https:\/\/api.w.org\/{rel}","templated":true}]}}