{"id":774267,"date":"2025-08-28T16:45:53","date_gmt":"2025-08-28T13:45:53","guid":{"rendered":"https:\/\/roveyayinevi.com.tr\/index.php\/urun\/agaca-tirmanan-balik\/"},"modified":"2026-04-15T03:41:40","modified_gmt":"2026-04-15T00:41:40","slug":"agaca-tirmanan-balik","status":"publish","type":"product","link":"https:\/\/roveyayinevi.com.tr\/index.php\/urun\/agaca-tirmanan-balik\/","title":{"rendered":"A\u011faca T\u0131rmanan Bal\u0131k"},"content":{"rendered":"<p>\u201cBen bal\u0131k Z\u0131pz\u0131p! Mavi benekli, bulutu and\u0131ran yuvarlak desenlerimle kahverengi bir amfibi bal\u0131\u011f\u0131m, hem suda hem karada ya\u015fayabilirim. Hayal kurmaya bay\u0131l\u0131r\u0131m, macerac\u0131y\u0131m, konu\u015fkan\u0131m. Z\u0131plamay\u0131, y\u00fczmeyi, \u00f6\u011frenmeyi ve en \u00e7ok da arkada\u015fl\u0131k etmeyi severim!\u201dA\u011faca T\u0131rmanan Bal\u0131k\u2019ta Z\u0131pz\u0131p\u2019\u0131n, gizemli ahtapot Kaya ile arkada\u015f olma \u00e7abas\u0131na tan\u0131k olacaks\u0131n. Kaya konu\u015fmaz, dans eder gibi y\u00fczer, bazen de hi\u00e7 beklenmedik anda ortadan kaybolur ama unutma, her canl\u0131n\u0131n kendine has bir d\u00fcnyas\u0131 vard\u0131r. Ger\u00e7ek dostluklar da i\u015fte b\u00f6yle merakla, anlay\u0131\u015fla ve biraz da sab\u0131rla kurulur.Z\u0131pz\u0131p\u2019\u0131n ne\u015feli, enerjik ve duygusal maceras\u0131na kat\u0131l. Hem u\u00e7man\u0131n hem y\u00fczmenin hem de kalpten ba\u011f kurman\u0131n ne demek oldu\u011funu birlikte ke\u015ffet!Hayal g\u00fcc\u00fcn\u00fc haz\u0131rla\u2026 Z\u0131pz\u0131p seni bekliyor! <\/p>\n","protected":false},"excerpt":{"rendered":"<p>\u201cBen bal\u0131k Z\u0131pz\u0131p! Mavi benekli, bulutu and\u0131ran yuvarlak desenlerimle kahverengi bir amfibi bal\u0131\u011f\u0131m, hem suda hem karada ya\u015fayabilirim. Hayal kurmaya bay\u0131l\u0131r\u0131m, macerac\u0131y\u0131m, konu\u015fkan\u0131m. Z\u0131plamay\u0131, y\u00fczmeyi, \u00f6\u011frenmeyi<span class=\"excerpt-hellip\"> [\u2026]<\/span><\/p>\n","protected":false},"featured_media":0,"template":"","meta":{"_monsterinsights_skip_tracking":false,"_monsterinsights_sitenote_active":false,"_monsterinsights_sitenote_note":"","_monsterinsights_sitenote_category":0},"product_brand":[],"product_cat":[12274,12284],"product_tag":[],"class_list":{"0":"post-774267","1":"product","2":"type-product","3":"status-publish","5":"product_cat-cocuk-ve-genclik-kitaplari","6":"product_cat-hikayeler","7":"pa_cilt-ciltsiz","8":"pa_tur-kitap","9":"pa_yayinevi-altin-kitaplar-cocuk-kitaplari","10":"pa_yazar-secil-yuce","12":"first","13":"instock","14":"sale","15":"shipping-taxable","16":"purchasable","17":"product-type-simple"},"_links":{"self":[{"href":"https:\/\/roveyayinevi.com.tr\/index.php\/wp-json\/wp\/v2\/product\/774267","targetHints":{"allow":["GET"]}}],"collection":[{"href":"https:\/\/roveyayinevi.com.tr\/index.php\/wp-json\/wp\/v2\/product"}],"about":[{"href":"https:\/\/roveyayinevi.com.tr\/index.php\/wp-json\/wp\/v2\/types\/product"}],"wp:attachment":[{"href":"https:\/\/roveyayinevi.com.tr\/index.php\/wp-json\/wp\/v2\/media?parent=774267"}],"wp:term":[{"taxonomy":"product_brand","embeddable":true,"href":"https:\/\/roveyayinevi.com.tr\/index.php\/wp-json\/wp\/v2\/product_brand?post=774267"},{"taxonomy":"product_cat","embeddable":true,"href":"https:\/\/roveyayinevi.com.tr\/index.php\/wp-json\/wp\/v2\/product_cat?post=774267"},{"taxonomy":"product_tag","embeddable":true,"href":"https:\/\/roveyayinevi.com.tr\/index.php\/wp-json\/wp\/v2\/product_tag?post=774267"}],"curies":[{"name":"wp","href":"https:\/\/api.w.org\/{rel}","templated":true}]}}