{"id":774263,"date":"2025-08-28T16:45:46","date_gmt":"2025-08-28T13:45:46","guid":{"rendered":"https:\/\/roveyayinevi.com.tr\/index.php\/urun\/frederica-dortlusu-2-naturmort\/"},"modified":"2026-04-15T03:41:40","modified_gmt":"2026-04-15T00:41:40","slug":"frederica-dortlusu-2-naturmort","status":"publish","type":"product","link":"https:\/\/roveyayinevi.com.tr\/index.php\/urun\/frederica-dortlusu-2-naturmort\/","title":{"rendered":"Freder\u0131ca D\u00f6rtl\u00fcs\u00fc 2 &#8211; Nat\u00fcrmort"},"content":{"rendered":"<p>Frederica Potter\u2019\u0131n Bah\u00e7edeki Bakire\u2019yle ba\u015flayan hik\u00e2yesi Nat\u00fcrmort ile devam ediyor. Frederica Potter Cambridge\u2019e girerken k\u0131z karde\u015fi Stephanie Potter, Daniel Orton ile evlenmek i\u00e7in gelecek vaat eden akademik kariyerinden vazge\u00e7er, erkek karde\u015fi Marcus ise sinir krizlerinden kurtulmaya ba\u015flam\u0131\u015ft\u0131r.   A. S. Byatt, \u201cFrederica D\u00f6rtl\u00fcs\u00fc\u201dn\u00fcn bu ikinci kitab\u0131nda, \u0130ngiltere\u2019nin k\u0131rsal kesiminde ya\u015fayan bu b\u00fcy\u00fck ailenin ya\u015fam\u0131n\u0131 \u00e7arp\u0131c\u0131 detaylar\u0131yla ele al\u0131yor; evcimenlikle h\u0131rs, ya\u015famla sanat aras\u0131nda yapt\u0131klar\u0131 se\u00e7imlere \u0131\u015f\u0131k tutuyor. Byatt\u2019\u0131n zengin betimlemeleri, \u00e7ok katmanl\u0131 karakterleri ve derinlemesine psikolojik analizleriyle Nat\u00fcrmort, yaln\u0131zca bir sanat tarihi roman\u0131 de\u011fil, ayn\u0131 zamanda insan ruhunun derinliklerine inen, zamana ve sanata dair g\u00fc\u00e7l\u00fc bir ke\u015fif.   \u201cMuhte\u015fem&#8230; Kahkahaya ve g\u00f6zya\u015flar\u0131na ilham veren b\u00fcy\u00fck bir roman.\u201d &#8211; Iris Murdoch<\/p>\n","protected":false},"excerpt":{"rendered":"<p>Frederica Potter\u2019\u0131n Bah\u00e7edeki Bakire\u2019yle ba\u015flayan hik\u00e2yesi Nat\u00fcrmort ile devam ediyor. Frederica Potter Cambridge\u2019e girerken k\u0131z karde\u015fi Stephanie Potter, Daniel Orton ile evlenmek i\u00e7in gelecek vaat eden<span class=\"excerpt-hellip\"> [\u2026]<\/span><\/p>\n","protected":false},"featured_media":0,"template":"","meta":{"_monsterinsights_skip_tracking":false,"_monsterinsights_sitenote_active":false,"_monsterinsights_sitenote_note":"","_monsterinsights_sitenote_category":0},"product_brand":[],"product_cat":[12291,12711],"product_tag":[],"class_list":{"0":"post-774263","1":"product","2":"type-product","3":"status-publish","5":"product_cat-edebiyat","6":"product_cat-roman-oyku","7":"pa_cilt-ciltsiz","8":"pa_tur-kitap","9":"pa_yayinevi-everest-yayinlari","10":"pa_yazar-a-s-byatt","12":"first","13":"instock","14":"sale","15":"shipping-taxable","16":"purchasable","17":"product-type-simple"},"_links":{"self":[{"href":"https:\/\/roveyayinevi.com.tr\/index.php\/wp-json\/wp\/v2\/product\/774263","targetHints":{"allow":["GET"]}}],"collection":[{"href":"https:\/\/roveyayinevi.com.tr\/index.php\/wp-json\/wp\/v2\/product"}],"about":[{"href":"https:\/\/roveyayinevi.com.tr\/index.php\/wp-json\/wp\/v2\/types\/product"}],"wp:attachment":[{"href":"https:\/\/roveyayinevi.com.tr\/index.php\/wp-json\/wp\/v2\/media?parent=774263"}],"wp:term":[{"taxonomy":"product_brand","embeddable":true,"href":"https:\/\/roveyayinevi.com.tr\/index.php\/wp-json\/wp\/v2\/product_brand?post=774263"},{"taxonomy":"product_cat","embeddable":true,"href":"https:\/\/roveyayinevi.com.tr\/index.php\/wp-json\/wp\/v2\/product_cat?post=774263"},{"taxonomy":"product_tag","embeddable":true,"href":"https:\/\/roveyayinevi.com.tr\/index.php\/wp-json\/wp\/v2\/product_tag?post=774263"}],"curies":[{"name":"wp","href":"https:\/\/api.w.org\/{rel}","templated":true}]}}