{"id":774261,"date":"2025-08-28T16:45:42","date_gmt":"2025-08-28T13:45:42","guid":{"rendered":"https:\/\/roveyayinevi.com.tr\/index.php\/urun\/alamut-efsaneleri\/"},"modified":"2026-04-15T03:41:40","modified_gmt":"2026-04-15T00:41:40","slug":"alamut-efsaneleri","status":"publish","type":"product","link":"https:\/\/roveyayinevi.com.tr\/index.php\/urun\/alamut-efsaneleri\/","title":{"rendered":"Alamut Efsaneleri"},"content":{"rendered":"<p>Bat\u0131l\u0131lar y\u00fczy\u0131llard\u0131r Ha\u015fha\u015filerin hikayelerine, gizemli liderlerine ve Kuzey \u0130ran\u2019daki Alamut kalesine hayran kalm\u0131\u015flard\u0131r. Efsaneler ilk olarak Suriye\u2019deki Ha\u00e7l\u0131lar\u0131n 12 ve 13. y\u00fczy\u0131llarda, liderleri olan Da\u011f\u0131n Ya\u015fl\u0131 Adam\u0131 Hasan Sabbah\u2019\u0131n emriyle d\u00fc\u015fmanlar\u0131n\u0131 \u00f6ld\u00fcren \u015eii \u0130slam topluluklar\u0131ndan biri olan Nizari \u0130smaililerle temasa ge\u00e7meleriyle ortaya \u00e7\u0131kt\u0131. Y\u0131llar i\u00e7inde ayr\u0131nt\u0131l\u0131 olarak anlat\u0131lan hik\u00e2yeler, Marco Polo\u2019nun \u201cYa\u015fl\u0131 Adam\u201d\u0131n, esrar kullan\u0131m\u0131 ve gizli bir cennet bah\u00e7esi arac\u0131l\u0131\u011f\u0131yla m\u00fcritlerinin davran\u0131\u015flar\u0131n\u0131 kendilerini feda etmelerine var\u0131ncaya dek kontrol etti\u011fi iddias\u0131yla sonu\u00e7land\u0131. Bu hik\u00e2yeler o kadar etkiliydi ki, ha\u015fha\u015fin kelimesi Avrupa dillerine \u201csuikast\u00e7\u0131\u201d anlam\u0131na gelen assassin olarak girdi. Daftary, orta\u00e7a\u011f M\u00fcsl\u00fcman d\u00fcnyas\u0131nda ve orta\u00e7a\u011f Avrupa\u2019s\u0131n\u0131n bu d\u00fcnyaya ili\u015fkin cehaletinde k\u00f6k salm\u0131\u015f ola\u011fan\u00fcst\u00fc bir propaganda program\u0131n\u0131 \u00e7ok a\u00e7\u0131k olarak ortaya koyuyor. Frans\u0131z oryantalist Silvestre de Sacy\u2019nin 19. y\u00fczy\u0131lda Ha\u015fha\u015filer \u00fczerine yazd\u0131\u011f\u0131 me\u015fhur Memoir\u2019\u0131 da kitab\u0131n sonunda ek olarak verilmi\u015ftir.<\/p>\n","protected":false},"excerpt":{"rendered":"<p>Bat\u0131l\u0131lar y\u00fczy\u0131llard\u0131r Ha\u015fha\u015filerin hikayelerine, gizemli liderlerine ve Kuzey \u0130ran\u2019daki Alamut kalesine hayran kalm\u0131\u015flard\u0131r. Efsaneler ilk olarak Suriye\u2019deki Ha\u00e7l\u0131lar\u0131n 12 ve 13. y\u00fczy\u0131llarda, liderleri olan Da\u011f\u0131n Ya\u015fl\u0131<span class=\"excerpt-hellip\"> [\u2026]<\/span><\/p>\n","protected":false},"featured_media":0,"template":"","meta":{"_monsterinsights_skip_tracking":false,"_monsterinsights_sitenote_active":false,"_monsterinsights_sitenote_note":"","_monsterinsights_sitenote_category":0},"product_brand":[],"product_cat":[141304],"product_tag":[],"class_list":{"0":"post-774261","1":"product","2":"type-product","3":"status-publish","5":"product_cat-yeni-cikanlar","6":"pa_cilt-ciltsiz","7":"pa_tur-kitap","8":"pa_yayinevi-alfa-yayinlari","9":"pa_yazar-farhad-daftary","11":"first","12":"instock","13":"sale","14":"shipping-taxable","15":"purchasable","16":"product-type-simple"},"_links":{"self":[{"href":"https:\/\/roveyayinevi.com.tr\/index.php\/wp-json\/wp\/v2\/product\/774261","targetHints":{"allow":["GET"]}}],"collection":[{"href":"https:\/\/roveyayinevi.com.tr\/index.php\/wp-json\/wp\/v2\/product"}],"about":[{"href":"https:\/\/roveyayinevi.com.tr\/index.php\/wp-json\/wp\/v2\/types\/product"}],"wp:attachment":[{"href":"https:\/\/roveyayinevi.com.tr\/index.php\/wp-json\/wp\/v2\/media?parent=774261"}],"wp:term":[{"taxonomy":"product_brand","embeddable":true,"href":"https:\/\/roveyayinevi.com.tr\/index.php\/wp-json\/wp\/v2\/product_brand?post=774261"},{"taxonomy":"product_cat","embeddable":true,"href":"https:\/\/roveyayinevi.com.tr\/index.php\/wp-json\/wp\/v2\/product_cat?post=774261"},{"taxonomy":"product_tag","embeddable":true,"href":"https:\/\/roveyayinevi.com.tr\/index.php\/wp-json\/wp\/v2\/product_tag?post=774261"}],"curies":[{"name":"wp","href":"https:\/\/api.w.org\/{rel}","templated":true}]}}